{"id":8433,"date":"2026-02-01T20:43:40","date_gmt":"2026-02-01T19:43:40","guid":{"rendered":"https:\/\/livingfance.com\/pl\/product\/grab-pospolity-gotowe-rozkrzewione-sadzonki-nazywoplot100-150cm-szkolkowany\/"},"modified":"2026-03-21T06:44:21","modified_gmt":"2026-03-21T05:44:21","slug":"grab-pospolity-gotowe-rozkrzewione-sadzonki-nazywoplot100-150cm-szkolkowany","status":"publish","type":"product","link":"https:\/\/livingfance.com\/sk\/product\/grab-pospolity-gotowe-rozkrzewione-sadzonki-nazywoplot100-150cm-szkolkowany\/","title":{"rendered":"Hrab oby\u010dajn\u00fd Tr\u00e1va - hrab oby\u010dajn\u00fd Predpripraven\u00e9 kr\u00ed\u010dkovit\u00e9 odrezky na \u017eiv\u00fd plot100-150cm ZRANEN\u00c9"},"content":{"rendered":"<section class=\"section\">\n<div class=\"item item-12\">\n<section class=\"text-item\">\n<div class=\"mpof_ki myre_zn myre_8v_l m389_6m_l\">\n<div class=\"mp4t_16_s mryx_16_s mr3m_1 mli2_1 mh85_56 mh85_0_l\">\n<div class=\"mgn2_16 _0d3bd_am0a-\">\n<p><b>\u017bYWOP\u0141OTY Z PASJ\u0104 &gt;&gt;&gt;&gt;&gt;&gt;&gt;&gt;&gt;&gt;&gt;&gt;<\/b><\/p>\n<h4><b>GRAB SZK\u00d3\u0141KOWANY 100-150cm GOTOWA SADZONKA NA \u017bYWOP\u0141OT<\/b><\/h4>\n<p><b>3 SZTUKI NA METR<\/b><\/p>\n<p>Cena dotyczy 1 sztuki<\/p>\n<p><b>Oferujemy starannie wyselekcjonowane sadzonki graba pospolitego (Carpinus betulus) w klasie PREMIUM \ud83c\udf1f. Ro\u015bliny s\u0105 szk\u00f3\u0142kowane, zdrowe i pi\u0119knie rozkrzewione, dzi\u0119ki czemu pozwalaj\u0105 stworzy\u0107 g\u0119sty, elegancki \u017cywop\u0142ot w kr\u00f3tkim czasie.<\/b><\/p>\n<p><b>G\u0142\u00f3wn\u0105 zalet\u0105 sadzonek szk\u00f3\u0142kowanych jest praktycznie 100% przyjmowalno\u015bci ze wzgl\u0119du na bardzo mocno rozwini\u0119ty system korzeniowy.<\/b><\/p>\n<p>Grube \u0142odygi dobrze rozkrzewione przy\u015bpieszaj\u0105 efekt ko\u0144cowy docelowego \u017cywop\u0142otu.<\/p>\n<p>Stawiaj\u0105c na grab pospolity, wybieraj\u0105 pa\u0144stwo ro\u015blin\u0119, kt\u00f3ra \u0142\u0105czy walory ozdobne i funkcjonalne. Dzi\u0119ki swojej wyj\u0105tkowej tendencji do samo rozkrzewiania oraz doskona\u0142ej tolerancji na ci\u0119cie, grab jest idealnym wyborem na formowane \u017cywop\u0142oty. Znakomicie radzi sobie w zacienionych miejscach. Sadzonki grabu to \u015bwietny wyb\u00f3r dla tych, kt\u00f3rzy ceni\u0105 trwa\u0142o\u015b\u0107, \u0142atwo\u015b\u0107 formowania, sprawdzi si\u0119 idealnie jako element dekoracyjny w ogrodzie. Je\u015bli szukasz ro\u015bliny, wytrzyma\u0142ej i \u0142atwej w uprawie, grab pospolity b\u0119dzie idealnym rozwi\u0105zaniem.<\/p>\n<p><b>Kupuj\u0105c u nas<\/b>\u00a0ro\u015bliny maj\u0105 Pa\u0144stwo pewno\u015b\u0107 \u017ce zostan\u0105 zabezpieczone i spakowane z du\u017c\u0105 dba\u0142o\u015bci\u0105 przed utrat\u0105 wilgoci, aby dotar\u0142y do Pa\u0144stwa<b>w nienaruszonym stanie.<\/b><\/p>\n<p>&nbsp;<\/p>\n<\/div>\n<\/div>\n<\/div>\n<div class=\"mpof_ki myre_zn myre_8v_l m389_6m_l\">\n<div class=\"mp4t_16_s mryx_16_s mr3m_1 mli2_1 mh85_56 mh85_0_l\">\n<div class=\"mg9e_8 mj7a_8 mg9e_0_s mvrt_0_s mj7a_0_s mh36_0_s mzmg_6m munh_16_l m3h2_16_l\">\n<div class=\"mp4t_0 mryx_0 munh_56 m3h2_56\">\n<div class=\"mp7g_oh\"><button class=\"mg9e_0 mvrt_0 mj7a_0 mh36_0 mp4t_0 m3h2_0 mryx_0 munh_0 mqen_m6 mpof_z0 mx7m_0 m7er_k4 mse2_k4 msts_pt\" data-analytics-interaction=\"true\" data-analytics-interaction-label=\"zoomable-image-open\" aria-disabled=\"true\"><img loading=\"lazy\" decoding=\"async\" class=\"msub_k4 mupj_5k mjru_k4 mse2_k4 mp7g_f6 mq1m_0 mj7u_0 m7er_k4 mqen_m6 m31c_d8 m0ux_fp lazyloaded\" src=\"https:\/\/a.allegroimg.com\/original\/11ad09\/0b9271b64cb599750abe0ccdac8e\/Grab-pospolity-Gotowe-Rozkrzewione-Sadzonki-naZywoplot100-150cm-SZKOLKOWANY-Rodzaj-rosliny-Grab\" sizes=\"auto, 100vw\" srcset=\"https:\/\/a.allegroimg.com\/s360\/11ad09\/0b9271b64cb599750abe0ccdac8e\/Grab-pospolity-Gotowe-Rozkrzewione-Sadzonki-naZywoplot100-150cm-SZKOLKOWANY-Rodzaj-rosliny-Grab 360w,https:\/\/a.allegroimg.com\/s720\/11ad09\/0b9271b64cb599750abe0ccdac8e\/Grab-pospolity-Gotowe-Rozkrzewione-Sadzonki-naZywoplot100-150cm-SZKOLKOWANY-Rodzaj-rosliny-Grab 720w,https:\/\/a.allegroimg.com\/s1024\/11ad09\/0b9271b64cb599750abe0ccdac8e\/Grab-pospolity-Gotowe-Rozkrzewione-Sadzonki-naZywoplot100-150cm-SZKOLKOWANY-Rodzaj-rosliny-Grab 1024w,https:\/\/a.allegroimg.com\/s1440\/11ad09\/0b9271b64cb599750abe0ccdac8e\/Grab-pospolity-Gotowe-Rozkrzewione-Sadzonki-naZywoplot100-150cm-SZKOLKOWANY-Rodzaj-rosliny-Grab 1440w,https:\/\/a.allegroimg.com\/original\/11ad09\/0b9271b64cb599750abe0ccdac8e\/Grab-pospolity-Gotowe-Rozkrzewione-Sadzonki-naZywoplot100-150cm-SZKOLKOWANY-Rodzaj-rosliny-Grab 1906w\" alt=\"Grab pospolity Gotowe Rozkrzewione Sadzonki na\u017bywop\u0142ot100-150cm SZK\u00d3\u0141KOWANY Rodzaj ro\u015bliny Grab\" width=\"443\" height=\"443\" data-src=\"https:\/\/a.allegroimg.com\/original\/11ad09\/0b9271b64cb599750abe0ccdac8e\/Grab-pospolity-Gotowe-Rozkrzewione-Sadzonki-naZywoplot100-150cm-SZKOLKOWANY-Rodzaj-rosliny-Grab\" data-srcset=\"https:\/\/a.allegroimg.com\/s360\/11ad09\/0b9271b64cb599750abe0ccdac8e\/Grab-pospolity-Gotowe-Rozkrzewione-Sadzonki-naZywoplot100-150cm-SZKOLKOWANY-Rodzaj-rosliny-Grab 360w,https:\/\/a.allegroimg.com\/s720\/11ad09\/0b9271b64cb599750abe0ccdac8e\/Grab-pospolity-Gotowe-Rozkrzewione-Sadzonki-naZywoplot100-150cm-SZKOLKOWANY-Rodzaj-rosliny-Grab 720w,https:\/\/a.allegroimg.com\/s1024\/11ad09\/0b9271b64cb599750abe0ccdac8e\/Grab-pospolity-Gotowe-Rozkrzewione-Sadzonki-naZywoplot100-150cm-SZKOLKOWANY-Rodzaj-rosliny-Grab 1024w,https:\/\/a.allegroimg.com\/s1440\/11ad09\/0b9271b64cb599750abe0ccdac8e\/Grab-pospolity-Gotowe-Rozkrzewione-Sadzonki-naZywoplot100-150cm-SZKOLKOWANY-Rodzaj-rosliny-Grab 1440w,https:\/\/a.allegroimg.com\/original\/11ad09\/0b9271b64cb599750abe0ccdac8e\/Grab-pospolity-Gotowe-Rozkrzewione-Sadzonki-naZywoplot100-150cm-SZKOLKOWANY-Rodzaj-rosliny-Grab 1906w\" \/><\/button><\/div>\n<\/div>\n<\/div>\n<\/div>\n<\/div>\n<div class=\"mpof_ki myre_zn myre_8v_l m389_6m_l\">\n<div class=\"mp4t_16_s mryx_16_s mr3m_1 mli2_1 mh85_56 mh85_0_l\">\n<div class=\"mgn2_16 _0d3bd_am0a-\">\n<p>&nbsp;<\/p>\n<p>Grab to synonim trwa\u0142o\u015bci i estetyki \ud83c\udf43 Doskonale znosi formowanie, szybko si\u0119 zag\u0119szcza i zachowuje atrakcyjny wygl\u0105d przez ca\u0142y rok. Jesieni\u0105 li\u015bcie przebarwiaj\u0105 si\u0119 na ciep\u0142e odcienie z\u0142ota, a cz\u0119\u015b\u0107 z nich pozostaje na ga\u0142\u0119ziach zim\u0105, zapewniaj\u0105c prywatno\u015b\u0107 nawet poza sezonem \u2744\ufe0f\ud83c\udf3f<\/p>\n<p><b>\u2728 Dlaczego warto wybra\u0107 nasze sadzonki PREMIUM?<\/b><\/p>\n<p>\u2714\ufe0f wysoko\u015b\u0107 100\u2013150 cm<\/p>\n<p>\u2714\ufe0f mocno rozkrzewione \u2013 szybki efekt po posadzeniu<\/p>\n<p>\u2714\ufe0f szk\u00f3\u0142kowane \u2013 lepsze przyj\u0119cie w gruncie<\/p>\n<p>\u2714\ufe0f silny, dobrze rozwini\u0119ty system korzeniowy \ud83c\udf31<\/p>\n<p>\u2714\ufe0f idealne na \u017cywop\u0142oty formowane i naturalne<\/p>\n<p>&nbsp;<\/p>\n<h4><b>\ud83c\udf3f Zalety graba pospolitego:<\/b><\/h4>\n<p>\ud83c\udf43 wyj\u0105tkowa odporno\u015b\u0107 na mr\u00f3z i warunki atmosferyczne<\/p>\n<p>\u2702\ufe0f doskona\u0142a tolerancja ci\u0119cia i formowania<\/p>\n<p>\ud83c\udfe1 tworzy zwart\u0105, g\u0119st\u0105 barier\u0119 chroni\u0105c\u0105 przed ha\u0142asem i wiatrem<\/p>\n<p>\ud83c\udf31 d\u0142ugowieczna i \u0142atwa w piel\u0119gnacji ro\u015blina<\/p>\n<p>Postaw na jako\u015b\u0107 PREMIUM i stw\u00f3rz elegancki, g\u0119sty \u017cywop\u0142ot, kt\u00f3ry b\u0119dzie ozdob\u0105 Twojego ogrodu przez lata \ud83d\udc9a<\/p>\n<p>&nbsp;<\/p>\n<h4><b>Sadzenie na \u017cywop\u0142ot:<\/b><\/h4>\n<p>3 sztuki \/ MB &#8211; Gotowe rozkrzewione sadzonki.<\/p>\n<p>Sadzonki nale\u017cy samemu przycina\u0107 ka\u017cdego roku, aby powsta\u0142 zag\u0119szczony \u017cywop\u0142ot.<\/p>\n<p><b>Ciekawostka:<\/b>\u00a0Drewno graba jest jasne i twarde. Wyrabiamy z niego r\u00f3\u017cne narz\u0119dzia oraz u\u017cywamy do produkcji wysokiej jako\u015bci w\u0119gla drzewnego.<\/p>\n<p>&nbsp;<\/p>\n<\/div>\n<\/div>\n<div class=\"mp4t_16_s mryx_16_s mr3m_1 mli2_1 mh85_56 mh85_0_l\">\n<div class=\"mg9e_8 mj7a_8 mg9e_0_s mvrt_0_s mj7a_0_s mh36_0_s mzmg_6m munh_16_l m3h2_16_l\">\n<div class=\"mp4t_0 mryx_0 munh_56 m3h2_56\">\n<div class=\"mp7g_oh\"><button class=\"mg9e_0 mvrt_0 mj7a_0 mh36_0 mp4t_0 m3h2_0 mryx_0 munh_0 mqen_m6 mpof_z0 mx7m_0 m7er_k4 mse2_k4 msts_pt\" data-analytics-interaction=\"true\" data-analytics-interaction-label=\"zoomable-image-open\" aria-disabled=\"true\"><img loading=\"lazy\" decoding=\"async\" class=\"msub_k4 mupj_5k mjru_k4 mse2_k4 mp7g_f6 mq1m_0 mj7u_0 m7er_k4 mqen_m6 m31c_d8 m0ux_fp lazyloaded\" src=\"https:\/\/a.allegroimg.com\/original\/119b71\/991d73bc441680a777c67a479318\/Grab-pospolity-Gotowe-Rozkrzewione-Sadzonki-naZywoplot100-150cm-SZKOLKOWANY\" sizes=\"auto, (min-width: 1200px) 560px, (min-width: 992px) 50vw, 100vw\" srcset=\"https:\/\/a.allegroimg.com\/s360\/119b71\/991d73bc441680a777c67a479318\/Grab-pospolity-Gotowe-Rozkrzewione-Sadzonki-naZywoplot100-150cm-SZKOLKOWANY 109w,https:\/\/a.allegroimg.com\/s720\/119b71\/991d73bc441680a777c67a479318\/Grab-pospolity-Gotowe-Rozkrzewione-Sadzonki-naZywoplot100-150cm-SZKOLKOWANY 218w,https:\/\/a.allegroimg.com\/s1024\/119b71\/991d73bc441680a777c67a479318\/Grab-pospolity-Gotowe-Rozkrzewione-Sadzonki-naZywoplot100-150cm-SZKOLKOWANY 310w,https:\/\/a.allegroimg.com\/s1440\/119b71\/991d73bc441680a777c67a479318\/Grab-pospolity-Gotowe-Rozkrzewione-Sadzonki-naZywoplot100-150cm-SZKOLKOWANY 437w,https:\/\/a.allegroimg.com\/original\/119b71\/991d73bc441680a777c67a479318\/Grab-pospolity-Gotowe-Rozkrzewione-Sadzonki-naZywoplot100-150cm-SZKOLKOWANY 777w\" alt=\"Grab pospolity Gotowe Rozkrzewione Sadzonki na\u017bywop\u0142ot100-150cm SZK\u00d3\u0141KOWANY\" width=\"250\" height=\"824\" data-srcset=\"\" \/>\u00a0 \u00a0 \u00a0 \u00a0 \u00a0 \u00a0 \u00a0 \u00a0 \u00a0 \u00a0 \u00a0 \u00a0<img loading=\"lazy\" decoding=\"async\" class=\"msub_k4 mupj_5k mjru_k4 mse2_k4 mp7g_f6 mq1m_0 mj7u_0 m7er_k4 mqen_m6 m31c_d8 m0ux_fp lazyloaded\" style=\"font-family: inherit; font-size: inherit; color: #7d7d7d; text-align: left;\" src=\"https:\/\/a.allegroimg.com\/original\/11154f\/3aa5becb49bb8cc876364943719e\/Grab-pospolity-Gotowe-Rozkrzewione-Sadzonki-naZywoplot100-150cm-SZKOLKOWANY-Producent-nieznany-producent\" sizes=\"auto, (min-width: 1200px) 560px, (min-width: 992px) 50vw, 100vw\" srcset=\"https:\/\/a.allegroimg.com\/s360\/11154f\/3aa5becb49bb8cc876364943719e\/Grab-pospolity-Gotowe-Rozkrzewione-Sadzonki-naZywoplot100-150cm-SZKOLKOWANY-Producent-nieznany-producent 137w,https:\/\/a.allegroimg.com\/s720\/11154f\/3aa5becb49bb8cc876364943719e\/Grab-pospolity-Gotowe-Rozkrzewione-Sadzonki-naZywoplot100-150cm-SZKOLKOWANY-Producent-nieznany-producent 275w,https:\/\/a.allegroimg.com\/s1024\/11154f\/3aa5becb49bb8cc876364943719e\/Grab-pospolity-Gotowe-Rozkrzewione-Sadzonki-naZywoplot100-150cm-SZKOLKOWANY-Producent-nieznany-producent 391w,https:\/\/a.allegroimg.com\/s1440\/11154f\/3aa5becb49bb8cc876364943719e\/Grab-pospolity-Gotowe-Rozkrzewione-Sadzonki-naZywoplot100-150cm-SZKOLKOWANY-Producent-nieznany-producent 550w,https:\/\/a.allegroimg.com\/original\/11154f\/3aa5becb49bb8cc876364943719e\/Grab-pospolity-Gotowe-Rozkrzewione-Sadzonki-naZywoplot100-150cm-SZKOLKOWANY-Producent-nieznany-producent 563w\" alt=\"Grab pospolity Gotowe Rozkrzewione Sadzonki na\u017bywop\u0142ot100-150cm SZK\u00d3\u0141KOWANY Producent nieznany producent\" width=\"299\" height=\"782\" data-srcset=\"\" \/><\/button><\/div>\n<\/div>\n<\/div>\n<\/div>\n<\/div>\n<div class=\"mpof_ki myre_zn myre_8v_l m389_6m_l\">\n<div class=\"mp4t_16_s mryx_16_s mr3m_1 mli2_1 mh85_56 mh85_0_l\">\n<div class=\"mgn2_16 _0d3bd_am0a-\">\n<p>&nbsp;<\/p>\n<p><b>Wymagania\u00a0<\/b>:<\/p>\n<p>Poloha: slne\u010dn\u00e1\/stinn\u00e1<\/p>\n<p>N\u00e1roky na vodu: mierna vlhkos\u0165<\/p>\n<p>Reakcia p\u00f4dy: neutr\u00e1lna<\/p>\n<p>P\u00f4dne preferencie: pieso\u010dnat\u00e9<\/p>\n<p>Farba listov: zelen\u00e1 St\u00e1lezelen\u00fd: nie<\/p>\n<p>R\u00fdchlos\u0165 rastu: r\u00fdchlo rast\u00faca rastlina<\/p>\n<p>Typ rastliny: strom<\/p>\n<p>Cie\u013eov\u00e1 v\u00fd\u0161ka: nad 20 m<\/p>\n<p>Charakteristick\u00fd znak: pre \u017eiv\u00e9 ploty a rady<\/p>\n<\/div>\n<\/div>\n<\/div>\n<div class=\"mpof_ki myre_zn myre_8v_l m389_6m_l\">\n<div class=\"mp4t_16_s mryx_16_s mr3m_1 mli2_1 mh85_56 mh85_0_l\">\n<div class=\"mgn2_16 _0d3bd_am0a-\">\n<p>&nbsp;<\/p>\n<h4><b>\u2b50 Dlaczego warto kupi\u0107 u nas? \u2b50<\/b><\/h4>\n<p>\ud83c\udf31 Sprawdzone sadzonki PREMIUM<\/p>\n<p>Oferujemy wy\u0142\u0105cznie zdrowe, starannie wyselekcjonowane ro\u015bliny o silnym systemie korzeniowym.<\/p>\n<p>\ud83d\udce6 Bezpieczne pakowanie<\/p>\n<p>Ka\u017cda sadzonka jest solidnie zabezpieczona na czas transportu, aby dotar\u0142a do Ciebie w idealnym stanie.<\/p>\n<p>\ud83d\ude9a Szybka wysy\u0142ka<\/p>\n<p>Zam\u00f3wienia realizujemy sprawnie i terminowo \u2013 ro\u015bliny nie czekaj\u0105 w magazynie.<\/p>\n<p>\ud83c\udf3f Do\u015bwiadczenie i pasja<\/p>\n<p>Od lat zajmujemy si\u0119 upraw\u0105 ro\u015blin \u2013 wiemy, jak zadba\u0107 o ich jako\u015b\u0107 od pocz\u0105tku do ko\u0144ca.<\/p>\n<p>\ud83d\udcac Pomoc i doradztwo<\/p>\n<p>Ch\u0119tnie podpowiemy w kwestii sadzenia i piel\u0119gnacji \u2013 kupujesz u specjalist\u00f3w.<\/p>\n<p>\u2b50 Wysokie oceny i zadowoleni klienci<\/p>\n<p>Nasz\u0105 jako\u015b\u0107 potwierdzaj\u0105 liczne pozytywne opinie kupuj\u0105cych.<\/p>\n<p>&nbsp;<\/p>\n<h4><b>\ud83c\udf31 Instrukcja sadzenia \u2013 go\u0142y korze\u0144<\/b><\/h4>\n<p>1\ufe0f\u20e3 Termin sadzenia<\/p>\n<p>Najlepszy czas to wczesna wiosna lub jesie\u0144. Ro\u015bliny z go\u0142ym korzeniem nale\u017cy posadzi\u0107 mo\u017cliwie szybko po otrzymaniu.<\/p>\n<p>2\ufe0f\u20e3 Przygotowanie korzeni<\/p>\n<p>Przed sadzeniem zanurz korzenie w wodzie, aby dobrze si\u0119 nawodni\u0142y.<\/p>\n<p>3\ufe0f\u20e3 Wykopanie do\u0142ka<\/p>\n<p>Wykop do\u0142ek 2\u00d7 wi\u0119kszy ni\u017c system korzeniowy. Spulchnij dno i w razie potrzeby dodaj \u017cyznej ziemi.<\/p>\n<p>4\ufe0f\u20e3 Sadzenie<\/p>\n<p>Umie\u015b\u0107 ro\u015blin\u0119 na takiej g\u0142\u0119boko\u015bci, na jakiej ros\u0142a wcze\u015bniej w gruncie. Zasyp ziemi\u0105 i delikatnie ugnie\u0107.<\/p>\n<p>5\ufe0f\u20e3 Podlewanie<\/p>\n<p>Obficie podlewaj po posadzeniu.<\/p>\n<p>\ud83d\udca1 Wskaz\u00f3wka:<\/p>\n<p>Po posadzeniu mo\u017cna delikatnie przyci\u0105\u0107 ro\u015bliny, aby pobudzi\u0107 je do krzewienia.<\/p>\n<p><b>Po posadzeniu nale\u017cy obficie podla\u0107 \u017cywop\u0142ot. Dalsze nawadnianie jest jednak r\u00f3wnie wa\u017cne i nie mo\u017cna go bagatelizowa\u0107.<\/b><\/p>\n<p>&nbsp;<\/p>\n<\/div>\n<\/div>\n<\/div>\n<div class=\"mpof_ki myre_zn myre_8v_l m389_6m_l\">\n<div class=\"mp4t_16_s mryx_16_s mr3m_1 mli2_1 mh85_56 mh85_0_l\">\n<div class=\"mg9e_8 mj7a_8 mg9e_0_s mvrt_0_s mj7a_0_s mh36_0_s mzmg_6m munh_16_l m3h2_16_l\">\n<div class=\"mp4t_0 mryx_0 munh_56 m3h2_56\">\n<div class=\"mp7g_oh\"><button class=\"mg9e_0 mvrt_0 mj7a_0 mh36_0 mp4t_0 m3h2_0 mryx_0 munh_0 mqen_m6 mpof_z0 mx7m_0 m7er_k4 mse2_k4 msts_pt\" data-analytics-interaction=\"true\" data-analytics-interaction-label=\"zoomable-image-open\" aria-disabled=\"true\"><img loading=\"lazy\" decoding=\"async\" class=\"msub_k4 mupj_5k mjru_k4 mse2_k4 mp7g_f6 mq1m_0 mj7u_0 m7er_k4 mqen_m6 m31c_d8 m0ux_fp lazyloaded\" src=\"https:\/\/a.allegroimg.com\/original\/11f849\/9e528e7e4f3796c5866d4e4c0185\/Grab-pospolity-Gotowe-Rozkrzewione-Sadzonki-naZywoplot100-150cm-SZKOLKOWANY-Roslina-w-postaci-sadzonka-z-golym-korzeniem\" sizes=\"auto, (min-width: 1200px) 560px, (min-width: 992px) 50vw, 100vw\" srcset=\"https:\/\/a.allegroimg.com\/s360\/11f849\/9e528e7e4f3796c5866d4e4c0185\/Grab-pospolity-Gotowe-Rozkrzewione-Sadzonki-naZywoplot100-150cm-SZKOLKOWANY-Roslina-w-postaci-sadzonka-z-golym-korzeniem 360w,https:\/\/a.allegroimg.com\/s720\/11f849\/9e528e7e4f3796c5866d4e4c0185\/Grab-pospolity-Gotowe-Rozkrzewione-Sadzonki-naZywoplot100-150cm-SZKOLKOWANY-Roslina-w-postaci-sadzonka-z-golym-korzeniem 720w,https:\/\/a.allegroimg.com\/s1024\/11f849\/9e528e7e4f3796c5866d4e4c0185\/Grab-pospolity-Gotowe-Rozkrzewione-Sadzonki-naZywoplot100-150cm-SZKOLKOWANY-Roslina-w-postaci-sadzonka-z-golym-korzeniem 1024w,https:\/\/a.allegroimg.com\/s1440\/11f849\/9e528e7e4f3796c5866d4e4c0185\/Grab-pospolity-Gotowe-Rozkrzewione-Sadzonki-naZywoplot100-150cm-SZKOLKOWANY-Roslina-w-postaci-sadzonka-z-golym-korzeniem 1130w,https:\/\/a.allegroimg.com\/original\/11f849\/9e528e7e4f3796c5866d4e4c0185\/Grab-pospolity-Gotowe-Rozkrzewione-Sadzonki-naZywoplot100-150cm-SZKOLKOWANY-Roslina-w-postaci-sadzonka-z-golym-korzeniem 1130w\" alt=\"Grab pospolity Gotowe Rozkrzewione Sadzonki na\u017bywop\u0142ot100-150cm SZK\u00d3\u0141KOWANY Ro\u015blina w postaci sadzonka z go\u0142ym korzeniem\" width=\"474\" height=\"357\" data-srcset=\"\" \/> <img loading=\"lazy\" decoding=\"async\" class=\"msub_k4 mupj_5k mjru_k4 mse2_k4 mp7g_f6 mq1m_0 mj7u_0 m7er_k4 mqen_m6 m31c_d8 m0ux_fp lazyloaded\" style=\"font-family: inherit; font-size: inherit; color: #7d7d7d; text-align: left;\" src=\"https:\/\/a.allegroimg.com\/original\/1191f1\/4ca1a39e4d1e832d4f13b79af7ca\/Grab-pospolity-Gotowe-Rozkrzewione-Sadzonki-naZywoplot100-150cm-SZKOLKOWANY-Wysokosc-sadzonki-100-150-cm\" sizes=\"auto, (min-width: 1200px) 560px, (min-width: 992px) 50vw, 100vw\" srcset=\"https:\/\/a.allegroimg.com\/s360\/1191f1\/4ca1a39e4d1e832d4f13b79af7ca\/Grab-pospolity-Gotowe-Rozkrzewione-Sadzonki-naZywoplot100-150cm-SZKOLKOWANY-Wysokosc-sadzonki-100-150-cm 360w,https:\/\/a.allegroimg.com\/s720\/1191f1\/4ca1a39e4d1e832d4f13b79af7ca\/Grab-pospolity-Gotowe-Rozkrzewione-Sadzonki-naZywoplot100-150cm-SZKOLKOWANY-Wysokosc-sadzonki-100-150-cm 720w,https:\/\/a.allegroimg.com\/s1024\/1191f1\/4ca1a39e4d1e832d4f13b79af7ca\/Grab-pospolity-Gotowe-Rozkrzewione-Sadzonki-naZywoplot100-150cm-SZKOLKOWANY-Wysokosc-sadzonki-100-150-cm 1024w,https:\/\/a.allegroimg.com\/s1440\/1191f1\/4ca1a39e4d1e832d4f13b79af7ca\/Grab-pospolity-Gotowe-Rozkrzewione-Sadzonki-naZywoplot100-150cm-SZKOLKOWANY-Wysokosc-sadzonki-100-150-cm 1130w,https:\/\/a.allegroimg.com\/original\/1191f1\/4ca1a39e4d1e832d4f13b79af7ca\/Grab-pospolity-Gotowe-Rozkrzewione-Sadzonki-naZywoplot100-150cm-SZKOLKOWANY-Wysokosc-sadzonki-100-150-cm 1130w\" alt=\"Grab pospolity Gotowe Rozkrzewione Sadzonki na\u017bywop\u0142ot100-150cm SZK\u00d3\u0141KOWANY Wysoko\u015b\u0107 sadzonki 100-150 cm\" width=\"480\" height=\"361\" data-srcset=\"\" \/><\/button><\/div>\n<\/div>\n<\/div>\n<\/div>\n<\/div>\n<div class=\"mpof_ki myre_zn myre_8v_l m389_6m_l\">\n<div class=\"mp4t_16_s mryx_16_s mr3m_1 mli2_1 mh85_56 mh85_0_l\">\n<div class=\"mgn2_16 _0d3bd_am0a-\">\n<p>&nbsp;<\/p>\n<p>Zdj\u0119cia s\u0105 pogl\u0105dowe, ro\u015bliny nie s\u0105 jednakowe i mog\u0105 si\u0119 od siebie r\u00f3\u017cni\u0107.<\/p>\n<\/div>\n<\/div>\n<\/div>\n<div class=\"mpof_ki myre_zn myre_8v_l m389_6m_l\">\n<div class=\"mp4t_16_s mryx_16_s mr3m_1 mli2_1 mh85_56 mh85_0_l\">\n<div class=\"mgn2_16 _0d3bd_am0a-\">\n<p>&nbsp;<\/p>\n<\/div>\n<\/div>\n<\/div>\n<div class=\"mpof_ki myre_zn myre_8v_l m389_6m_l\">\n<div class=\"mp4t_16_s mryx_16_s mr3m_1 mli2_1 mh85_56 mh85_0_l\">\n<div class=\"mgn2_16 _0d3bd_am0a-\">\n<p>&nbsp;<\/p>\n<\/div>\n<\/div>\n<\/div>\n<div class=\"mpof_ki myre_zn myre_8v_l m389_6m_l\">\n<div class=\"mp4t_16_s mryx_16_s mr3m_1 mli2_1 mh85_56 mh85_0_l\">\n<div class=\"mgn2_16 _0d3bd_am0a-\">\n<p>\u201cO\u015bwiadczam, \u017ce zgodnie z Rozporz\u0105dzeniem Parlamentu Europejskiego i Rady (UE) 2016\/2031 z dnia 26 pa\u017adziernika 2016 r. w sprawie \u015brodk\u00f3w ochronnych przeciwko agrofagom ro\u015blin, zmieniaj\u0105cym rozporz\u0105dzenia Parlamentu Europejskiego i Rady (UE) nr 228\/2013, (UE) nr 652\/2014 i (UE) nr 1143\/2014 oraz uchylaj\u0105cym dyrektywy Rady 69\/464\/EWG, 74\/647\/EWG, 93\/85\/EWG, 98\/57\/WE, 2000\/29\/WE, 2006\/91\/WE i 2007\/33\/WE do ka\u017cdej ro\u015bliny lub nasiona do\u0142\u0105czony jest paszport.\u201d.<\/p>\n<\/div>\n<\/div>\n<\/div>\n<\/section>\n<\/div>\n<\/section>","protected":false},"excerpt":{"rendered":"<p>\u017bYWOP\u0141OTY Z PASJ\u0104 &gt;&gt;&gt;&gt;&gt;&gt;&gt;&gt;&gt;&gt;&gt;&gt; GRAB SZK\u00d3\u0141KOWANY 100-150cm GOTOWA SADZONKA NA \u017bYWOP\u0141OT 3 SZTUKI NA METR Cena dotyczy 1 sztuki Oferujemy starannie wyselekcjonowane sadzonki graba pospolitego (Carpinus betulus) w klasie PREMIUM \ud83c\udf1f. Ro\u015bliny s\u0105 szk\u00f3\u0142kowane, zdrowe i pi\u0119knie rozkrzewione, dzi\u0119ki czemu pozwalaj\u0105 stworzy\u0107 g\u0119sty, elegancki \u017cywop\u0142ot w kr\u00f3tkim czasie. G\u0142\u00f3wn\u0105 zalet\u0105 sadzonek szk\u00f3\u0142kowanych jest praktycznie 100% [&hellip;]<\/p>\n","protected":false},"featured_media":8426,"template":"","meta":[],"product_brand":[],"product_cat":[303],"product_tag":[],"class_list":{"0":"post-8433","1":"product","2":"type-product","3":"status-publish","4":"has-post-thumbnail","6":"product_cat-graby","8":"first","9":"instock","10":"taxable","11":"shipping-taxable","12":"purchasable","13":"product-type-simple"},"_links":{"self":[{"href":"https:\/\/livingfance.com\/sk\/wp-json\/wp\/v2\/product\/8433","targetHints":{"allow":["GET"]}}],"collection":[{"href":"https:\/\/livingfance.com\/sk\/wp-json\/wp\/v2\/product"}],"about":[{"href":"https:\/\/livingfance.com\/sk\/wp-json\/wp\/v2\/types\/product"}],"wp:featuredmedia":[{"embeddable":true,"href":"https:\/\/livingfance.com\/sk\/wp-json\/wp\/v2\/media\/8426"}],"wp:attachment":[{"href":"https:\/\/livingfance.com\/sk\/wp-json\/wp\/v2\/media?parent=8433"}],"wp:term":[{"taxonomy":"product_brand","embeddable":true,"href":"https:\/\/livingfance.com\/sk\/wp-json\/wp\/v2\/product_brand?post=8433"},{"taxonomy":"product_cat","embeddable":true,"href":"https:\/\/livingfance.com\/sk\/wp-json\/wp\/v2\/product_cat?post=8433"},{"taxonomy":"product_tag","embeddable":true,"href":"https:\/\/livingfance.com\/sk\/wp-json\/wp\/v2\/product_tag?post=8433"}],"curies":[{"name":"wp","href":"https:\/\/api.w.org\/{rel}","templated":true}]}}