{"id":8363,"date":"2026-02-01T20:40:37","date_gmt":"2026-02-01T19:40:37","guid":{"rendered":"https:\/\/livingfance.com\/pl\/product\/brzoza-brodawkowata-sadzonki-60-100cm-szkolkowana\/"},"modified":"2026-02-13T11:56:52","modified_gmt":"2026-02-13T10:56:52","slug":"brzoza-brodawkowata-sadzonki-60-100cm-szkolkowana","status":"publish","type":"product","link":"https:\/\/livingfance.com\/pl\/product\/brzoza-brodawkowata-sadzonki-60-100cm-szkolkowana\/","title":{"rendered":"Brzoza Brodawkowata sadzonki SZK\u00d3\u0141KOWANA"},"content":{"rendered":"<section class=\"section\">\n<div class=\"item item-12\">\n<section class=\"text-item\">\n<div class=\"mpof_ki myre_zn myre_8v_l m389_6m_l\">\n<div class=\"mp4t_16_s mryx_16_s mr3m_1 mli2_1 mh85_56 mh85_0_l\">\n<div class=\"mgn2_16 _0d3bd_am0a-\">\n<h2>\ud83c\udf33 Brzoza \u2013 Sadzonka Premium 60\u2013100 cm<\/h2>\n<p><b>\u2728 Naturalna elegancja w Twoim ogrodzie \u2728<\/b><\/p>\n<p>Oferujemy starannie wyselekcjonowane sadzonki brzozy o wysoko\u015bci 100\u2013150cm, pochodz\u0105c\u0105 z renomowanej szk\u00f3\u0142ki. To drzewko, kt\u00f3re nie tylko ro\u015bnie \u2013 ono tworzy klimat. Delikatna korona, charakterystyczna jasna kora i lekka forma sprawiaj\u0105, \u017ce brzoza jest symbolem naturalnego pi\u0119kna i harmonii.<\/p>\n<p>To idealny wyb\u00f3r dla os\u00f3b, kt\u00f3re chc\u0105 stworzy\u0107 ogr\u00f3d z charakterem \u2013 elegancki, naturalny i ponadczasowy.<\/p>\n<h3>\ud83c\udf31 Jako\u015b\u0107 premium:<\/h3>\n<p>\u2714 silny, dobrze rozwini\u0119ty system korzeniowy<\/p>\n<p>\u2714 zdrowa sadzonka<\/p>\n<p>\u2714 szybka adaptacja po posadzeniu<\/p>\n<p>\u2714 wysoka odporno\u015b\u0107 na warunki atmosferyczne<\/p>\n<p>\u2714 stabilny wzrost i pi\u0119kny pokr\u00f3j<\/p>\n<p><b>Brzoza doskonale komponuje<\/b>\u00a0si\u0119 z trawami ozdobnymi, bylinami, iglakami oraz nowoczesn\u0105 architektur\u0105 ogrodow\u0105. Sprawdza si\u0119 zar\u00f3wno jako soliter, jak i w nasadzeniach grupowych oraz alejach. Tworzy naturalny mikroklimat, daje lekki cie\u0144 i wprowadza do ogrodu spok\u00f3j oraz harmoni\u0119.<\/p>\n<p>&nbsp;<\/p>\n<\/div>\n<\/div>\n<\/div>\n<div class=\"mpof_ki myre_zn myre_8v_l m389_6m_l\">\n<div class=\"mp4t_16_s mryx_16_s mr3m_1 mli2_1 mh85_56 mh85_0_l\">\n<div class=\"mg9e_8 mj7a_8 mg9e_0_s mvrt_0_s mj7a_0_s mh36_0_s mzmg_6m munh_16_l m3h2_16_l\">\n<div class=\"mp4t_0 mryx_0 munh_56 m3h2_56\">\n<div class=\"mp7g_oh\"><button class=\"mg9e_0 mvrt_0 mj7a_0 mh36_0 mp4t_0 m3h2_0 mryx_0 munh_0 mqen_m6 mpof_z0 mx7m_0 m7er_k4 mse2_k4 msts_pt\" data-analytics-interaction=\"true\" data-analytics-interaction-label=\"zoomable-image-open\" aria-disabled=\"true\"><img loading=\"lazy\" decoding=\"async\" class=\"msub_k4 mupj_5k mjru_k4 mse2_k4 mp7g_f6 mq1m_0 mj7u_0 m7er_k4 mqen_m6 m31c_d8 m0ux_fp lazyloaded\" src=\"https:\/\/a.allegroimg.com\/original\/11bcb5\/b7dc15ba417da676dd7fe1184d13\/Brzoza-Brodawkowata-sadzonki-60-100cm-SZKOLKOWANA\" sizes=\"auto, (min-width: 1200px) 560px, (min-width: 992px) 50vw, 100vw\" srcset=\"https:\/\/a.allegroimg.com\/s360\/11bcb5\/b7dc15ba417da676dd7fe1184d13\/Brzoza-Brodawkowata-sadzonki-60-100cm-SZKOLKOWANA 116w,https:\/\/a.allegroimg.com\/s720\/11bcb5\/b7dc15ba417da676dd7fe1184d13\/Brzoza-Brodawkowata-sadzonki-60-100cm-SZKOLKOWANA 233w,https:\/\/a.allegroimg.com\/s1024\/11bcb5\/b7dc15ba417da676dd7fe1184d13\/Brzoza-Brodawkowata-sadzonki-60-100cm-SZKOLKOWANA 331w,https:\/\/a.allegroimg.com\/s1440\/11bcb5\/b7dc15ba417da676dd7fe1184d13\/Brzoza-Brodawkowata-sadzonki-60-100cm-SZKOLKOWANA 466w,https:\/\/a.allegroimg.com\/original\/11bcb5\/b7dc15ba417da676dd7fe1184d13\/Brzoza-Brodawkowata-sadzonki-60-100cm-SZKOLKOWANA 829w\" alt=\"Brzoza Brodawkowata sadzonki 60-100cm SZK\u00d3\u0141KOWANA !!!\" width=\"394\" height=\"1216\" data-src=\"https:\/\/a.allegroimg.com\/original\/11bcb5\/b7dc15ba417da676dd7fe1184d13\/Brzoza-Brodawkowata-sadzonki-60-100cm-SZKOLKOWANA\" data-srcset=\"https:\/\/a.allegroimg.com\/s360\/11bcb5\/b7dc15ba417da676dd7fe1184d13\/Brzoza-Brodawkowata-sadzonki-60-100cm-SZKOLKOWANA 116w,https:\/\/a.allegroimg.com\/s720\/11bcb5\/b7dc15ba417da676dd7fe1184d13\/Brzoza-Brodawkowata-sadzonki-60-100cm-SZKOLKOWANA 233w,https:\/\/a.allegroimg.com\/s1024\/11bcb5\/b7dc15ba417da676dd7fe1184d13\/Brzoza-Brodawkowata-sadzonki-60-100cm-SZKOLKOWANA 331w,https:\/\/a.allegroimg.com\/s1440\/11bcb5\/b7dc15ba417da676dd7fe1184d13\/Brzoza-Brodawkowata-sadzonki-60-100cm-SZKOLKOWANA 466w,https:\/\/a.allegroimg.com\/original\/11bcb5\/b7dc15ba417da676dd7fe1184d13\/Brzoza-Brodawkowata-sadzonki-60-100cm-SZKOLKOWANA 829w\" \/><\/button><\/div>\n<\/div>\n<\/div>\n<\/div>\n<div class=\"mp4t_16_s mryx_16_s mr3m_1 mli2_1 mh85_56 mh85_0_l\">\n<div class=\"mgn2_16 _0d3bd_am0a-\">\n<h3>\ud83c\udf33 Brzoza \u2013 drzewo, kt\u00f3re tworzy przestrze\u0144<\/h3>\n<p><b>Brzoza brodawkowata\u00a0<\/b>to wysokie drzewo dorastaj\u0105ce do 30 m wysoko\u015bci o d\u0142ugich, gi\u0119tkich, zwisaj\u0105cych p\u0119dach. Wyst\u0119puje na suchych, piaszczystych terenach. Dobrze znosi\u00a0<b>zanieczyszczenie powierza<\/b>\u00a0i radzi sobie w ka\u017cdych warunkach.<\/p>\n<p><b>To malownicze\u00a0<\/b>drzewo jest dekoracyjnym oraz niezwykle \u0142atwym w uprawie gatunkiem, wkomponuje si\u0119 i b\u0119dzie efektownie wygl\u0105da\u0107 w ka\u017cdym du\u017cym ogrodzie.<\/p>\n<\/div>\n<\/div>\n<\/div>\n<div class=\"mpof_ki myre_zn myre_8v_l m389_6m_l\">\n<div class=\"mp4t_16_s mryx_16_s mr3m_1 mli2_1 mh85_56 mh85_0_l\">\n<div class=\"mgn2_16 _0d3bd_am0a-\">\n<p>Wymagania :<\/p>\n<p>Stanowisko: s\u0142oneczne\/cieniste<\/p>\n<p>Wymagania wodne: umiarkowana wilgotno\u015b\u0107<\/p>\n<p>Odczyn gleby: nie ma wymaga\u0144<\/p>\n<p>Preferencje glebowe: piaszczysta, lekka<\/p>\n<p>Kolor li\u015bci: zielony Zimozielono\u015b\u0107: nie<\/p>\n<p>Tempo wzrostu: ro\u015blina szybko rosn\u0105ca<\/p>\n<p>Typ ro\u015bliny: drzewo<\/p>\n<p>Docelowa wysoko\u015b\u0107: do 30m<\/p>\n<p>Zastosowanie: Ogr\u00f3d, Zalesienie<\/p>\n<h1>\ud83d\udc9a Postaw na jako\u015b\u0107, estetyk\u0119 i natur\u0119<\/h1>\n<p>Zainwestuj w drzewo, kt\u00f3re b\u0119dzie ozdob\u0105 Twojego ogrod.<\/p>\n<p><b>\ud83d\udc49 Kup teraz i stw\u00f3rz przestrze\u0144, kt\u00f3ra zachwyca.<\/b><\/p>\n<p>&nbsp;<\/p>\n<\/div>\n<\/div>\n<div class=\"mp4t_16_s mryx_16_s mr3m_1 mli2_1 mh85_56 mh85_0_l\">\n<div class=\"mg9e_8 mj7a_8 mg9e_0_s mvrt_0_s mj7a_0_s mh36_0_s mzmg_6m munh_16_l m3h2_16_l\">\n<div class=\"mp4t_0 mryx_0 munh_56 m3h2_56\">\n<div class=\"mp7g_oh\"><button class=\"mg9e_0 mvrt_0 mj7a_0 mh36_0 mp4t_0 m3h2_0 mryx_0 munh_0 mqen_m6 mpof_z0 mx7m_0 m7er_k4 mse2_k4 msts_pt\" data-analytics-interaction=\"true\" data-analytics-interaction-label=\"zoomable-image-open\" aria-disabled=\"true\"><img loading=\"lazy\" decoding=\"async\" class=\"msub_k4 mupj_5k mjru_k4 mse2_k4 mp7g_f6 mq1m_0 mj7u_0 m7er_k4 mqen_m6 m31c_d8 m0ux_fp lazyloaded aligncenter\" src=\"https:\/\/a.allegroimg.com\/original\/11596d\/2164929b4f798407b9651aca4912\/Brzoza-Brodawkowata-sadzonki-60-100cm-SZKOLKOWANA-Producent-nieznany-producent\" sizes=\"auto, (min-width: 1200px) 560px, (min-width: 992px) 50vw, 100vw\" srcset=\"https:\/\/a.allegroimg.com\/s360\/11596d\/2164929b4f798407b9651aca4912\/Brzoza-Brodawkowata-sadzonki-60-100cm-SZKOLKOWANA-Producent-nieznany-producent 170w,https:\/\/a.allegroimg.com\/s720\/11596d\/2164929b4f798407b9651aca4912\/Brzoza-Brodawkowata-sadzonki-60-100cm-SZKOLKOWANA-Producent-nieznany-producent 340w,https:\/\/a.allegroimg.com\/s1024\/11596d\/2164929b4f798407b9651aca4912\/Brzoza-Brodawkowata-sadzonki-60-100cm-SZKOLKOWANA-Producent-nieznany-producent 484w,https:\/\/a.allegroimg.com\/s1440\/11596d\/2164929b4f798407b9651aca4912\/Brzoza-Brodawkowata-sadzonki-60-100cm-SZKOLKOWANA-Producent-nieznany-producent 681w,https:\/\/a.allegroimg.com\/original\/11596d\/2164929b4f798407b9651aca4912\/Brzoza-Brodawkowata-sadzonki-60-100cm-SZKOLKOWANA-Producent-nieznany-producent 1211w\" alt=\"Brzoza Brodawkowata sadzonki 60-100cm SZK\u00d3\u0141KOWANA !!! Producent nieznany producent\" width=\"545\" height=\"1152\" data-srcset=\"\" \/><\/button><\/div>\n<\/div>\n<\/div>\n<\/div>\n<\/div>\n<div class=\"mpof_ki myre_zn myre_8v_l m389_6m_l\">\n<div class=\"mp4t_16_s mryx_16_s mr3m_1 mli2_1 mh85_56 mh85_0_l\">\n<div class=\"mgn2_16 _0d3bd_am0a-\">\n<p>&nbsp;<\/p>\n<p><b>\u2b50 Dlaczego warto kupi\u0107 u nas? \u2b50<\/b><\/p>\n<p>\ud83c\udf31 Sprawdzone sadzonki PREMIUM<\/p>\n<p>Oferujemy wy\u0142\u0105cznie zdrowe, starannie wyselekcjonowane ro\u015bliny o silnym systemie korzeniowym.<\/p>\n<p>\ud83d\udce6 Bezpieczne pakowanie<\/p>\n<p>Ka\u017cda sadzonka jest solidnie zabezpieczona na czas transportu, aby dotar\u0142a do Ciebie w idealnym stanie.<\/p>\n<p>\ud83d\ude9a Szybka wysy\u0142ka<\/p>\n<p>Zam\u00f3wienia realizujemy sprawnie i terminowo \u2013 ro\u015bliny nie czekaj\u0105 w magazynie.<\/p>\n<p>\ud83c\udf3f Do\u015bwiadczenie i pasja<\/p>\n<p>Od lat zajmujemy si\u0119 upraw\u0105 ro\u015blin \u2013 wiemy, jak zadba\u0107 o ich jako\u015b\u0107 od pocz\u0105tku do ko\u0144ca.<\/p>\n<p>\ud83d\udcac Pomoc i doradztwo<\/p>\n<p>Ch\u0119tnie podpowiemy w kwestii sadzenia i piel\u0119gnacji \u2013 kupujesz u specjalist\u00f3w.<\/p>\n<p>\u2b50 Wysokie oceny i zadowoleni klienci<\/p>\n<p>Nasz\u0105 jako\u015b\u0107 potwierdzaj\u0105 liczne pozytywne opinie kupuj\u0105cych.<\/p>\n<p>&nbsp;<\/p>\n<p><b>\ud83c\udf31 Instrukcja sadzenia \u2013 go\u0142y korze\u0144<\/b><\/p>\n<p>1\ufe0f\u20e3 Termin sadzenia<\/p>\n<p>Najlepszy czas to wczesna wiosna lub jesie\u0144. Ro\u015bliny z go\u0142ym korzeniem nale\u017cy posadzi\u0107 mo\u017cliwie szybko po otrzymaniu.<\/p>\n<p>2\ufe0f\u20e3 Przygotowanie korzeni<\/p>\n<p>Przed sadzeniem zanurz korzenie w wodzie, aby dobrze si\u0119 nawodni\u0142y.<\/p>\n<p>3\ufe0f\u20e3 Wykopanie do\u0142ka<\/p>\n<p>Wykop do\u0142ek 2\u00d7 wi\u0119kszy ni\u017c system korzeniowy. Spulchnij dno i w razie potrzeby dodaj \u017cyznej ziemi.<\/p>\n<p>4\ufe0f\u20e3 Sadzenie<\/p>\n<p>Umie\u015b\u0107 ro\u015blin\u0119 na takiej g\u0142\u0119boko\u015bci, na jakiej ros\u0142a wcze\u015bniej w gruncie. Zasyp ziemi\u0105 i delikatnie ugnie\u0107.<\/p>\n<p>5\ufe0f\u20e3 Podlewanie<\/p>\n<p>Obficie podlewaj po posadzeniu.<\/p>\n<p>&nbsp;<\/p>\n<p><b>Po posadzeniu nale\u017cy obficie podla\u0107 \u017cywop\u0142ot. Dalsze nawadnianie jest jednak r\u00f3wnie wa\u017cne i nie mo\u017cna go bagatelizowa\u0107.<\/b><\/p>\n<p>Zdj\u0119cia s\u0105 pogl\u0105dowe, ro\u015bliny nie s\u0105 jednakowe i mog\u0105 si\u0119 od siebie r\u00f3\u017cni\u0107.<\/p>\n<\/div>\n<\/div>\n<\/div>\n<div class=\"mpof_ki myre_zn myre_8v_l m389_6m_l\">\n<div class=\"mp4t_16_s mryx_16_s mr3m_1 mli2_1 mh85_56 mh85_0_l\">\n<div class=\"mgn2_16 _0d3bd_am0a-\">\n<p>&nbsp;<\/p>\n<\/div>\n<\/div>\n<\/div>\n<div class=\"mpof_ki myre_zn myre_8v_l m389_6m_l\">\n<div class=\"mp4t_16_s mryx_16_s mr3m_1 mli2_1 mh85_56 mh85_0_l\">\n<div class=\"mgn2_16 _0d3bd_am0a-\">\n<p>&nbsp;<\/p>\n<\/div>\n<\/div>\n<\/div>\n<div class=\"mpof_ki myre_zn myre_8v_l m389_6m_l\">\n<div class=\"mp4t_16_s mryx_16_s mr3m_1 mli2_1 mh85_56 mh85_0_l\">\n<div class=\"mgn2_16 _0d3bd_am0a-\">\n<p>\u201cO\u015bwiadczam, \u017ce zgodnie z Rozporz\u0105dzeniem Parlamentu Europejskiego i Rady (UE) 2016\/2031 z dnia 26 pa\u017adziernika 2016 r. w sprawie \u015brodk\u00f3w ochronnych przeciwko agrofagom ro\u015blin, zmieniaj\u0105cym rozporz\u0105dzenia Parlamentu Europejskiego i Rady (UE) nr 228\/2013, (UE) nr 652\/2014 i (UE) nr 1143\/2014 oraz uchylaj\u0105cym dyrektywy Rady 69\/464\/EWG, 74\/647\/EWG, 93\/85\/EWG, 98\/57\/WE, 2000\/29\/WE, 2006\/91\/WE i 2007\/33\/WE do ka\u017cdej ro\u015bliny lub nasiona do\u0142\u0105czony jest paszport.\u201d.<\/p>\n<\/div>\n<\/div>\n<\/div>\n<\/section>\n<\/div>\n<\/section>\n","protected":false},"excerpt":{"rendered":"<p>\ud83c\udf33 Brzoza \u2013 Sadzonka Premium 60\u2013100 cm \u2728 Naturalna elegancja w Twoim ogrodzie \u2728 Oferujemy starannie wyselekcjonowane sadzonki brzozy o wysoko\u015bci 100\u2013150cm, pochodz\u0105c\u0105 z renomowanej szk\u00f3\u0142ki. To drzewko, kt\u00f3re nie tylko ro\u015bnie \u2013 ono tworzy klimat. Delikatna korona, charakterystyczna jasna kora i lekka forma sprawiaj\u0105, \u017ce brzoza jest symbolem naturalnego pi\u0119kna i harmonii. To idealny [&hellip;]<\/p>\n","protected":false},"featured_media":8360,"template":"","meta":[],"product_brand":[],"product_cat":[305],"product_tag":[],"class_list":{"0":"post-8363","1":"product","2":"type-product","3":"status-publish","4":"has-post-thumbnail","6":"product_cat-rosliny-lisciaste","8":"first","9":"instock","10":"taxable","11":"shipping-taxable","12":"purchasable","13":"product-type-simple"},"_links":{"self":[{"href":"https:\/\/livingfance.com\/pl\/wp-json\/wp\/v2\/product\/8363","targetHints":{"allow":["GET"]}}],"collection":[{"href":"https:\/\/livingfance.com\/pl\/wp-json\/wp\/v2\/product"}],"about":[{"href":"https:\/\/livingfance.com\/pl\/wp-json\/wp\/v2\/types\/product"}],"wp:featuredmedia":[{"embeddable":true,"href":"https:\/\/livingfance.com\/pl\/wp-json\/wp\/v2\/media\/8360"}],"wp:attachment":[{"href":"https:\/\/livingfance.com\/pl\/wp-json\/wp\/v2\/media?parent=8363"}],"wp:term":[{"taxonomy":"product_brand","embeddable":true,"href":"https:\/\/livingfance.com\/pl\/wp-json\/wp\/v2\/product_brand?post=8363"},{"taxonomy":"product_cat","embeddable":true,"href":"https:\/\/livingfance.com\/pl\/wp-json\/wp\/v2\/product_cat?post=8363"},{"taxonomy":"product_tag","embeddable":true,"href":"https:\/\/livingfance.com\/pl\/wp-json\/wp\/v2\/product_tag?post=8363"}],"curies":[{"name":"wp","href":"https:\/\/api.w.org\/{rel}","templated":true}]}}