{"id":8594,"date":"2026-02-02T21:57:04","date_gmt":"2026-02-02T20:57:04","guid":{"rendered":"https:\/\/livingfance.com\/?page_id=8594"},"modified":"2026-02-02T22:02:44","modified_gmt":"2026-02-02T21:02:44","slug":"o-nas","status":"publish","type":"page","link":"https:\/\/livingfance.com\/pl\/o-nas\/","title":{"rendered":"O nas"},"content":{"rendered":"<section class=\"wpb-content-wrapper\">\t\t<div class=\"vc_row wpb_row vc_row-fluid vc_custom_1770066163026\">\n            \t\t\t\t\t\t\t<div class=\"gf-container container\">\n\t\t\t\t\t\t\t\t<div class=\"wpb_column vc_column_container vc_col-sm-12 vc_col-lg-4 vc_col-md-4 vc_col-xs-12\"><div class=\"vc_column-inner\"><div class=\"wpb_wrapper\"><div class=\"gf-heading gf-heading-style-01 text-left\">\n\t<div class=\"gf-heading-inner gf-heading-69e4db7806b28\">\n                                                <h4 class=\"heading-title\">O NAS<\/h4>\n                                                        <div class=\"heading-description\">\n                    <p class=\"primary-font fs-30 text-arial\" style=\"letter-spacing: 0.1em; line-height: 37px; color: #000;\"><strong>Dlaczego warto nas wybra\u0107?<\/strong><\/p>\n                <\/div>\n                    \t<\/div>\n<\/div>\n<div class=\"g5plus-space space-69e4db7806ec6\" data-id=\"69e4db7806ec6\" data-tablet=\"17\" data-tablet-portrait=\"10\" data-mobile=\"10\" data-mobile-landscape=\"10\" style=\"clear: both; display: block; height: 25px\"><\/div>\n\t<div class=\"wpb_text_column wpb_content_element \" >\n\t\t<div class=\"wpb_wrapper\">\n\t\t\t<p>Jeste\u015bmy pasjonatami zieleni i natury, a nasza firma powsta\u0142a z mi\u0142o\u015bci do ro\u015blin. Od lat specjalizujemy si\u0119 w sprzeda\u017cy wysokiej jako\u015bci sadzonek, kt\u00f3re zamieni\u0105 ka\u017cdy ogr\u00f3d, balkon czy wn\u0119trze w oaz\u0119 pe\u0142n\u0105 \u017cycia i koloru. Wierzymy, \u017ce otoczenie zieleni\u0105 to najlepszy spos\u00f3b na relaks i kontakt z natur\u0105, dlatego z najwi\u0119ksz\u0105 staranno\u015bci\u0105 dbamy o to, by nasze ro\u015bliny trafia\u0142y do Pa\u0144stwa dom\u00f3w w idealnym stanie.<\/p>\n\n\t\t<\/div>\n\t<\/div>\n<div class=\"btn-container btn-inline\">\n\t\t\t<a class=\"btn btn-accent btn-outline btn-rounded btn-md\" href=\"https:\/\/livingfance.com\/sklep\" title=\"ZOBACZ PRODUKTY\">ZOBACZ PRODUKTY<\/a>\n\t<\/div>\n\n<div class=\"g5plus-space space-69e4db780726a\" data-id=\"69e4db780726a\" data-tablet=\"40\" data-tablet-portrait=\"40\" data-mobile=\"30\" data-mobile-landscape=\"30\" style=\"clear: both; display: block; height: 0px\"><\/div><\/div><\/div><\/div><div class=\"wpb_column vc_column_container vc_col-sm-6 vc_col-lg-offset-1 vc_col-lg-3 vc_col-md-offset-0 vc_col-md-4 vc_col-xs-12\"><div class=\"vc_column-inner\"><div class=\"wpb_wrapper\"><div class=\"gsf-info-box style-01 clearfix icon-align-top icon-classic ib-large info-box-69e4db78074ec\">\n\t\t\t\t\t\t<div class=\"ib-content\">\n\t\t\t\t<div class=\"ib-shape\">\n\t\t\t\t\t<div class=\"ib-shape-inner\">\n\t\t\t\t\t\t<i class=\"flaticon-nature-3\"><\/i>\t\t\t\t\t<\/div>\n\t\t\t\t<\/div>\n\t\t\t\t\t\t\t\t\t\t<h4 class=\"info-box-title\">R\u00f3\u017cnorodno\u015b\u0107 oferty<\/h4>\n\t\t\t\t\t\t\t\t\t\t<p class=\"info-box-subtitle\">Nasza oferta obejmuje szeroki wyb\u00f3r sadzonek<\/p>\n\t\t\t\t\t\t\t\t\t\t\t\t\t<div class=\"info-box-des\">\n\t\t\t\t\t\t<p>Znajdziesz u nas ro\u015bliny zar\u00f3wno do ogrodu jak i zalesienie, parki, ozdobne,<br \/>\nsolitery, na szczepienie, bonsai, lu\u017ane szpalery i zwarte \u017bywop\u0142oty.<\/p>\n\t\t\t\t\t<\/div>\n\t\t\t\t\t\t\t<\/div>\n\t\t\t<\/div>\n<div class=\"g5plus-space space-69e4db78077be\" data-id=\"69e4db78077be\" data-tablet=\"50\" data-tablet-portrait=\"40\" data-mobile=\"20\" data-mobile-landscape=\"30\" style=\"clear: both; display: block; height: 60px\"><\/div><div class=\"gsf-info-box style-01 clearfix icon-align-top icon-classic ib-large info-box-69e4db780786c\">\n\t\t\t\t\t\t<div class=\"ib-content\">\n\t\t\t\t<div class=\"ib-shape\">\n\t\t\t\t\t<div class=\"ib-shape-inner\">\n\t\t\t\t\t\t<i class=\"flaticon-nature\"><\/i>\t\t\t\t\t<\/div>\n\t\t\t\t<\/div>\n\t\t\t\t\t\t\t\t\t\t<h4 class=\"info-box-title\">Gwarancja jako\u015bci<\/h4>\n\t\t\t\t\t\t\t\t\t\t<p class=\"info-box-subtitle\">Wsp\u00f3\u0142pracujemy tylko z najlepszymi hodowcami<\/p>\n\t\t\t\t\t\t\t\t\t\t\t\t\t<div class=\"info-box-des\">\n\t\t\t\t\t\t<p>Ka\u017cda ro\u015blina jest starannie selekcjonowana i piel\u0119gnowana, zanim trafi do sprzeda\u017cy.<\/p>\n\t\t\t\t\t<\/div>\n\t\t\t\t\t\t\t<\/div>\n\t\t\t<\/div>\n<div class=\"g5plus-space space-69e4db7807af9\" data-id=\"69e4db7807af9\" data-tablet=\"0\" data-tablet-portrait=\"0\" data-mobile=\"20\" data-mobile-landscape=\"30\" style=\"clear: both; display: block; height: 0px\"><\/div><\/div><\/div><\/div><div class=\"wpb_column vc_column_container vc_col-sm-6 vc_col-lg-offset-1 vc_col-lg-3 vc_col-md-4 vc_col-xs-12\"><div class=\"vc_column-inner\"><div class=\"wpb_wrapper\"><div class=\"gsf-info-box style-01 clearfix icon-align-top icon-classic ib-large info-box-69e4db7807c6c\">\n\t\t\t\t\t\t<div class=\"ib-content\">\n\t\t\t\t<div class=\"ib-shape\">\n\t\t\t\t\t<div class=\"ib-shape-inner\">\n\t\t\t\t\t\t<i class=\"flaticon-water\"><\/i>\t\t\t\t\t<\/div>\n\t\t\t\t<\/div>\n\t\t\t\t\t\t\t\t\t\t<h4 class=\"info-box-title\">Porady ekspert\u00f3w<\/h4>\n\t\t\t\t\t\t\t\t\t\t<p class=\"info-box-subtitle\">Nasza pasja do ro\u015blin idzie w parze z wiedz\u0105<\/p>\n\t\t\t\t\t\t\t\t\t\t\t\t\t<div class=\"info-box-des\">\n\t\t\t\t\t\t<p>Oferujemy nie tylko produkty, ale tak\u017ce wsparcie na ka\u017cdym etapie piel\u0119gnacji \u2013 od wyboru odpowiednich ro\u015blin po porady dotycz\u0105ce ich uprawy.<\/p>\n\t\t\t\t\t<\/div>\n\t\t\t\t\t\t\t<\/div>\n\t\t\t<\/div>\n<div class=\"g5plus-space space-69e4db7807eea\" data-id=\"69e4db7807eea\" data-tablet=\"50\" data-tablet-portrait=\"40\" data-mobile=\"20\" data-mobile-landscape=\"30\" style=\"clear: both; display: block; height: 60px\"><\/div><div class=\"gsf-info-box style-01 clearfix icon-align-top icon-classic ib-large info-box-69e4db7807f8d\">\n\t\t\t\t\t\t<div class=\"ib-content\">\n\t\t\t\t<div class=\"ib-shape\">\n\t\t\t\t\t<div class=\"ib-shape-inner\">\n\t\t\t\t\t\t<i class=\"flaticon-nature-6\"><\/i>\t\t\t\t\t<\/div>\n\t\t\t\t<\/div>\n\t\t\t\t\t\t\t\t\t\t<h4 class=\"info-box-title\">Ekologiczne podej\u015bcie<\/h4>\n\t\t\t\t\t\t\t\t\t\t<p class=\"info-box-subtitle\">Nasze sadzonki s\u0105 uprawiane w zr\u00f3wnowa\u017cony spos\u00f3b<\/p>\n\t\t\t\t\t\t\t\t\t\t\t\t\t<div class=\"info-box-des\">\n\t\t\t\t\t\t<p>U\u017cywamy naturalnych metod hodowli, minimalizuj\u0105c nasz wp\u0142yw na planet\u0119.<\/p>\n\t\t\t\t\t<\/div>\n\t\t\t\t\t\t\t<\/div>\n\t\t\t<\/div>\n<\/div><\/div><\/div>\t\t\t\t\t\t\t<\/div>\n\t\t\t\n\t\t<\/div>\n\n<\/section>","protected":false},"excerpt":{"rendered":"O NAS Dlaczego warto nas wybra\u0107? Jeste\u015bmy pasjonatami zieleni i natury, a nasza firma powsta\u0142a z mi\u0142o\u015bci do ro\u015blin. Od lat specjalizujemy si\u0119 w sprzeda\u017cy wysokiej jako\u015bci sadzonek, kt\u00f3re zamieni\u0105 ka\u017cdy ogr\u00f3d, balkon czy wn\u0119trze w oaz\u0119 pe\u0142n\u0105 \u017cycia i koloru. Wierzymy, \u017ce otoczenie zieleni\u0105 to najlepszy spos\u00f3b na relaks i kontakt z natur\u0105, dlatego [...]","protected":false},"author":1,"featured_media":0,"parent":0,"menu_order":0,"comment_status":"closed","ping_status":"closed","template":"","meta":{"footnotes":""},"class_list":["post-8594","page","type-page","status-publish","hentry"],"_links":{"self":[{"href":"https:\/\/livingfance.com\/pl\/wp-json\/wp\/v2\/pages\/8594","targetHints":{"allow":["GET"]}}],"collection":[{"href":"https:\/\/livingfance.com\/pl\/wp-json\/wp\/v2\/pages"}],"about":[{"href":"https:\/\/livingfance.com\/pl\/wp-json\/wp\/v2\/types\/page"}],"author":[{"embeddable":true,"href":"https:\/\/livingfance.com\/pl\/wp-json\/wp\/v2\/users\/1"}],"replies":[{"embeddable":true,"href":"https:\/\/livingfance.com\/pl\/wp-json\/wp\/v2\/comments?post=8594"}],"version-history":[{"count":0,"href":"https:\/\/livingfance.com\/pl\/wp-json\/wp\/v2\/pages\/8594\/revisions"}],"wp:attachment":[{"href":"https:\/\/livingfance.com\/pl\/wp-json\/wp\/v2\/media?parent=8594"}],"curies":[{"name":"wp","href":"https:\/\/api.w.org\/{rel}","templated":true}]}}