{"id":8342,"date":"2026-02-01T20:39:48","date_gmt":"2026-02-01T19:39:48","guid":{"rendered":"https:\/\/livingfance.com\/pl\/product\/grab-pospolity-rozkrzewione-sadzonki-na-zywoplot-50-90cm-szkolkowany\/"},"modified":"2026-02-20T21:57:13","modified_gmt":"2026-02-20T20:57:13","slug":"grab-pospolity-rozkrzewione-sadzonki-na-zywoplot-50-90cm-szkolkowany","status":"publish","type":"product","link":"https:\/\/livingfance.com\/hu\/product\/grab-pospolity-rozkrzewione-sadzonki-na-zywoplot-50-90cm-szkolkowany\/","title":{"rendered":"Grab pospolity Rozkrzewione Sadzonki na \u017bywop\u0142ot 50-90cm SZK\u00d3\u0141KOWANY"},"content":{"rendered":"<section class=\"section\">\n<div class=\"item item-12\">\n<section class=\"text-item\">\n<div class=\"mpof_ki myre_zn myre_8v_l m389_6m_l\">\n<div class=\"mp4t_16_s mryx_16_s mr3m_1 mli2_1 mh85_56 mh85_0_l\">\n<div class=\"mgn2_16 _0d3bd_am0a-\">\n<p><b>S\u00d6V\u00c9NYEK SZENVED\u00c9LLYEL &gt;&gt;&gt;&gt;&gt;&gt;&gt;&gt;&gt;&gt;&gt;&gt;<\/b><\/p>\n<h3>\ud83c\udf33\u00a0GRAB SZK\u00d3\u0141KOWANY 50-90CM<\/h3>\n<p><b>\ud83d\udce6 Cena dotyczy 1 sztuki<\/b><\/p>\n<p><b>Oferujemy starannie wyselekcjonowane sadzonki graba pospolitego (Carpinus betulus) w klasie PREMIUM \ud83c\udf1f. Ro\u015bliny s\u0105 szk\u00f3\u0142kowane, zdrowe, dzi\u0119ki czemu pozwalaj\u0105 stworzy\u0107 g\u0119sty, elegancki \u017cywop\u0142ot w kr\u00f3tkim czasie.<\/b><\/p>\n<p><b>A faiskolai dugv\u00e1nyok legf\u0151bb el\u0151nye gyakorlatilag az 100% elfogadhat\u00f3s\u00e1ga a magasan fejlett gy\u00f6k\u00e9rzetnek k\u00f6sz\u00f6nhet\u0151en.<\/b><\/p>\n<p>A vastag, j\u00f3l bokrosod\u00f3 sz\u00e1rak felgyors\u00edtj\u00e1k a megc\u00e9lzott s\u00f6v\u00e9ny v\u00e9geredm\u00e9ny\u00e9t.<\/p>\n<p>Ha a k\u00f6z\u00f6ns\u00e9ges gyerty\u00e1n mellett d\u00f6nt, olyan n\u00f6v\u00e9nyt v\u00e1laszt, amely egyes\u00edti a d\u00edsz\u00edt\u0151 \u00e9s a funkcion\u00e1lis tulajdons\u00e1gokat. Kiv\u00e9teles \u00f6nszaporod\u00e1si hajlam\u00e1nak \u00e9s kiv\u00e1l\u00f3 metsz\u00e9st\u0171r\u00e9s\u00e9nek k\u00f6sz\u00f6nhet\u0151en a gyerty\u00e1n ide\u00e1lis v\u00e1laszt\u00e1s a s\u00f6v\u00e9nyek kialak\u00edt\u00e1s\u00e1hoz. \u00c1rny\u00e9kos helyen is kiv\u00e1l\u00f3an fejl\u0151dik. A gyerty\u00e1n dugv\u00e1nyok kiv\u00e1l\u00f3 v\u00e1laszt\u00e1s azok sz\u00e1m\u00e1ra, akik \u00e9rt\u00e9kelik a tart\u00f3ss\u00e1got, a k\u00f6nny\u0171 alak\u00edthat\u00f3s\u00e1got, \u00e9s t\u00f6k\u00e9letesen m\u0171k\u00f6dik a kert d\u00edsz\u00edt\u0151 elemek\u00e9nt. Ha olyan n\u00f6v\u00e9nyt keres, amely sz\u00edv\u00f3s \u00e9s k\u00f6nnyen termeszthet\u0151, a k\u00f6z\u00f6ns\u00e9ges gyerty\u00e1n ide\u00e1lis megold\u00e1s lesz.<\/p>\n<p><b>Ha t\u0151l\u00fcnk v\u00e1s\u00e1rol<\/b>\u00a0a n\u00f6v\u00e9nyek biztosak lehetnek abban, hogy v\u00e9dve lesznek, \u00e9s nagy gondoss\u00e1ggal csomagolj\u00e1k \u0151ket a nedvess\u00e9gvesztes\u00e9g ellen, hogy eljussanak \u00d6nh\u00f6z.<b>\u00e9ps\u00e9gben.<\/b><\/p>\n<\/div>\n<\/div>\n<\/div>\n<div class=\"mpof_ki myre_zn myre_8v_l m389_6m_l\">\n<div class=\"mp4t_16_s mryx_16_s mr3m_1 mli2_1 mh85_56 mh85_0_l\">\n<div class=\"mgn2_16 _0d3bd_am0a-\">\n<p>Grab to synonim trwa\u0142o\u015bci i estetyki \ud83c\udf43 Doskonale znosi formowanie, szybko si\u0119 zag\u0119szcza i zachowuje atrakcyjny wygl\u0105d przez ca\u0142y rok. Jesieni\u0105 li\u015bcie przebarwiaj\u0105 si\u0119 na ciep\u0142e odcienie z\u0142ota, a cz\u0119\u015b\u0107 z nich pozostaje na ga\u0142\u0119ziach zim\u0105, zapewniaj\u0105c prywatno\u015b\u0107 nawet poza sezonem \u2744\ufe0f\ud83c\udf3f<\/p>\n<h4><b>\u2728 Dlaczego warto wybra\u0107 nasze sadzonki PREMIUM?<\/b><\/h4>\n<p>\u2714\ufe0f wysoko\u015b\u0107 50-90CM<\/p>\n<p>\u2714\ufe0f szk\u00f3\u0142kowane \u2013 lepsze przyj\u0119cie w gruncie<\/p>\n<p>\u2714\ufe0f silny, dobrze rozwini\u0119ty system korzeniowy \ud83c\udf31<\/p>\n<p>\u2714\ufe0f idealne na \u017cywop\u0142oty formowane i naturalne<\/p>\n<p><b>\ud83c\udf3f Zalety graba pospolitego:<\/b><\/p>\n<p>\ud83c\udf43 wyj\u0105tkowa odporno\u015b\u0107 na mr\u00f3z i warunki atmosferyczne<\/p>\n<p>\u2702\ufe0f doskona\u0142a tolerancja ci\u0119cia i formowania<\/p>\n<p>\ud83c\udfe1 tworzy zwart\u0105, g\u0119st\u0105 barier\u0119 chroni\u0105c\u0105 przed ha\u0142asem i wiatrem<\/p>\n<p>\ud83c\udf31 d\u0142ugowieczna i \u0142atwa w piel\u0119gnacji ro\u015blina<\/p>\n<p>Postaw na jako\u015b\u0107 PREMIUM i stw\u00f3rz elegancki, g\u0119sty \u017cywop\u0142ot, kt\u00f3ry b\u0119dzie ozdob\u0105 Twojego ogrodu przez lata \ud83d\udc9a<\/p>\n<h4><b>\u00dcltet\u00e9s s\u00f6v\u00e9nynek:<\/b><\/h4>\n<p>1 sor --&gt; 5 db \/ mb (20 cm-enk\u00e9nt)<\/p>\n<p>2 sor --&gt; 7\/8 db\/mb (25-30 cm-enk\u00e9nt felv\u00e1ltva)<\/p>\n<p>A dugv\u00e1nyokat minden \u00e9vben meg kell metszeni, hogy s\u0171r\u0171 s\u00f6v\u00e9nyt hozzon l\u00e9tre.<\/p>\n<p><b>Ciekawostka:<\/b>\u00a0Drewno graba jest jasne i twarde. Wyrabiamy z niego r\u00f3\u017cne narz\u0119dzia oraz u\u017cywamy do produkcji wysokiej jako\u015bci w\u0119gla drzewnego.<\/p>\n<p>&nbsp;<\/p>\n<\/div>\n<\/div>\n<div class=\"mp4t_16_s mryx_16_s mr3m_1 mli2_1 mh85_56 mh85_0_l\">\n<div class=\"mg9e_8 mj7a_8 mg9e_0_s mvrt_0_s mj7a_0_s mh36_0_s mzmg_6m munh_16_l m3h2_16_l\">\n<div class=\"mp4t_0 mryx_0 munh_56 m3h2_56\">\n<div class=\"mp7g_oh\"><button class=\"mg9e_0 mvrt_0 mj7a_0 mh36_0 mp4t_0 m3h2_0 mryx_0 munh_0 mqen_m6 mpof_z0 mx7m_0 m7er_k4 mse2_k4 msts_pt\" data-analytics-interaction=\"true\" data-analytics-interaction-label=\"zoomable-image-open\" aria-disabled=\"true\"><img loading=\"lazy\" decoding=\"async\" class=\"msub_k4 mupj_5k mjru_k4 mse2_k4 mp7g_f6 mq1m_0 mj7u_0 m7er_k4 mqen_m6 m31c_d8 m0ux_fp lazyloaded\" src=\"https:\/\/a.allegroimg.com\/original\/114619\/158ce81e4f0c8a9959c24526b922\/Grab-pospolity-Rozkrzewione-Sadzonki-na-Zywoplot-50-90cm-SZKOLKOWANY\" sizes=\"auto, (min-width: 1200px) 560px, (min-width: 992px) 50vw, 100vw\" srcset=\"https:\/\/a.allegroimg.com\/s360\/114619\/158ce81e4f0c8a9959c24526b922\/Grab-pospolity-Rozkrzewione-Sadzonki-na-Zywoplot-50-90cm-SZKOLKOWANY 214w,https:\/\/a.allegroimg.com\/s720\/114619\/158ce81e4f0c8a9959c24526b922\/Grab-pospolity-Rozkrzewione-Sadzonki-na-Zywoplot-50-90cm-SZKOLKOWANY 429w,https:\/\/a.allegroimg.com\/s1024\/114619\/158ce81e4f0c8a9959c24526b922\/Grab-pospolity-Rozkrzewione-Sadzonki-na-Zywoplot-50-90cm-SZKOLKOWANY 610w,https:\/\/a.allegroimg.com\/s1440\/114619\/158ce81e4f0c8a9959c24526b922\/Grab-pospolity-Rozkrzewione-Sadzonki-na-Zywoplot-50-90cm-SZKOLKOWANY 858w,https:\/\/a.allegroimg.com\/original\/114619\/158ce81e4f0c8a9959c24526b922\/Grab-pospolity-Rozkrzewione-Sadzonki-na-Zywoplot-50-90cm-SZKOLKOWANY 1126w\" alt=\"Grab pospolity Rozkrzewione Sadzonki na \u017bywop\u0142ot 50-90cm SZK\u00d3\u0141KOWANY\" width=\"290\" height=\"487\" data-srcset=\"\" \/>\u00a0 \u00a0 \u00a0 \u00a0 \u00a0 \u00a0 \u00a0 \u00a0 \u00a0 <img loading=\"lazy\" decoding=\"async\" class=\"msub_k4 mupj_5k mjru_k4 mse2_k4 mp7g_f6 mq1m_0 mj7u_0 m7er_k4 mqen_m6 m31c_d8 m0ux_fp lazyloaded\" style=\"font-family: inherit; font-size: inherit; color: #7d7d7d; text-align: left;\" src=\"https:\/\/a.allegroimg.com\/original\/115df5\/8dc1fdae4faf873b6855b9462c7d\/Grab-pospolity-Rozkrzewione-Sadzonki-na-Zywoplot-50-90cm-SZKOLKOWANY-Nazwa-lacinska-carpinus-betulus\" sizes=\"auto, (min-width: 1200px) 560px, (min-width: 992px) 50vw, 100vw\" srcset=\"https:\/\/a.allegroimg.com\/s360\/115df5\/8dc1fdae4faf873b6855b9462c7d\/Grab-pospolity-Rozkrzewione-Sadzonki-na-Zywoplot-50-90cm-SZKOLKOWANY-Nazwa-lacinska-carpinus-betulus 167w,https:\/\/a.allegroimg.com\/s720\/115df5\/8dc1fdae4faf873b6855b9462c7d\/Grab-pospolity-Rozkrzewione-Sadzonki-na-Zywoplot-50-90cm-SZKOLKOWANY-Nazwa-lacinska-carpinus-betulus 335w,https:\/\/a.allegroimg.com\/s1024\/115df5\/8dc1fdae4faf873b6855b9462c7d\/Grab-pospolity-Rozkrzewione-Sadzonki-na-Zywoplot-50-90cm-SZKOLKOWANY-Nazwa-lacinska-carpinus-betulus 476w,https:\/\/a.allegroimg.com\/s1440\/115df5\/8dc1fdae4faf873b6855b9462c7d\/Grab-pospolity-Rozkrzewione-Sadzonki-na-Zywoplot-50-90cm-SZKOLKOWANY-Nazwa-lacinska-carpinus-betulus 670w,https:\/\/a.allegroimg.com\/original\/115df5\/8dc1fdae4faf873b6855b9462c7d\/Grab-pospolity-Rozkrzewione-Sadzonki-na-Zywoplot-50-90cm-SZKOLKOWANY-Nazwa-lacinska-carpinus-betulus 859w\" alt=\"Grab pospolity Rozkrzewione Sadzonki na \u017bywop\u0142ot 50-90cm SZK\u00d3\u0141KOWANY Nazwa \u0142aci\u0144ska carpinus betulus\" width=\"280\" height=\"602\" data-srcset=\"\" \/><\/button><\/div>\n<\/div>\n<\/div>\n<\/div>\n<\/div>\n<div class=\"mpof_ki myre_zn myre_8v_l m389_6m_l\">\n<div class=\"mp4t_16_s mryx_16_s mr3m_1 mli2_1 mh85_56 mh85_0_l\">\n<div class=\"mgn2_16 _0d3bd_am0a-\">\n<p>&nbsp;<\/p>\n<p><b>K\u00f6vetelm\u00e9nyek\u00a0<\/b>:<\/p>\n<p>Elhelyezked\u00e9s: napos\/\u00e1rny\u00e9kos<\/p>\n<p>V\u00edzig\u00e9ny: m\u00e9rs\u00e9kelt p\u00e1ratartalom<\/p>\n<p>Talajreakci\u00f3: semleges<\/p>\n<p>Talajpreferenci\u00e1k: homokos<\/p>\n<p>Lev\u00e9lsz\u00edn: z\u00f6ld \u00d6r\u00f6kz\u00f6ld: nem<\/p>\n<p>N\u00f6veked\u00e9si \u00fctem: gyorsan n\u00f6v\u0151 n\u00f6v\u00e9ny<\/p>\n<p>N\u00f6v\u00e9nyt\u00edpus: fa<\/p>\n<p>C\u00e9lmagass\u00e1g: 20m felett<\/p>\n<p>Megk\u00fcl\u00f6nb\u00f6ztet\u0151 jegy: s\u00f6v\u00e9nyek \u00e9s sorok eset\u00e9ben<\/p>\n<\/div>\n<\/div>\n<\/div>\n<div class=\"mpof_ki myre_zn myre_8v_l m389_6m_l\">\n<div class=\"mp4t_16_s mryx_16_s mr3m_1 mli2_1 mh85_56 mh85_0_l\">\n<div class=\"mgn2_16 _0d3bd_am0a-\">\n<p>&nbsp;<\/p>\n<h4><b>\u2b50 Dlaczego warto kupi\u0107 u nas? \u2b50<\/b><\/h4>\n<p>\ud83c\udf31 Sprawdzone sadzonki PREMIUM<\/p>\n<p>Oferujemy wy\u0142\u0105cznie zdrowe, starannie wyselekcjonowane ro\u015bliny o silnym systemie korzeniowym.<\/p>\n<p>\ud83d\udce6 Bezpieczne pakowanie<\/p>\n<p>Ka\u017cda sadzonka jest solidnie zabezpieczona na czas transportu, aby dotar\u0142a do Ciebie w idealnym stanie.<\/p>\n<p>\ud83d\ude9a Szybka wysy\u0142ka<\/p>\n<p>Zam\u00f3wienia realizujemy sprawnie i terminowo \u2013 ro\u015bliny nie czekaj\u0105 w magazynie.<\/p>\n<p>\ud83c\udf3f Do\u015bwiadczenie i pasja<\/p>\n<p>Od lat zajmujemy si\u0119 upraw\u0105 ro\u015blin \u2013 wiemy, jak zadba\u0107 o ich jako\u015b\u0107 od pocz\u0105tku do ko\u0144ca.<\/p>\n<p>\ud83d\udcac Pomoc i doradztwo<\/p>\n<p>Ch\u0119tnie podpowiemy w kwestii sadzenia i piel\u0119gnacji \u2013 kupujesz u specjalist\u00f3w.<\/p>\n<p>\u2b50 Wysokie oceny i zadowoleni klienci<\/p>\n<p>Nasz\u0105 jako\u015b\u0107 potwierdzaj\u0105 liczne pozytywne opinie kupuj\u0105cych.<\/p>\n<p>&nbsp;<\/p>\n<h4><b>\ud83c\udf31 Instrukcja sadzenia \u2013 go\u0142y korze\u0144<\/b><\/h4>\n<p>1\ufe0f\u20e3 Termin sadzenia<\/p>\n<p>Najlepszy czas to wczesna wiosna lub jesie\u0144. Ro\u015bliny z go\u0142ym korzeniem nale\u017cy posadzi\u0107 mo\u017cliwie szybko po otrzymaniu.<\/p>\n<p>2\ufe0f\u20e3 Przygotowanie korzeni<\/p>\n<p>Przed sadzeniem zanurz korzenie w wodzie, aby dobrze si\u0119 nawodni\u0142y.<\/p>\n<p>3\ufe0f\u20e3 Wykopanie do\u0142ka<\/p>\n<p>Wykop do\u0142ek 2\u00d7 wi\u0119kszy ni\u017c system korzeniowy. Spulchnij dno i w razie potrzeby dodaj \u017cyznej ziemi.<\/p>\n<p>4\ufe0f\u20e3 Sadzenie<\/p>\n<p>Umie\u015b\u0107 ro\u015blin\u0119 na takiej g\u0142\u0119boko\u015bci, na jakiej ros\u0142a wcze\u015bniej w gruncie. Zasyp ziemi\u0105 i delikatnie ugnie\u0107.<\/p>\n<p>5\ufe0f\u20e3 Podlewanie<\/p>\n<p>Obficie podlewaj po posadzeniu.<\/p>\n<p>\ud83d\udca1 Wskaz\u00f3wka:<\/p>\n<p>Po posadzeniu mo\u017cna delikatnie przyci\u0105\u0107 ro\u015bliny, aby pobudzi\u0107 je do krzewienia.<\/p>\n<p><b>Az \u00fcltet\u00e9s ut\u00e1n a s\u00f6v\u00e9nyt b\u0151s\u00e9gesen kell \u00f6nt\u00f6zni. A tov\u00e1bbi \u00f6nt\u00f6z\u00e9s azonban ugyanolyan fontos, \u00e9s nem szabad al\u00e1becs\u00fclni.<\/b><\/p>\n<p>&nbsp;<\/p>\n<\/div>\n<\/div>\n<\/div>\n<div class=\"mpof_ki myre_zn myre_8v_l m389_6m_l\">\n<div class=\"mp4t_16_s mryx_16_s mr3m_1 mli2_1 mh85_56 mh85_0_l\">\n<div class=\"mg9e_8 mj7a_8 mg9e_0_s mvrt_0_s mj7a_0_s mh36_0_s mzmg_6m munh_16_l m3h2_16_l\">\n<div class=\"mp4t_0 mryx_0 munh_56 m3h2_56\">\n<div class=\"mp7g_oh\"><button class=\"mg9e_0 mvrt_0 mj7a_0 mh36_0 mp4t_0 m3h2_0 mryx_0 munh_0 mqen_m6 mpof_z0 mx7m_0 m7er_k4 mse2_k4 msts_pt\" data-analytics-interaction=\"true\" data-analytics-interaction-label=\"zoomable-image-open\" aria-disabled=\"true\"><img loading=\"lazy\" decoding=\"async\" class=\"msub_k4 mupj_5k mjru_k4 mse2_k4 mp7g_f6 mq1m_0 mj7u_0 m7er_k4 mqen_m6 m31c_d8 m0ux_fp lazyloaded\" src=\"https:\/\/a.allegroimg.com\/original\/112759\/a952ca894c0d978623ead7712f49\/Grab-pospolity-Rozkrzewione-Sadzonki-na-Zywoplot-50-90cm-SZKOLKOWANY-Producent-nieznany-producent\" sizes=\"auto, 100vw\" srcset=\"https:\/\/a.allegroimg.com\/s360\/112759\/a952ca894c0d978623ead7712f49\/Grab-pospolity-Rozkrzewione-Sadzonki-na-Zywoplot-50-90cm-SZKOLKOWANY-Producent-nieznany-producent 360w,https:\/\/a.allegroimg.com\/s720\/112759\/a952ca894c0d978623ead7712f49\/Grab-pospolity-Rozkrzewione-Sadzonki-na-Zywoplot-50-90cm-SZKOLKOWANY-Producent-nieznany-producent 720w,https:\/\/a.allegroimg.com\/s1024\/112759\/a952ca894c0d978623ead7712f49\/Grab-pospolity-Rozkrzewione-Sadzonki-na-Zywoplot-50-90cm-SZKOLKOWANY-Producent-nieznany-producent 1024w,https:\/\/a.allegroimg.com\/s1440\/112759\/a952ca894c0d978623ead7712f49\/Grab-pospolity-Rozkrzewione-Sadzonki-na-Zywoplot-50-90cm-SZKOLKOWANY-Producent-nieznany-producent 1130w,https:\/\/a.allegroimg.com\/original\/112759\/a952ca894c0d978623ead7712f49\/Grab-pospolity-Rozkrzewione-Sadzonki-na-Zywoplot-50-90cm-SZKOLKOWANY-Producent-nieznany-producent 1130w\" alt=\"Grab pospolity Rozkrzewione Sadzonki na \u017bywop\u0142ot 50-90cm SZK\u00d3\u0141KOWANY Producent nieznany producent\" width=\"493\" height=\"371\" data-srcset=\"\" \/> \u00a0<img loading=\"lazy\" decoding=\"async\" class=\"msub_k4 mupj_5k mjru_k4 mse2_k4 mp7g_f6 mq1m_0 mj7u_0 m7er_k4 mqen_m6 m31c_d8 m0ux_fp lazyloaded\" style=\"font-family: inherit; font-size: inherit; color: #7d7d7d; text-align: left;\" src=\"https:\/\/a.allegroimg.com\/original\/114619\/158ce81e4f0c8a9959c24526b922\/Grab-pospolity-Rozkrzewione-Sadzonki-na-Zywoplot-50-90cm-SZKOLKOWANY\" sizes=\"auto, (min-width: 1200px) 560px, (min-width: 992px) 50vw, 100vw\" srcset=\"https:\/\/a.allegroimg.com\/s360\/114619\/158ce81e4f0c8a9959c24526b922\/Grab-pospolity-Rozkrzewione-Sadzonki-na-Zywoplot-50-90cm-SZKOLKOWANY 214w,https:\/\/a.allegroimg.com\/s720\/114619\/158ce81e4f0c8a9959c24526b922\/Grab-pospolity-Rozkrzewione-Sadzonki-na-Zywoplot-50-90cm-SZKOLKOWANY 429w,https:\/\/a.allegroimg.com\/s1024\/114619\/158ce81e4f0c8a9959c24526b922\/Grab-pospolity-Rozkrzewione-Sadzonki-na-Zywoplot-50-90cm-SZKOLKOWANY 610w,https:\/\/a.allegroimg.com\/s1440\/114619\/158ce81e4f0c8a9959c24526b922\/Grab-pospolity-Rozkrzewione-Sadzonki-na-Zywoplot-50-90cm-SZKOLKOWANY 858w,https:\/\/a.allegroimg.com\/original\/114619\/158ce81e4f0c8a9959c24526b922\/Grab-pospolity-Rozkrzewione-Sadzonki-na-Zywoplot-50-90cm-SZKOLKOWANY 1126w\" alt=\"Grab pospolity Rozkrzewione Sadzonki na \u017bywop\u0142ot 50-90cm SZK\u00d3\u0141KOWANY\" width=\"282\" height=\"474\" data-srcset=\"\" \/><\/button><\/div>\n<\/div>\n<\/div>\n<\/div>\n<\/div>\n<div class=\"mpof_ki myre_zn myre_8v_l m389_6m_l\">\n<div class=\"mp4t_16_s mryx_16_s mr3m_1 mli2_1 mh85_56 mh85_0_l\">\n<div class=\"mg9e_8 mj7a_8 mg9e_0_s mvrt_0_s mj7a_0_s mh36_0_s mzmg_6m munh_16_l m3h2_16_l\">\n<div class=\"mp4t_0 mryx_0 munh_56 m3h2_56\">\n<div class=\"mp7g_oh\"><\/div>\n<\/div>\n<\/div>\n<\/div>\n<\/div>\n<div class=\"mpof_ki myre_zn myre_8v_l m389_6m_l\">\n<div class=\"mp4t_16_s mryx_16_s mr3m_1 mli2_1 mh85_56 mh85_0_l\">\n<div class=\"mg9e_8 mj7a_8 mg9e_0_s mvrt_0_s mj7a_0_s mh36_0_s mzmg_6m munh_16_l m3h2_16_l\">\n<div class=\"mp4t_0 mryx_0 munh_56 m3h2_56\">\n<div class=\"mp7g_oh\"><\/div>\n<\/div>\n<\/div>\n<\/div>\n<\/div>\n<div class=\"mpof_ki myre_zn myre_8v_l m389_6m_l\">\n<div class=\"mp4t_16_s mryx_16_s mr3m_1 mli2_1 mh85_56 mh85_0_l\">\n<div class=\"mgn2_16 _0d3bd_am0a-\">\n<p>&nbsp;<\/p>\n<\/div>\n<\/div>\n<\/div>\n<div class=\"mpof_ki myre_zn myre_8v_l m389_6m_l\">\n<div class=\"mp4t_16_s mryx_16_s mr3m_1 mli2_1 mh85_56 mh85_0_l\">\n<div class=\"mgn2_16 _0d3bd_am0a-\">\n<p>&nbsp;<\/p>\n<\/div>\n<\/div>\n<\/div>\n<div class=\"mpof_ki myre_zn myre_8v_l m389_6m_l\">\n<div class=\"mp4t_16_s mryx_16_s mr3m_1 mli2_1 mh85_56 mh85_0_l\">\n<div class=\"mgn2_16 _0d3bd_am0a-\">\n<p>\"Kijelentem, hogy a n\u00f6v\u00e9nyi k\u00e1rtev\u0151k elleni v\u00e9dekez\u00e9si int\u00e9zked\u00e9sekr\u0151l, a 228\/2013\/EU, a 652\/2014\/EU \u00e9s az 1143\/2014\/EU eur\u00f3pai parlamenti \u00e9s tan\u00e1csi rendelet m\u00f3dos\u00edt\u00e1s\u00e1r\u00f3l, valamint a 69\/464\/EGK, 74\/647\/EGK, 93\/85\/EGK, 98\/57\/EK, 2000\/29\/EK, 2006\/91\/EK \u00e9s 2007\/33\/EK tan\u00e1csi ir\u00e1nyelvek hat\u00e1lyon k\u00edv\u00fcl helyez\u00e9s\u00e9r\u0151l sz\u00f3l\u00f3, 2016. okt\u00f3ber 26-i (EU) 2016\/2031 eur\u00f3pai parlamenti \u00e9s tan\u00e1csi rendeletnek megfelel\u0151en minden n\u00f6v\u00e9nyt vagy vet\u0151magot \u00fatlev\u00e9l k\u00eds\u00e9r.\".<\/p>\n<\/div>\n<\/div>\n<\/div>\n<\/section>\n<\/div>\n<\/section>","protected":false},"excerpt":{"rendered":"<p>\u017bYWOP\u0141OTY Z PASJ\u0104 &gt;&gt;&gt;&gt;&gt;&gt;&gt;&gt;&gt;&gt;&gt;&gt; \ud83c\udf33\u00a0GRAB SZK\u00d3\u0141KOWANY 50-90CM \ud83d\udce6 Cena dotyczy 1 sztuki Oferujemy starannie wyselekcjonowane sadzonki graba pospolitego (Carpinus betulus) w klasie PREMIUM \ud83c\udf1f. Ro\u015bliny s\u0105 szk\u00f3\u0142kowane, zdrowe, dzi\u0119ki czemu pozwalaj\u0105 stworzy\u0107 g\u0119sty, elegancki \u017cywop\u0142ot w kr\u00f3tkim czasie. G\u0142\u00f3wn\u0105 zalet\u0105 sadzonek szk\u00f3\u0142kowanych jest praktycznie 100% przyjmowalno\u015bci ze wzgl\u0119du na bardzo mocno rozwini\u0119ty system korzeniowy. Grube [&hellip;]<\/p>\n","protected":false},"featured_media":8339,"template":"","meta":[],"product_brand":[],"product_cat":[303],"product_tag":[],"class_list":{"0":"post-8342","1":"product","2":"type-product","3":"status-publish","4":"has-post-thumbnail","6":"product_cat-graby","8":"first","9":"instock","10":"taxable","11":"shipping-taxable","12":"purchasable","13":"product-type-simple"},"_links":{"self":[{"href":"https:\/\/livingfance.com\/hu\/wp-json\/wp\/v2\/product\/8342","targetHints":{"allow":["GET"]}}],"collection":[{"href":"https:\/\/livingfance.com\/hu\/wp-json\/wp\/v2\/product"}],"about":[{"href":"https:\/\/livingfance.com\/hu\/wp-json\/wp\/v2\/types\/product"}],"wp:featuredmedia":[{"embeddable":true,"href":"https:\/\/livingfance.com\/hu\/wp-json\/wp\/v2\/media\/8339"}],"wp:attachment":[{"href":"https:\/\/livingfance.com\/hu\/wp-json\/wp\/v2\/media?parent=8342"}],"wp:term":[{"taxonomy":"product_brand","embeddable":true,"href":"https:\/\/livingfance.com\/hu\/wp-json\/wp\/v2\/product_brand?post=8342"},{"taxonomy":"product_cat","embeddable":true,"href":"https:\/\/livingfance.com\/hu\/wp-json\/wp\/v2\/product_cat?post=8342"},{"taxonomy":"product_tag","embeddable":true,"href":"https:\/\/livingfance.com\/hu\/wp-json\/wp\/v2\/product_tag?post=8342"}],"curies":[{"name":"wp","href":"https:\/\/api.w.org\/{rel}","templated":true}]}}