{"id":8271,"date":"2026-02-01T20:36:11","date_gmt":"2026-02-01T19:36:11","guid":{"rendered":"https:\/\/livingfance.com\/pl\/product\/grab-pospolity-carpinus-betulus-sadzonki-100-150cm-mrozoodporny\/"},"modified":"2026-02-19T10:36:35","modified_gmt":"2026-02-19T09:36:35","slug":"grab-pospolity-carpinus-betulus-sadzonki-100-150cm-mrozoodporny","status":"publish","type":"product","link":"https:\/\/livingfance.com\/hu\/product\/grab-pospolity-carpinus-betulus-sadzonki-100-150cm-mrozoodporny\/","title":{"rendered":"K\u00f6z\u00f6ns\u00e9ges gyerty\u00e1n Carpinus betulus dugv\u00e1nyok 100-150cm Fagy\u00e1ll\u00f3"},"content":{"rendered":"<section class=\"section\">\n<div class=\"item item-12\">\n<section class=\"text-item\">\n<div class=\"mpof_ki myre_zn myre_8v_l m389_6m_l\">\n<div class=\"mp4t_16_s mryx_16_s mr3m_1 mli2_1 mh85_56 mh85_0_l\">\n<div class=\"mgn2_16 _0d3bd_am0a-\">\n<h3>Grab Pospolity\u00a0 100-150 cm\u00a0(Carpinus betulus) \u2013 Kr\u00f3l\u00a0 \u017bywop\u0142ot\u00f3w<\/h3>\n<p><b>Ha a k\u00f6z\u00f6ns\u00e9ges gyerty\u00e1n mellett d\u00f6nt, olyan n\u00f6v\u00e9nyt v\u00e1laszt, amely egyes\u00edti a d\u00edsz\u00edt\u0151 \u00e9s a funkcion\u00e1lis tulajdons\u00e1gokat. Kiv\u00e9teles \u00f6nbokrosod\u00e1si hajlam\u00e1nak \u00e9s kiv\u00e1l\u00f3 metsz\u00e9st\u0171r\u00e9s\u00e9nek k\u00f6sz\u00f6nhet\u0151en a gyerty\u00e1n ide\u00e1lis v\u00e1laszt\u00e1s a s\u00f6v\u00e9nyek kialak\u00edt\u00e1s\u00e1hoz. A gyerty\u00e1n dugv\u00e1nyok kiv\u00e1l\u00f3 v\u00e1laszt\u00e1s azok sz\u00e1m\u00e1ra, akik \u00e9rt\u00e9kelik a tart\u00f3ss\u00e1got, a k\u00f6nny\u0171 alak\u00edthat\u00f3s\u00e1got, \u00e9s ide\u00e1lis d\u00edsz\u00edt\u0151elemnek bizonyulnak a kertben. Ha olyan n\u00f6v\u00e9nyt keres, amely sz\u00edv\u00f3s \u00e9s k\u00f6nnyen termeszthet\u0151, a k\u00f6z\u00f6ns\u00e9ges gyerty\u00e1n t\u00f6k\u00e9letes megold\u00e1s lesz.<\/b><\/p>\n<p><b>Pal\u00e1ntanevel\u00e9s - ez az \u00e1ltalunk alkalmazott elj\u00e1r\u00e1s, c\u00e9lja, hogy a pal\u00e1nt\u00e1kban egy csom\u00f3sodott \u00e9s sek\u00e9ly gy\u00f6k\u00e9rzetet hozzon l\u00e9tre, amely sz\u00e1mos finom gy\u00f6k\u00e9rben gazdag lesz, ami majdnem 100% \u00e1tv\u00e9tel\u00e9t eredm\u00e9nyezi.<\/b><\/p>\n<p>A k\u00edn\u00e1lt anyag magas min\u0151s\u00e9g\u00e9nek k\u00f6sz\u00f6nhet\u0151en elnyert\u00fck \u00fcgyfeleink elismer\u00e9s\u00e9t, sok\u00e9ves tapasztalatunk pedig garant\u00e1lja, hogy a pal\u00e1nt\u00e1k beszerz\u00e9se \u00e9s sz\u00e1ll\u00edt\u00e1sa a legmagasabb sz\u00ednvonalon t\u00f6rt\u00e9nik.<\/p>\n<p>&nbsp;<\/p>\n<p><b>Ha a mi n\u00f6v\u00e9nyeinket v\u00e1lasztja, garant\u00e1ljuk:<\/b><\/p>\n<p><b>Versenyk\u00e9pes \u00e1rak<\/b>\u00a0- a n\u00f6v\u00e9nyeket a faiskol\u00e1ban termesztj\u00fck, \u00edgy garant\u00e1lni tudjuk \u00d6nnek a lehet\u0151 legalacsonyabb \u00e1rakat.<\/p>\n<p><b>Ha t\u0151l\u00fcnk v\u00e1s\u00e1rol<\/b>\u00a0a n\u00f6v\u00e9nyek biztosak lehetnek abban, hogy v\u00e9dve lesznek, \u00e9s nagy gondoss\u00e1ggal csomagolj\u00e1k \u0151ket a nedvess\u00e9gvesztes\u00e9g ellen, hogy eljussanak \u00d6nh\u00f6z.<b>\u00e9ps\u00e9gben.<\/b><\/p>\n<\/div>\n<\/div>\n<\/div>\n<div class=\"mpof_ki myre_zn myre_8v_l m389_6m_l\">\n<div class=\"mp4t_16_s mryx_16_s mr3m_1 mli2_1 mh85_56 mh85_0_l\">\n<div class=\"mgn2_16 _0d3bd_am0a-\">\n<p><b>K\u00f6z\u00f6ns\u00e9ges gyerty\u00e1n<\/b>, \u00e1ltal\u00e1ban 25 m\u00e9teresre megn\u00f6v\u0151 fa, amelynek koron\u00e1ja er\u0151sen megvastagodott, sz\u00e9les. A Carpinus nemzets\u00e9g egyetlen, Lengyelorsz\u00e1gban term\u0151 taxonja.<\/p>\n<p>S\u00f6v\u00e9nyekhez haszn\u00e1lt d\u00edszn\u00f6v\u00e9ny Jellemz\u0151je, hogy hajlamos gy\u00f6k\u00e9rsz\u00e1rmaz\u00e9kokat termelni, amelyeket a kert\u00e9szetben a s\u00f6v\u00e9nyek megvastag\u00edt\u00e1s\u00e1ra haszn\u00e1lnak. Nagyon j\u00f3l t\u0171ri a metsz\u00e9st, \u00e9s alkalmas szoliternek \u00e9s bonsainak is.<\/p>\n<p>A gyerty\u00e1nfa nagyon kem\u00e9ny, neh\u00e9z, rugalmas \u00e9s nehezen megmunk\u00e1lhat\u00f3, \u00e9s t\u00fczel\u0151anyagk\u00e9nt haszn\u00e1lj\u00e1k. A f\u00e1ink k\u00f6z\u00fcl az egyik legmagasabb f\u0171t\u0151\u00e9rt\u00e9kkel rendelkezik.<\/p>\n<p>&nbsp;<\/p>\n<p><b>\u00dcltet\u00e9s s\u00f6v\u00e9nynek:<\/b><\/p>\n<p>1 sor --&gt; 5 db \/ mb (20 cm-enk\u00e9nt)<\/p>\n<p>2 sor --&gt; 7\/8 db\/mb (25-30 cm-enk\u00e9nt felv\u00e1ltva)<\/p>\n<p>A dugv\u00e1nyokat minden \u00e9vben meg kell metszeni, hogy s\u0171r\u0171 s\u00f6v\u00e9nyt hozzon l\u00e9tre.<\/p>\n<p><b>Ciekawostka:<\/b>\u00a0Drewno graba jest jasne i twarde. Wyrabiamy z niego r\u00f3\u017cne narz\u0119dzia oraz u\u017cywamy do produkcji wysokiej jako\u015bci w\u0119gla drzewnego.<\/p>\n<p>&nbsp;<\/p>\n<\/div>\n<\/div>\n<div class=\"mp4t_16_s mryx_16_s mr3m_1 mli2_1 mh85_56 mh85_0_l\">\n<div class=\"mg9e_8 mj7a_8 mg9e_0_s mvrt_0_s mj7a_0_s mh36_0_s mzmg_6m munh_16_l m3h2_16_l\">\n<div class=\"mp4t_0 mryx_0 munh_56 m3h2_56\">\n<div class=\"mp7g_oh\"><button class=\"mg9e_0 mvrt_0 mj7a_0 mh36_0 mp4t_0 m3h2_0 mryx_0 munh_0 mqen_m6 mpof_z0 mx7m_0 m7er_k4 mse2_k4 msts_pt\" data-analytics-interaction=\"true\" data-analytics-interaction-label=\"zoomable-image-open\" aria-disabled=\"true\"><img loading=\"lazy\" decoding=\"async\" class=\"msub_k4 mupj_5k mjru_k4 mse2_k4 mp7g_f6 mq1m_0 mj7u_0 m7er_k4 mqen_m6 m31c_d8 m0ux_fp lazyloaded\" src=\"https:\/\/a.allegroimg.com\/original\/115d46\/36857bb24949aecc684c7928c189\/Grab-pospolity-Carpinus-betulus-sadzonki-100-150cm-MROZOODPORNY-Roslina-w-postaci-sadzonka-z-golym-korzeniem\" sizes=\"auto, (min-width: 1200px) 560px, (min-width: 992px) 50vw, 100vw\" srcset=\"https:\/\/a.allegroimg.com\/s360\/115d46\/36857bb24949aecc684c7928c189\/Grab-pospolity-Carpinus-betulus-sadzonki-100-150cm-MROZOODPORNY-Roslina-w-postaci-sadzonka-z-golym-korzeniem 206w,https:\/\/a.allegroimg.com\/s720\/115d46\/36857bb24949aecc684c7928c189\/Grab-pospolity-Carpinus-betulus-sadzonki-100-150cm-MROZOODPORNY-Roslina-w-postaci-sadzonka-z-golym-korzeniem 301w,https:\/\/a.allegroimg.com\/original\/115d46\/36857bb24949aecc684c7928c189\/Grab-pospolity-Carpinus-betulus-sadzonki-100-150cm-MROZOODPORNY-Roslina-w-postaci-sadzonka-z-golym-korzeniem 301w\" alt=\"Grab pospolity Carpinus betulus sadzonki 100-150cm MROZOODPORNY Ro\u015blina w postaci sadzonka z go\u0142ym korzeniem\" width=\"273\" height=\"475\" data-src=\"https:\/\/a.allegroimg.com\/original\/115d46\/36857bb24949aecc684c7928c189\/Grab-pospolity-Carpinus-betulus-sadzonki-100-150cm-MROZOODPORNY-Roslina-w-postaci-sadzonka-z-golym-korzeniem\" data-srcset=\"https:\/\/a.allegroimg.com\/s360\/115d46\/36857bb24949aecc684c7928c189\/Grab-pospolity-Carpinus-betulus-sadzonki-100-150cm-MROZOODPORNY-Roslina-w-postaci-sadzonka-z-golym-korzeniem 206w,https:\/\/a.allegroimg.com\/s720\/115d46\/36857bb24949aecc684c7928c189\/Grab-pospolity-Carpinus-betulus-sadzonki-100-150cm-MROZOODPORNY-Roslina-w-postaci-sadzonka-z-golym-korzeniem 301w,https:\/\/a.allegroimg.com\/original\/115d46\/36857bb24949aecc684c7928c189\/Grab-pospolity-Carpinus-betulus-sadzonki-100-150cm-MROZOODPORNY-Roslina-w-postaci-sadzonka-z-golym-korzeniem 301w\" \/>\u00a0 \u00a0 \u00a0 \u00a0 \u00a0 \u00a0 \u00a0 \u00a0 \u00a0 \u00a0 <img loading=\"lazy\" decoding=\"async\" class=\"msub_k4 mupj_5k mjru_k4 mse2_k4 mp7g_f6 mq1m_0 mj7u_0 m7er_k4 mqen_m6 m31c_d8 m0ux_fp lazyloaded\" style=\"font-family: inherit; font-size: inherit; color: #7d7d7d; text-align: left;\" src=\"https:\/\/a.allegroimg.com\/original\/1189f2\/cdf7652942f7b11785daa8d418a7\/Grab-pospolity-Carpinus-betulus-sadzonki-100-150cm-MROZOODPORNY\" sizes=\"auto, (min-width: 1200px) 560px, (min-width: 992px) 50vw, 100vw\" srcset=\"https:\/\/a.allegroimg.com\/s360\/1189f2\/cdf7652942f7b11785daa8d418a7\/Grab-pospolity-Carpinus-betulus-sadzonki-100-150cm-MROZOODPORNY 148w,https:\/\/a.allegroimg.com\/s720\/1189f2\/cdf7652942f7b11785daa8d418a7\/Grab-pospolity-Carpinus-betulus-sadzonki-100-150cm-MROZOODPORNY 296w,https:\/\/a.allegroimg.com\/s1024\/1189f2\/cdf7652942f7b11785daa8d418a7\/Grab-pospolity-Carpinus-betulus-sadzonki-100-150cm-MROZOODPORNY 421w,https:\/\/a.allegroimg.com\/s1440\/1189f2\/cdf7652942f7b11785daa8d418a7\/Grab-pospolity-Carpinus-betulus-sadzonki-100-150cm-MROZOODPORNY 592w,https:\/\/a.allegroimg.com\/original\/1189f2\/cdf7652942f7b11785daa8d418a7\/Grab-pospolity-Carpinus-betulus-sadzonki-100-150cm-MROZOODPORNY 1053w\" alt=\"Grab pospolity Carpinus betulus sadzonki 100-150cm MROZOODPORNY\" width=\"279\" height=\"679\" data-src=\"https:\/\/a.allegroimg.com\/original\/1189f2\/cdf7652942f7b11785daa8d418a7\/Grab-pospolity-Carpinus-betulus-sadzonki-100-150cm-MROZOODPORNY\" data-srcset=\"https:\/\/a.allegroimg.com\/s360\/1189f2\/cdf7652942f7b11785daa8d418a7\/Grab-pospolity-Carpinus-betulus-sadzonki-100-150cm-MROZOODPORNY 148w,https:\/\/a.allegroimg.com\/s720\/1189f2\/cdf7652942f7b11785daa8d418a7\/Grab-pospolity-Carpinus-betulus-sadzonki-100-150cm-MROZOODPORNY 296w,https:\/\/a.allegroimg.com\/s1024\/1189f2\/cdf7652942f7b11785daa8d418a7\/Grab-pospolity-Carpinus-betulus-sadzonki-100-150cm-MROZOODPORNY 421w,https:\/\/a.allegroimg.com\/s1440\/1189f2\/cdf7652942f7b11785daa8d418a7\/Grab-pospolity-Carpinus-betulus-sadzonki-100-150cm-MROZOODPORNY 592w,https:\/\/a.allegroimg.com\/original\/1189f2\/cdf7652942f7b11785daa8d418a7\/Grab-pospolity-Carpinus-betulus-sadzonki-100-150cm-MROZOODPORNY 1053w\" \/><\/button><\/div>\n<\/div>\n<\/div>\n<\/div>\n<\/div>\n<div class=\"mpof_ki myre_zn myre_8v_l m389_6m_l\">\n<div class=\"mp4t_16_s mryx_16_s mr3m_1 mli2_1 mh85_56 mh85_0_l\">\n<div class=\"mgn2_16 _0d3bd_am0a-\">\n<p>&nbsp;<\/p>\n<p><b>K\u00f6vetelm\u00e9nyek\u00a0<\/b>:<\/p>\n<p>Elhelyezked\u00e9s: napos\/\u00e1rny\u00e9kos<\/p>\n<p>V\u00edzig\u00e9ny: m\u00e9rs\u00e9kelt p\u00e1ratartalom<\/p>\n<p>Talajreakci\u00f3: semleges<\/p>\n<p>Talajpreferenci\u00e1k: homokos<\/p>\n<p>Lev\u00e9lsz\u00edn: z\u00f6ld \u00d6r\u00f6kz\u00f6ld: nem<\/p>\n<p>N\u00f6veked\u00e9si \u00fctem: gyorsan n\u00f6v\u0151 n\u00f6v\u00e9ny<\/p>\n<p>N\u00f6v\u00e9nyt\u00edpus: fa<\/p>\n<p>C\u00e9lmagass\u00e1g: 20m felett<\/p>\n<p>Megk\u00fcl\u00f6nb\u00f6ztet\u0151 jegy: s\u00f6v\u00e9nyek \u00e9s sorok eset\u00e9ben<\/p>\n<\/div>\n<\/div>\n<\/div>\n<div class=\"mpof_ki myre_zn myre_8v_l m389_6m_l\">\n<div class=\"mp4t_16_s mryx_16_s mr3m_1 mli2_1 mh85_56 mh85_0_l\">\n<div class=\"mgn2_16 _0d3bd_am0a-\">\n<p>A s\u00f6v\u00e9nytelep\u00edt\u00e9s k\u00f6vetkez\u0151 szakaszait k\u00fcl\u00f6nb\u00f6ztetj\u00fck meg:<\/p>\n<ul>\n<li>Az \u00fcltet\u00e9si hely kijel\u00f6l\u00e9se kar\u00f3kkal \u00e9s zsineggel<\/li>\n<\/ul>\n<ul>\n<li>Az aljzat tiszt\u00edt\u00e1sa<\/li>\n<\/ul>\n<ul>\n<li>A talaj fellaz\u00edt\u00e1sa<\/li>\n<\/ul>\n<ul>\n<li>\u00dcltet\u0151g\u00f6dr\u00f6k \u00e1s\u00e1sa<\/li>\n<\/ul>\n<ul>\n<li>A dugv\u00e1nyok elhelyez\u00e9se az el\u0151k\u00e9sz\u00edtett lyukakba<\/li>\n<\/ul>\n<ul>\n<li>A talaj felt\u00f6lt\u00e9se \u00e9s a n\u00f6v\u00e9nyek \u00f6nt\u00f6z\u00e9se<\/li>\n<\/ul>\n<p><b>Az \u00fcltet\u00e9s ut\u00e1n a s\u00f6v\u00e9nyt b\u0151s\u00e9gesen kell \u00f6nt\u00f6zni. A tov\u00e1bbi \u00f6nt\u00f6z\u00e9s azonban ugyanolyan fontos, \u00e9s nem szabad al\u00e1becs\u00fclni.<\/b><\/p>\n<\/div>\n<\/div>\n<\/div>\n<div class=\"mpof_ki myre_zn myre_8v_l m389_6m_l\">\n<div class=\"mp4t_16_s mryx_16_s mr3m_1 mli2_1 mh85_56 mh85_0_l\">\n<div class=\"mgn2_16 _0d3bd_am0a-\">\n<p>A k\u00e9pek illusztr\u00e1ci\u00f3k, a n\u00f6v\u00e9nyek nem azonosak \u00e9s elt\u00e9rhetnek.<\/p>\n<p>&nbsp;<\/p>\n<\/div>\n<\/div>\n<\/div>\n<div class=\"mpof_ki myre_zn myre_8v_l m389_6m_l\">\n<div class=\"mp4t_16_s mryx_16_s mr3m_1 mli2_1 mh85_56 mh85_0_l\">\n<div class=\"mg9e_8 mj7a_8 mg9e_0_s mvrt_0_s mj7a_0_s mh36_0_s mzmg_6m munh_16_l m3h2_16_l\">\n<div class=\"mp4t_0 mryx_0 munh_56 m3h2_56\">\n<div class=\"mp7g_oh\"><button class=\"mg9e_0 mvrt_0 mj7a_0 mh36_0 mp4t_0 m3h2_0 mryx_0 munh_0 mqen_m6 mpof_z0 mx7m_0 m7er_k4 mse2_k4 msts_pt\" data-analytics-interaction=\"true\" data-analytics-interaction-label=\"zoomable-image-open\" aria-disabled=\"true\"><img loading=\"lazy\" decoding=\"async\" class=\"msub_k4 mupj_5k mjru_k4 mse2_k4 mp7g_f6 mq1m_0 mj7u_0 m7er_k4 mqen_m6 m31c_d8 m0ux_fp lazyloaded\" src=\"https:\/\/a.allegroimg.com\/original\/11dfc1\/c6bd14304b81bb4f53cfa2c9688e\/Grab-pospolity-Carpinus-betulus-sadzonki-100-150cm-MROZOODPORNY-Kraj-Polska\" sizes=\"auto, (min-width: 1200px) 560px, (min-width: 992px) 50vw, 100vw\" srcset=\"https:\/\/a.allegroimg.com\/s360\/11dfc1\/c6bd14304b81bb4f53cfa2c9688e\/Grab-pospolity-Carpinus-betulus-sadzonki-100-150cm-MROZOODPORNY-Kraj-Polska 360w,https:\/\/a.allegroimg.com\/s720\/11dfc1\/c6bd14304b81bb4f53cfa2c9688e\/Grab-pospolity-Carpinus-betulus-sadzonki-100-150cm-MROZOODPORNY-Kraj-Polska 720w,https:\/\/a.allegroimg.com\/s1024\/11dfc1\/c6bd14304b81bb4f53cfa2c9688e\/Grab-pospolity-Carpinus-betulus-sadzonki-100-150cm-MROZOODPORNY-Kraj-Polska 1024w,https:\/\/a.allegroimg.com\/s1440\/11dfc1\/c6bd14304b81bb4f53cfa2c9688e\/Grab-pospolity-Carpinus-betulus-sadzonki-100-150cm-MROZOODPORNY-Kraj-Polska 1130w,https:\/\/a.allegroimg.com\/original\/11dfc1\/c6bd14304b81bb4f53cfa2c9688e\/Grab-pospolity-Carpinus-betulus-sadzonki-100-150cm-MROZOODPORNY-Kraj-Polska 1130w\" alt=\"Grab pospolity Carpinus betulus sadzonki 100-150cm MROZOODPORNY Kraj Polska\" width=\"528\" height=\"398\" data-src=\"https:\/\/a.allegroimg.com\/original\/11dfc1\/c6bd14304b81bb4f53cfa2c9688e\/Grab-pospolity-Carpinus-betulus-sadzonki-100-150cm-MROZOODPORNY-Kraj-Polska\" data-srcset=\"https:\/\/a.allegroimg.com\/s360\/11dfc1\/c6bd14304b81bb4f53cfa2c9688e\/Grab-pospolity-Carpinus-betulus-sadzonki-100-150cm-MROZOODPORNY-Kraj-Polska 360w,https:\/\/a.allegroimg.com\/s720\/11dfc1\/c6bd14304b81bb4f53cfa2c9688e\/Grab-pospolity-Carpinus-betulus-sadzonki-100-150cm-MROZOODPORNY-Kraj-Polska 720w,https:\/\/a.allegroimg.com\/s1024\/11dfc1\/c6bd14304b81bb4f53cfa2c9688e\/Grab-pospolity-Carpinus-betulus-sadzonki-100-150cm-MROZOODPORNY-Kraj-Polska 1024w,https:\/\/a.allegroimg.com\/s1440\/11dfc1\/c6bd14304b81bb4f53cfa2c9688e\/Grab-pospolity-Carpinus-betulus-sadzonki-100-150cm-MROZOODPORNY-Kraj-Polska 1130w,https:\/\/a.allegroimg.com\/original\/11dfc1\/c6bd14304b81bb4f53cfa2c9688e\/Grab-pospolity-Carpinus-betulus-sadzonki-100-150cm-MROZOODPORNY-Kraj-Polska 1130w\" \/>\u00a0 \u00a0 \u00a0 \u00a0 \u00a0 <img loading=\"lazy\" decoding=\"async\" class=\"msub_k4 mupj_5k mjru_k4 mse2_k4 mp7g_f6 mq1m_0 mj7u_0 m7er_k4 mqen_m6 m31c_d8 m0ux_fp lazyloaded\" style=\"font-family: inherit; font-size: inherit; color: #7d7d7d; text-align: left;\" src=\"https:\/\/a.allegroimg.com\/original\/11a910\/18efe9aa4f17b8f1a8a6035ded59\/Grab-pospolity-Carpinus-betulus-sadzonki-100-150cm-MROZOODPORNY-Rodzaj-rosliny-Grab\" sizes=\"auto, (min-width: 1200px) 560px, (min-width: 992px) 50vw, 100vw\" srcset=\"https:\/\/a.allegroimg.com\/s360\/11a910\/18efe9aa4f17b8f1a8a6035ded59\/Grab-pospolity-Carpinus-betulus-sadzonki-100-150cm-MROZOODPORNY-Rodzaj-rosliny-Grab 360w,https:\/\/a.allegroimg.com\/s720\/11a910\/18efe9aa4f17b8f1a8a6035ded59\/Grab-pospolity-Carpinus-betulus-sadzonki-100-150cm-MROZOODPORNY-Rodzaj-rosliny-Grab 720w,https:\/\/a.allegroimg.com\/s1024\/11a910\/18efe9aa4f17b8f1a8a6035ded59\/Grab-pospolity-Carpinus-betulus-sadzonki-100-150cm-MROZOODPORNY-Rodzaj-rosliny-Grab 1024w,https:\/\/a.allegroimg.com\/s1440\/11a910\/18efe9aa4f17b8f1a8a6035ded59\/Grab-pospolity-Carpinus-betulus-sadzonki-100-150cm-MROZOODPORNY-Rodzaj-rosliny-Grab 1130w,https:\/\/a.allegroimg.com\/original\/11a910\/18efe9aa4f17b8f1a8a6035ded59\/Grab-pospolity-Carpinus-betulus-sadzonki-100-150cm-MROZOODPORNY-Rodzaj-rosliny-Grab 1130w\" alt=\"Grab pospolity Carpinus betulus sadzonki 100-150cm MROZOODPORNY Rodzaj ro\u015bliny Grab\" width=\"528\" height=\"397\" data-src=\"https:\/\/a.allegroimg.com\/original\/11a910\/18efe9aa4f17b8f1a8a6035ded59\/Grab-pospolity-Carpinus-betulus-sadzonki-100-150cm-MROZOODPORNY-Rodzaj-rosliny-Grab\" data-srcset=\"https:\/\/a.allegroimg.com\/s360\/11a910\/18efe9aa4f17b8f1a8a6035ded59\/Grab-pospolity-Carpinus-betulus-sadzonki-100-150cm-MROZOODPORNY-Rodzaj-rosliny-Grab 360w,https:\/\/a.allegroimg.com\/s720\/11a910\/18efe9aa4f17b8f1a8a6035ded59\/Grab-pospolity-Carpinus-betulus-sadzonki-100-150cm-MROZOODPORNY-Rodzaj-rosliny-Grab 720w,https:\/\/a.allegroimg.com\/s1024\/11a910\/18efe9aa4f17b8f1a8a6035ded59\/Grab-pospolity-Carpinus-betulus-sadzonki-100-150cm-MROZOODPORNY-Rodzaj-rosliny-Grab 1024w,https:\/\/a.allegroimg.com\/s1440\/11a910\/18efe9aa4f17b8f1a8a6035ded59\/Grab-pospolity-Carpinus-betulus-sadzonki-100-150cm-MROZOODPORNY-Rodzaj-rosliny-Grab 1130w,https:\/\/a.allegroimg.com\/original\/11a910\/18efe9aa4f17b8f1a8a6035ded59\/Grab-pospolity-Carpinus-betulus-sadzonki-100-150cm-MROZOODPORNY-Rodzaj-rosliny-Grab 1130w\" \/><\/button><\/div>\n<\/div>\n<\/div>\n<\/div>\n<\/div>\n<div class=\"mpof_ki myre_zn myre_8v_l m389_6m_l\">\n<div class=\"mp4t_16_s mryx_16_s mr3m_1 mli2_1 mh85_56 mh85_0_l\">\n<div class=\"mgn2_16 _0d3bd_am0a-\">\n<p>&nbsp;<\/p>\n<\/div>\n<\/div>\n<\/div>\n<div class=\"mpof_ki myre_zn myre_8v_l m389_6m_l\">\n<div class=\"mp4t_16_s mryx_16_s mr3m_1 mli2_1 mh85_56 mh85_0_l\">\n<div class=\"mgn2_16 _0d3bd_am0a-\">\n<p>&nbsp;<\/p>\n<\/div>\n<\/div>\n<\/div>\n<div class=\"mpof_ki myre_zn myre_8v_l m389_6m_l\">\n<div class=\"mp4t_16_s mryx_16_s mr3m_1 mli2_1 mh85_56 mh85_0_l\">\n<div class=\"mgn2_16 _0d3bd_am0a-\">\n<p>\"Kijelentem, hogy a n\u00f6v\u00e9nyi k\u00e1rtev\u0151k elleni v\u00e9dekez\u00e9si int\u00e9zked\u00e9sekr\u0151l, a 228\/2013\/EU, a 652\/2014\/EU \u00e9s az 1143\/2014\/EU eur\u00f3pai parlamenti \u00e9s tan\u00e1csi rendelet m\u00f3dos\u00edt\u00e1s\u00e1r\u00f3l, valamint a 69\/464\/EGK, 74\/647\/EGK, 93\/85\/EGK, 98\/57\/EK, 2000\/29\/EK, 2006\/91\/EK \u00e9s 2007\/33\/EK tan\u00e1csi ir\u00e1nyelvek hat\u00e1lyon k\u00edv\u00fcl helyez\u00e9s\u00e9r\u0151l sz\u00f3l\u00f3, 2016. okt\u00f3ber 26-i (EU) 2016\/2031 eur\u00f3pai parlamenti \u00e9s tan\u00e1csi rendeletnek megfelel\u0151en minden n\u00f6v\u00e9nyt vagy vet\u0151magot \u00fatlev\u00e9l k\u00eds\u00e9r.\".<\/p>\n<\/div>\n<\/div>\n<\/div>\n<\/section>\n<\/div>\n<\/section>","protected":false},"excerpt":{"rendered":"<p>Grab Pospolity\u00a0 100-150 cm\u00a0(Carpinus betulus) \u2013 Kr\u00f3l\u00a0 \u017bywop\u0142ot\u00f3w Stawiaj\u0105c na grab pospolity, wybieraj\u0105 pa\u0144stwo ro\u015blin\u0119, kt\u00f3ra \u0142\u0105czy walory ozdobne i funkcjonalne. Dzi\u0119ki swojej wyj\u0105tkowej tendencji do samo rozkrzewiania oraz doskona\u0142ej tolerancji na ci\u0119cie, grab jest idealnym wyborem na formowane \u017cywop\u0142oty. Sadzonki grabu to \u015bwietny wyb\u00f3r dla tych, kt\u00f3rzy ceni\u0105 trwa\u0142o\u015b\u0107, \u0142atwo\u015b\u0107 formowania, sprawdzi si\u0119 idealnie [&hellip;]<\/p>\n","protected":false},"featured_media":8266,"template":"","meta":[],"product_brand":[],"product_cat":[303],"product_tag":[],"class_list":{"0":"post-8271","1":"product","2":"type-product","3":"status-publish","4":"has-post-thumbnail","6":"product_cat-graby","8":"first","9":"instock","10":"taxable","11":"shipping-taxable","12":"purchasable","13":"product-type-variable"},"_links":{"self":[{"href":"https:\/\/livingfance.com\/hu\/wp-json\/wp\/v2\/product\/8271","targetHints":{"allow":["GET"]}}],"collection":[{"href":"https:\/\/livingfance.com\/hu\/wp-json\/wp\/v2\/product"}],"about":[{"href":"https:\/\/livingfance.com\/hu\/wp-json\/wp\/v2\/types\/product"}],"wp:featuredmedia":[{"embeddable":true,"href":"https:\/\/livingfance.com\/hu\/wp-json\/wp\/v2\/media\/8266"}],"wp:attachment":[{"href":"https:\/\/livingfance.com\/hu\/wp-json\/wp\/v2\/media?parent=8271"}],"wp:term":[{"taxonomy":"product_brand","embeddable":true,"href":"https:\/\/livingfance.com\/hu\/wp-json\/wp\/v2\/product_brand?post=8271"},{"taxonomy":"product_cat","embeddable":true,"href":"https:\/\/livingfance.com\/hu\/wp-json\/wp\/v2\/product_cat?post=8271"},{"taxonomy":"product_tag","embeddable":true,"href":"https:\/\/livingfance.com\/hu\/wp-json\/wp\/v2\/product_tag?post=8271"}],"curies":[{"name":"wp","href":"https:\/\/api.w.org\/{rel}","templated":true}]}}