{"id":8156,"date":"2026-02-01T20:31:20","date_gmt":"2026-02-01T19:31:20","guid":{"rendered":"https:\/\/livingfance.com\/pl\/product\/grab-pospolity-sadzonki-150-200cm-szkolkowany-gotowy-zywoplot\/"},"modified":"2026-02-11T17:29:36","modified_gmt":"2026-02-11T16:29:36","slug":"grab-pospolity-sadzonki-150-200cm-szkolkowany-gotowy-zywoplot","status":"publish","type":"product","link":"https:\/\/livingfance.com\/hu\/product\/grab-pospolity-sadzonki-150-200cm-szkolkowany-gotowy-zywoplot\/","title":{"rendered":"Grab pospolity sadzonki 150-200cm Szk\u00f3\u0142kowany Gotowy \u017cywop\u0142ot"},"content":{"rendered":"<section class=\"section\">\n<div class=\"item item-12\">\n<section class=\"text-item\">\n<div class=\"mpof_ki myre_zn myre_8v_l m389_6m_l\">\n<div class=\"mp4t_16_s mryx_16_s mr3m_1 mli2_1 mh85_56 mh85_0_l\">\n<div class=\"mgn2_16 _0d3bd_am0a-\">\n<p><b>Witam mam do zaoferowania sadzonki graba SZK\u00d3\u0141KOWANEGO 150-200cm GOTOWA SADZONKA NA \u017bYWOP\u0141OT<\/b><\/p>\n<p><b>3 SZTUKI NA METR<\/b><\/p>\n<p><b>Ha a k\u00f6z\u00f6ns\u00e9ges gyerty\u00e1n mellett d\u00f6nt, olyan n\u00f6v\u00e9nyt v\u00e1laszt, amely egyes\u00edti a d\u00edsz\u00edt\u0151 \u00e9s a funkcion\u00e1lis tulajdons\u00e1gokat. Kiv\u00e9teles \u00f6nbokrosod\u00e1si hajlam\u00e1nak \u00e9s kiv\u00e1l\u00f3 metsz\u00e9st\u0171r\u00e9s\u00e9nek k\u00f6sz\u00f6nhet\u0151en a gyerty\u00e1n ide\u00e1lis v\u00e1laszt\u00e1s a s\u00f6v\u00e9nyek kialak\u00edt\u00e1s\u00e1hoz. A gyerty\u00e1n dugv\u00e1nyok kiv\u00e1l\u00f3 v\u00e1laszt\u00e1s azok sz\u00e1m\u00e1ra, akik \u00e9rt\u00e9kelik a tart\u00f3ss\u00e1got, a k\u00f6nny\u0171 alak\u00edthat\u00f3s\u00e1got, \u00e9s ide\u00e1lis d\u00edsz\u00edt\u0151elemnek bizonyulnak a kertben. Ha olyan n\u00f6v\u00e9nyt keres, amely sz\u00edv\u00f3s \u00e9s k\u00f6nnyen termeszthet\u0151, a k\u00f6z\u00f6ns\u00e9ges gyerty\u00e1n t\u00f6k\u00e9letes megold\u00e1s lesz.<\/b><\/p>\n<p><b>Pal\u00e1ntanevel\u00e9s - ez az \u00e1ltalunk alkalmazott elj\u00e1r\u00e1s, c\u00e9lja, hogy a pal\u00e1nt\u00e1kban egy csom\u00f3sodott \u00e9s sek\u00e9ly gy\u00f6k\u00e9rzetet hozzon l\u00e9tre, amely sz\u00e1mos finom gy\u00f6k\u00e9rben gazdag lesz, ami majdnem 100% \u00e1tv\u00e9tel\u00e9t eredm\u00e9nyezi.<\/b><\/p>\n<p>A k\u00edn\u00e1lt anyag magas min\u0151s\u00e9g\u00e9nek k\u00f6sz\u00f6nhet\u0151en elnyert\u00fck \u00fcgyfeleink elismer\u00e9s\u00e9t, sok\u00e9ves tapasztalatunk pedig garant\u00e1lja, hogy a pal\u00e1nt\u00e1k beszerz\u00e9se \u00e9s sz\u00e1ll\u00edt\u00e1sa a legmagasabb sz\u00ednvonalon t\u00f6rt\u00e9nik.<\/p>\n<p><b>Ha a mi n\u00f6v\u00e9nyeinket v\u00e1lasztja, garant\u00e1ljuk:<\/b><\/p>\n<p><b>Versenyk\u00e9pes \u00e1rak<\/b>\u00a0- a n\u00f6v\u00e9nyeket a faiskol\u00e1ban termesztj\u00fck, \u00edgy garant\u00e1lni tudjuk \u00d6nnek a lehet\u0151 legalacsonyabb \u00e1rakat.<\/p>\n<p><b>Ha t\u0151l\u00fcnk v\u00e1s\u00e1rol<\/b>\u00a0a n\u00f6v\u00e9nyek biztosak lehetnek abban, hogy v\u00e9dve lesznek, \u00e9s nagy gondoss\u00e1ggal csomagolj\u00e1k \u0151ket a nedvess\u00e9gvesztes\u00e9g ellen, hogy eljussanak \u00d6nh\u00f6z.<b>\u00e9ps\u00e9gben.<\/b><\/p>\n<\/div>\n<\/div>\n<\/div>\n<div class=\"mpof_ki myre_zn myre_8v_l m389_6m_l\">\n<div class=\"mp4t_16_s mryx_16_s mr3m_1 mli2_1 mh85_56 mh85_0_l\">\n<div class=\"mgn2_16 _0d3bd_am0a-\">\n<p><b>K\u00f6z\u00f6ns\u00e9ges gyerty\u00e1n<\/b>, \u00e1ltal\u00e1ban 25 m\u00e9teresre megn\u00f6v\u0151 fa, amelynek koron\u00e1ja er\u0151sen megvastagodott, sz\u00e9les. A Carpinus nemzets\u00e9g egyetlen, Lengyelorsz\u00e1gban term\u0151 taxonja.<\/p>\n<p>S\u00f6v\u00e9nyekhez haszn\u00e1lt d\u00edszn\u00f6v\u00e9ny Jellemz\u0151je, hogy hajlamos gy\u00f6k\u00e9rsz\u00e1rmaz\u00e9kokat termelni, amelyeket a kert\u00e9szetben a s\u00f6v\u00e9nyek megvastag\u00edt\u00e1s\u00e1ra haszn\u00e1lnak. Nagyon j\u00f3l t\u0171ri a metsz\u00e9st, \u00e9s alkalmas szoliternek \u00e9s bonsainak is.<\/p>\n<p>A gyerty\u00e1nfa nagyon kem\u00e9ny, neh\u00e9z, rugalmas \u00e9s nehezen megmunk\u00e1lhat\u00f3, \u00e9s t\u00fczel\u0151anyagk\u00e9nt haszn\u00e1lj\u00e1k. A f\u00e1ink k\u00f6z\u00fcl az egyik legmagasabb f\u0171t\u0151\u00e9rt\u00e9kkel rendelkezik.<\/p>\n<p><b>\u00dcltet\u00e9s s\u00f6v\u00e9nynek:<\/b><\/p>\n<p>1 rz\u0105d &#8212;-&gt; 3szt \/ mb<\/p>\n<p>2 rz\u0119dy &#8212;-&gt; 4 szt\/mb<\/p>\n<p>A dugv\u00e1nyokat minden \u00e9vben meg kell metszeni, hogy s\u0171r\u0171 s\u00f6v\u00e9nyt hozzon l\u00e9tre.<\/p>\n<p><b>Ciekawostka:<\/b>\u00a0Drewno graba jest jasne i twarde. Wyrabiamy z niego r\u00f3\u017cne narz\u0119dzia oraz u\u017cywamy do produkcji wysokiej jako\u015bci w\u0119gla drzewnego.<\/p>\n<p>&nbsp;<\/p>\n<\/div>\n<\/div>\n<div class=\"mp4t_16_s mryx_16_s mr3m_1 mli2_1 mh85_56 mh85_0_l\">\n<div class=\"mg9e_8 mj7a_8 mg9e_0_s mvrt_0_s mj7a_0_s mh36_0_s mzmg_6m munh_16_l m3h2_16_l\">\n<div class=\"mp4t_0 mryx_0 munh_56 m3h2_56\">\n<div class=\"mp7g_oh\"><button class=\"mg9e_0 mvrt_0 mj7a_0 mh36_0 mp4t_0 m3h2_0 mryx_0 munh_0 mqen_m6 mpof_z0 mx7m_0 m7er_k4 mse2_k4 msts_pt\" data-analytics-interaction=\"true\" data-analytics-interaction-label=\"zoomable-image-open\" aria-disabled=\"true\"><img loading=\"lazy\" decoding=\"async\" class=\"msub_k4 mupj_5k mjru_k4 mse2_k4 mp7g_f6 mq1m_0 mj7u_0 m7er_k4 mqen_m6 m31c_d8 m0ux_fp lazyloaded\" src=\"https:\/\/a.allegroimg.com\/original\/1151f9\/a69a48274804bb325207ab5d8c83\/Grab-pospolity-sadzonki-150-200cm-Szkolkowany-Gotowy-zywoplot\" sizes=\"auto, (min-width: 1200px) 560px, (min-width: 992px) 50vw, 100vw\" srcset=\"https:\/\/a.allegroimg.com\/s360\/1151f9\/a69a48274804bb325207ab5d8c83\/Grab-pospolity-sadzonki-150-200cm-Szkolkowany-Gotowy-zywoplot 109w,https:\/\/a.allegroimg.com\/s720\/1151f9\/a69a48274804bb325207ab5d8c83\/Grab-pospolity-sadzonki-150-200cm-Szkolkowany-Gotowy-zywoplot 218w,https:\/\/a.allegroimg.com\/s1024\/1151f9\/a69a48274804bb325207ab5d8c83\/Grab-pospolity-sadzonki-150-200cm-Szkolkowany-Gotowy-zywoplot 310w,https:\/\/a.allegroimg.com\/s1440\/1151f9\/a69a48274804bb325207ab5d8c83\/Grab-pospolity-sadzonki-150-200cm-Szkolkowany-Gotowy-zywoplot 437w,https:\/\/a.allegroimg.com\/original\/1151f9\/a69a48274804bb325207ab5d8c83\/Grab-pospolity-sadzonki-150-200cm-Szkolkowany-Gotowy-zywoplot 777w\" alt=\"Grab pospolity sadzonki 150-200cm Szk\u00f3\u0142kowany Gotowy \u017cywop\u0142ot\" width=\"244\" height=\"804\" data-srcset=\"\" \/>\u00a0 \u00a0 \u00a0 \u00a0 \u00a0 \u00a0 \u00a0 \u00a0 \u00a0 <img loading=\"lazy\" decoding=\"async\" class=\"msub_k4 mupj_5k mjru_k4 mse2_k4 mp7g_f6 mq1m_0 mj7u_0 m7er_k4 mqen_m6 m31c_d8 m0ux_fp lazyloaded\" style=\"font-family: inherit; font-size: inherit; color: #7d7d7d; text-align: left;\" src=\"https:\/\/a.allegroimg.com\/original\/112363\/37b617c3483a858aae94a3c4337b\/Grab-pospolity-sadzonki-150-200cm-Szkolkowany-Gotowy-zywoplot-Producent-nieznany-producent\" sizes=\"auto, (min-width: 1200px) 560px, (min-width: 992px) 50vw, 100vw\" srcset=\"https:\/\/a.allegroimg.com\/s360\/112363\/37b617c3483a858aae94a3c4337b\/Grab-pospolity-sadzonki-150-200cm-Szkolkowany-Gotowy-zywoplot-Producent-nieznany-producent 108w,https:\/\/a.allegroimg.com\/s720\/112363\/37b617c3483a858aae94a3c4337b\/Grab-pospolity-sadzonki-150-200cm-Szkolkowany-Gotowy-zywoplot-Producent-nieznany-producent 217w,https:\/\/a.allegroimg.com\/s1024\/112363\/37b617c3483a858aae94a3c4337b\/Grab-pospolity-sadzonki-150-200cm-Szkolkowany-Gotowy-zywoplot-Producent-nieznany-producent 309w,https:\/\/a.allegroimg.com\/s1440\/112363\/37b617c3483a858aae94a3c4337b\/Grab-pospolity-sadzonki-150-200cm-Szkolkowany-Gotowy-zywoplot-Producent-nieznany-producent 435w,https:\/\/a.allegroimg.com\/original\/112363\/37b617c3483a858aae94a3c4337b\/Grab-pospolity-sadzonki-150-200cm-Szkolkowany-Gotowy-zywoplot-Producent-nieznany-producent 448w\" alt=\"Grab pospolity sadzonki 150-200cm Szk\u00f3\u0142kowany Gotowy \u017cywop\u0142ot Producent nieznany producent\" width=\"244\" height=\"808\" data-srcset=\"\" \/><\/button><\/div>\n<\/div>\n<\/div>\n<\/div>\n<\/div>\n<div class=\"mpof_ki myre_zn myre_8v_l m389_6m_l\">\n<div class=\"mp4t_16_s mryx_16_s mr3m_1 mli2_1 mh85_56 mh85_0_l\">\n<div class=\"mgn2_16 _0d3bd_am0a-\">\n<p>&nbsp;<\/p>\n<p><b>K\u00f6vetelm\u00e9nyek\u00a0<\/b>:<\/p>\n<p>Elhelyezked\u00e9s: napos\/\u00e1rny\u00e9kos<\/p>\n<p>V\u00edzig\u00e9ny: m\u00e9rs\u00e9kelt p\u00e1ratartalom<\/p>\n<p>Talajreakci\u00f3: semleges<\/p>\n<p>Talajpreferenci\u00e1k: homokos<\/p>\n<p>Lev\u00e9lsz\u00edn: z\u00f6ld \u00d6r\u00f6kz\u00f6ld: nem<\/p>\n<p>N\u00f6veked\u00e9si \u00fctem: gyorsan n\u00f6v\u0151 n\u00f6v\u00e9ny<\/p>\n<p>N\u00f6v\u00e9nyt\u00edpus: fa<\/p>\n<p>C\u00e9lmagass\u00e1g: 20m felett<\/p>\n<p>Megk\u00fcl\u00f6nb\u00f6ztet\u0151 jegy: s\u00f6v\u00e9nyek \u00e9s sorok eset\u00e9ben<\/p>\n<\/div>\n<\/div>\n<\/div>\n<div class=\"mpof_ki myre_zn myre_8v_l m389_6m_l\">\n<div class=\"mp4t_16_s mryx_16_s mr3m_1 mli2_1 mh85_56 mh85_0_l\">\n<div class=\"mgn2_16 _0d3bd_am0a-\">\n<p>&nbsp;<\/p>\n<h4><b>\u2b50 Dlaczego warto kupi\u0107 u nas? \u2b50<\/b><\/h4>\n<p>\ud83c\udf31 Sprawdzone sadzonki PREMIUM<\/p>\n<p>Oferujemy wy\u0142\u0105cznie zdrowe, starannie wyselekcjonowane ro\u015bliny o silnym systemie korzeniowym.<\/p>\n<p>\ud83d\udce6 Bezpieczne pakowanie<\/p>\n<p>Ka\u017cda sadzonka jest solidnie zabezpieczona na czas transportu, aby dotar\u0142a do Ciebie w idealnym stanie.<\/p>\n<p>\ud83d\ude9a Szybka wysy\u0142ka<\/p>\n<p>Zam\u00f3wienia realizujemy sprawnie i terminowo \u2013 ro\u015bliny nie czekaj\u0105 w magazynie.<\/p>\n<p>\ud83c\udf3f Do\u015bwiadczenie i pasja<\/p>\n<p>Od lat zajmujemy si\u0119 upraw\u0105 ro\u015blin \u2013 wiemy, jak zadba\u0107 o ich jako\u015b\u0107 od pocz\u0105tku do ko\u0144ca.<\/p>\n<p>\ud83d\udcac Pomoc i doradztwo<\/p>\n<p>Ch\u0119tnie podpowiemy w kwestii sadzenia i piel\u0119gnacji \u2013 kupujesz u specjalist\u00f3w.<\/p>\n<p>\u2b50 Wysokie oceny i zadowoleni klienci<\/p>\n<p>Nasz\u0105 jako\u015b\u0107 potwierdzaj\u0105 liczne pozytywne opinie kupuj\u0105cych.<\/p>\n<\/div>\n<\/div>\n<\/div>\n<div class=\"mpof_ki myre_zn myre_8v_l m389_6m_l\">\n<div class=\"mp4t_16_s mryx_16_s mr3m_1 mli2_1 mh85_56 mh85_0_l\">\n<div class=\"mgn2_16 _0d3bd_am0a-\">\n<p>&nbsp;<\/p>\n<h4><b>\ud83c\udf31 Instrukcja sadzenia \u2013 go\u0142y korze\u0144<\/b><\/h4>\n<p>1\ufe0f\u20e3 Termin sadzenia<\/p>\n<p>Najlepszy czas to wczesna wiosna lub jesie\u0144. Ro\u015bliny z go\u0142ym korzeniem nale\u017cy posadzi\u0107 mo\u017cliwie szybko po otrzymaniu.<\/p>\n<p>2\ufe0f\u20e3 Przygotowanie korzeni<\/p>\n<p>Przed sadzeniem zanurz korzenie w wodzie, aby dobrze si\u0119 nawodni\u0142y.<\/p>\n<p>3\ufe0f\u20e3 Wykopanie do\u0142ka<\/p>\n<p>Wykop do\u0142ek 2\u00d7 wi\u0119kszy ni\u017c system korzeniowy. Spulchnij dno i w razie potrzeby dodaj \u017cyznej ziemi.<\/p>\n<p>4\ufe0f\u20e3 Sadzenie<\/p>\n<p>Umie\u015b\u0107 ro\u015blin\u0119 na takiej g\u0142\u0119boko\u015bci, na jakiej ros\u0142a wcze\u015bniej w gruncie. Zasyp ziemi\u0105 i delikatnie ugnie\u0107.<\/p>\n<p>5\ufe0f\u20e3 Podlewanie<\/p>\n<p>Obficie podlewaj po posadzeniu.<\/p>\n<p>\ud83d\udca1 Wskaz\u00f3wka:<\/p>\n<p>Po posadzeniu mo\u017cna delikatnie przyci\u0105\u0107 ro\u015bliny, aby pobudzi\u0107 je do krzewienia.<\/p>\n<p><b>Az \u00fcltet\u00e9s ut\u00e1n a s\u00f6v\u00e9nyt b\u0151s\u00e9gesen kell \u00f6nt\u00f6zni. A tov\u00e1bbi \u00f6nt\u00f6z\u00e9s azonban ugyanolyan fontos, \u00e9s nem szabad al\u00e1becs\u00fclni.<\/b><\/p>\n<p>&nbsp;<\/p>\n<\/div>\n<\/div>\n<\/div>\n<div class=\"mpof_ki myre_zn myre_8v_l m389_6m_l\">\n<div class=\"mp4t_16_s mryx_16_s mr3m_1 mli2_1 mh85_56 mh85_0_l\">\n<div class=\"mg9e_8 mj7a_8 mg9e_0_s mvrt_0_s mj7a_0_s mh36_0_s mzmg_6m munh_16_l m3h2_16_l\">\n<div class=\"mp4t_0 mryx_0 munh_56 m3h2_56\">\n<div class=\"mp7g_oh\"><button class=\"mg9e_0 mvrt_0 mj7a_0 mh36_0 mp4t_0 m3h2_0 mryx_0 munh_0 mqen_m6 mpof_z0 mx7m_0 m7er_k4 mse2_k4 msts_pt\" data-analytics-interaction=\"true\" data-analytics-interaction-label=\"zoomable-image-open\" aria-disabled=\"true\"><img loading=\"lazy\" decoding=\"async\" class=\"msub_k4 mupj_5k mjru_k4 mse2_k4 mp7g_f6 mq1m_0 mj7u_0 m7er_k4 mqen_m6 m31c_d8 m0ux_fp lazyloaded\" src=\"https:\/\/a.allegroimg.com\/original\/11dfc1\/c6bd14304b81bb4f53cfa2c9688e\/Grab-pospolity-sadzonki-150-200cm-Szkolkowany-Gotowy-zywoplot-Kraj-Polska\" sizes=\"auto, (min-width: 1200px) 560px, (min-width: 992px) 50vw, 100vw\" srcset=\"https:\/\/a.allegroimg.com\/s360\/11dfc1\/c6bd14304b81bb4f53cfa2c9688e\/Grab-pospolity-sadzonki-150-200cm-Szkolkowany-Gotowy-zywoplot-Kraj-Polska 360w,https:\/\/a.allegroimg.com\/s720\/11dfc1\/c6bd14304b81bb4f53cfa2c9688e\/Grab-pospolity-sadzonki-150-200cm-Szkolkowany-Gotowy-zywoplot-Kraj-Polska 720w,https:\/\/a.allegroimg.com\/s1024\/11dfc1\/c6bd14304b81bb4f53cfa2c9688e\/Grab-pospolity-sadzonki-150-200cm-Szkolkowany-Gotowy-zywoplot-Kraj-Polska 1024w,https:\/\/a.allegroimg.com\/s1440\/11dfc1\/c6bd14304b81bb4f53cfa2c9688e\/Grab-pospolity-sadzonki-150-200cm-Szkolkowany-Gotowy-zywoplot-Kraj-Polska 1130w,https:\/\/a.allegroimg.com\/original\/11dfc1\/c6bd14304b81bb4f53cfa2c9688e\/Grab-pospolity-sadzonki-150-200cm-Szkolkowany-Gotowy-zywoplot-Kraj-Polska 1130w\" alt=\"Grab pospolity sadzonki 150-200cm Szk\u00f3\u0142kowany Gotowy \u017cywop\u0142ot Kraj Polska\" width=\"568\" height=\"428\" data-srcset=\"\" \/> \u00a0<img loading=\"lazy\" decoding=\"async\" class=\"msub_k4 mupj_5k mjru_k4 mse2_k4 mp7g_f6 mq1m_0 mj7u_0 m7er_k4 mqen_m6 m31c_d8 m0ux_fp lazyloaded\" style=\"font-family: inherit; font-size: inherit; color: #7d7d7d; text-align: left;\" src=\"https:\/\/a.allegroimg.com\/original\/118f49\/65f79b2d47f1ab6cba21f964f413\/Grab-pospolity-sadzonki-150-200cm-Szkolkowany-Gotowy-zywoplot-Nazwa-lacinska-carpinus-betulus\" sizes=\"auto, (min-width: 1200px) 560px, (min-width: 992px) 50vw, 100vw\" srcset=\"https:\/\/a.allegroimg.com\/s360\/118f49\/65f79b2d47f1ab6cba21f964f413\/Grab-pospolity-sadzonki-150-200cm-Szkolkowany-Gotowy-zywoplot-Nazwa-lacinska-carpinus-betulus 360w,https:\/\/a.allegroimg.com\/s720\/118f49\/65f79b2d47f1ab6cba21f964f413\/Grab-pospolity-sadzonki-150-200cm-Szkolkowany-Gotowy-zywoplot-Nazwa-lacinska-carpinus-betulus 720w,https:\/\/a.allegroimg.com\/s1024\/118f49\/65f79b2d47f1ab6cba21f964f413\/Grab-pospolity-sadzonki-150-200cm-Szkolkowany-Gotowy-zywoplot-Nazwa-lacinska-carpinus-betulus 1024w,https:\/\/a.allegroimg.com\/s1440\/118f49\/65f79b2d47f1ab6cba21f964f413\/Grab-pospolity-sadzonki-150-200cm-Szkolkowany-Gotowy-zywoplot-Nazwa-lacinska-carpinus-betulus 1440w,https:\/\/a.allegroimg.com\/original\/118f49\/65f79b2d47f1ab6cba21f964f413\/Grab-pospolity-sadzonki-150-200cm-Szkolkowany-Gotowy-zywoplot-Nazwa-lacinska-carpinus-betulus 1906w\" alt=\"Grab pospolity sadzonki 150-200cm Szk\u00f3\u0142kowany Gotowy \u017cywop\u0142ot Nazwa \u0142aci\u0144ska carpinus betulus\" width=\"425\" height=\"425\" data-srcset=\"\" \/><\/button><\/div>\n<\/div>\n<\/div>\n<\/div>\n<\/div>\n<div class=\"mpof_ki myre_zn myre_8v_l m389_6m_l\">\n<div class=\"mp4t_16_s mryx_16_s mr3m_1 mli2_1 mh85_56 mh85_0_l\">\n<div class=\"mgn2_16 _0d3bd_am0a-\">\n<p>&nbsp;<\/p>\n<p>A k\u00e9pek illusztr\u00e1ci\u00f3k, a n\u00f6v\u00e9nyek nem azonosak \u00e9s elt\u00e9rhetnek.<\/p>\n<\/div>\n<\/div>\n<\/div>\n<div class=\"mpof_ki myre_zn myre_8v_l m389_6m_l\">\n<div class=\"mp4t_16_s mryx_16_s mr3m_1 mli2_1 mh85_56 mh85_0_l\">\n<div class=\"mgn2_16 _0d3bd_am0a-\">\n<p>\"Kijelentem, hogy a n\u00f6v\u00e9nyi k\u00e1rtev\u0151k elleni v\u00e9dekez\u00e9si int\u00e9zked\u00e9sekr\u0151l, a 228\/2013\/EU, a 652\/2014\/EU \u00e9s az 1143\/2014\/EU eur\u00f3pai parlamenti \u00e9s tan\u00e1csi rendelet m\u00f3dos\u00edt\u00e1s\u00e1r\u00f3l, valamint a 69\/464\/EGK, 74\/647\/EGK, 93\/85\/EGK, 98\/57\/EK, 2000\/29\/EK, 2006\/91\/EK \u00e9s 2007\/33\/EK tan\u00e1csi ir\u00e1nyelvek hat\u00e1lyon k\u00edv\u00fcl helyez\u00e9s\u00e9r\u0151l sz\u00f3l\u00f3, 2016. okt\u00f3ber 26-i (EU) 2016\/2031 eur\u00f3pai parlamenti \u00e9s tan\u00e1csi rendeletnek megfelel\u0151en minden n\u00f6v\u00e9nyt vagy vet\u0151magot \u00fatlev\u00e9l k\u00eds\u00e9r.\".<\/p>\n<\/div>\n<\/div>\n<\/div>\n<\/section>\n<\/div>\n<\/section>","protected":false},"excerpt":{"rendered":"<p>Witam mam do zaoferowania sadzonki graba SZK\u00d3\u0141KOWANEGO 150-200cm GOTOWA SADZONKA NA \u017bYWOP\u0141OT 3 SZTUKI NA METR Stawiaj\u0105c na grab pospolity, wybieraj\u0105 pa\u0144stwo ro\u015blin\u0119, kt\u00f3ra \u0142\u0105czy walory ozdobne i funkcjonalne. Dzi\u0119ki swojej wyj\u0105tkowej tendencji do samo rozkrzewiania oraz doskona\u0142ej tolerancji na ci\u0119cie, grab jest idealnym wyborem na formowane \u017cywop\u0142oty. Sadzonki grabu to \u015bwietny wyb\u00f3r dla tych, [&hellip;]<\/p>\n","protected":false},"featured_media":8152,"template":"","meta":[],"product_brand":[],"product_cat":[303],"product_tag":[],"class_list":{"0":"post-8156","1":"product","2":"type-product","3":"status-publish","4":"has-post-thumbnail","6":"product_cat-graby","8":"first","9":"instock","10":"taxable","11":"shipping-taxable","12":"purchasable","13":"product-type-simple"},"_links":{"self":[{"href":"https:\/\/livingfance.com\/hu\/wp-json\/wp\/v2\/product\/8156","targetHints":{"allow":["GET"]}}],"collection":[{"href":"https:\/\/livingfance.com\/hu\/wp-json\/wp\/v2\/product"}],"about":[{"href":"https:\/\/livingfance.com\/hu\/wp-json\/wp\/v2\/types\/product"}],"wp:featuredmedia":[{"embeddable":true,"href":"https:\/\/livingfance.com\/hu\/wp-json\/wp\/v2\/media\/8152"}],"wp:attachment":[{"href":"https:\/\/livingfance.com\/hu\/wp-json\/wp\/v2\/media?parent=8156"}],"wp:term":[{"taxonomy":"product_brand","embeddable":true,"href":"https:\/\/livingfance.com\/hu\/wp-json\/wp\/v2\/product_brand?post=8156"},{"taxonomy":"product_cat","embeddable":true,"href":"https:\/\/livingfance.com\/hu\/wp-json\/wp\/v2\/product_cat?post=8156"},{"taxonomy":"product_tag","embeddable":true,"href":"https:\/\/livingfance.com\/hu\/wp-json\/wp\/v2\/product_tag?post=8156"}],"curies":[{"name":"wp","href":"https:\/\/api.w.org\/{rel}","templated":true}]}}