{"id":8667,"date":"2026-02-05T14:47:51","date_gmt":"2026-02-05T13:47:51","guid":{"rendered":"https:\/\/livingfance.com\/?page_id=8667"},"modified":"2026-02-05T14:47:53","modified_gmt":"2026-02-05T13:47:53","slug":"kalkulator-zywoplotu","status":"publish","type":"page","link":"https:\/\/livingfance.com\/hu\/kalkulator-zywoplotu\/","title":{"rendered":"Fedezeti Sz\u00e1mol\u00f3g\u00e9p"},"content":{"rendered":"<div class=\"plant-calculator-container\">\n        <div class=\"calculator-header\">\n            <h1>\ud83c\udf3f Kalkulator \u017bywop\u0142otu<\/h1>\n            <p>Oblicz potrzebn\u0105 liczb\u0119 ro\u015blin na Tw\u00f3j \u017cywop\u0142ot \u2013 szybko, \u0142atwo i bezp\u0142atnie.<\/p>\n        <\/div>\n\n        <form id=\"calculatorForm\" class=\"plant-calculator-form\" action=\"\">\n            <!-- Area Input -->\n            <div class=\"form-group\">\n                <label for=\"areaInput\">Jak d\u0142ugi jest obszar do obsadzenia?<\/label>\n                <input \n                    type=\"number\" \n                    id=\"areaInput\" \n                    placeholder=\"Wpisz liczb\u0119 metr\u00f3w\" \n                    min=\"1\" \n                    step=\"0.5\"\n                    required\n>\n                <span class=\"error-message\" id=\"areaError\">Prosz\u0119 wpisa\u0107 warto\u015b\u0107 wi\u0119ksz\u0105 ni\u017c 0<\/span>\n            <\/div>\n\n            <!-- Planting Method Selection -->\n            <div class=\"form-group\">\n                <label>Wybierz spos\u00f3b sadzenia<\/label>\n                <div class=\"planting-method\">\n                    <div class=\"method-option\">\n                        <input \n                            type=\"radio\" \n                            id=\"singleRow\" \n                            name=\"plantingMethod\" \n                            value=\"jednorz\u0119dowo\"\n                            required\n>\n                        <label for=\"singleRow\" class=\"method-label\">\n                            <strong>Sadzenie jednorz\u0119dowe<\/strong><br>\n                            <small>Jeden rz\u0105d ro\u015blin<\/small>\n                        <\/label>\n                    <\/div>\n                    <div class=\"method-option\">\n                        <input \n                            type=\"radio\" \n                            id=\"doubleRow\" \n                            name=\"plantingMethod\" \n                            value=\"dwurz\u0119dowo\"\n                            checked\n>\n                        <label for=\"doubleRow\" class=\"method-label\">\n                            <strong>Sadzenie dwurz\u0119dowe<\/strong><br>\n                            <small>Dwa rz\u0119dy ro\u015blin<\/small>\n                        <\/label>\n                    <\/div>\n                <\/div>\n            <\/div>\n\n            <!-- Planting Visual -->\n            <div class=\"planting-visual\">\n                <h3 id=\"visualTitle\">Sadzenie dwurz\u0119dowe<\/h3>\n                <div class=\"dots-container\" id=\"dotsContainer\">\n                    <!-- Dots will be generated by JavaScript -->\n                <\/div>\n            <\/div>\n\n            <!-- Plant Selection -->\n            <div class=\"form-group\">\n                <label for=\"plantSelect\">Kt\u00f3r\u0105 ro\u015blin\u0119 chcesz obliczy\u0107?<\/label>\n                <select id=\"plantSelect\" style=\"min-height: 3rem;\" required>\n                    <option value=\"\">-- Wybierz ro\u015blin\u0119 --<\/option>\n                    <optgroup label=\"Ro\u015bliny lisciaste\">\n                        <option value=\"grab_pospolity\">K\u00f6z\u00f6ns\u00e9ges gyerty\u00e1n<\/option>\n                        <option value=\"grab_szk\u00f3\u0142kowany\">Grab szk\u00f3\u0142kowany<\/option>\n                        <option value=\"buk_pospolity\">Buk pospolity<\/option>\n                        <option value=\"klon_polny\">Klon Polny<\/option>\n                        <option value=\"ligustr\">Ligustr<\/option>\n                        <option value=\"berberys\">Berberys<\/option>\n                    <\/optgroup>\n                    <optgroup label=\"Ro\u015bliny iglaste i wiecznie zielone\">\n                        <option value=\"laurowi\u015bnia\">Laurentian<\/option>\n                        <option value=\"\u015bwierk_pospolity\">\u015awierk pospolity<\/option>\n                        <option value=\"\u015bwierk_srebrny\">\u015awierk srebrny<\/option>\n                        <option value=\"modrzew_europejski\">eur\u00f3pai v\u00f6r\u00f6sfeny\u0151<\/option>\n                        <option value=\"cis\">Tiszafa<\/option>\n                    <\/optgroup>\n                <\/select>\n            <\/div>\n\n            <!-- Calculate Button -->\n            <button type=\"submit\" class=\"calc-button\">Rozpocznij obliczanie<\/button>\n        <input type=\"hidden\" name=\"trp-form-language\" value=\"hu\"\/><\/form>\n\n        <!-- Result Section -->\n        <div class=\"result-section\" id=\"resultSection\">\n            <div class=\"result-box\">\n                <div class=\"result-label\">Potrzebna liczba ro\u015blin<\/div>\n                <div>\n                    <span class=\"result-value\" id=\"resultValue\">0<\/span>\n                    <span class=\"result-unit\">szt<\/span>\n                <\/div>\n            <\/div>\n\n            <div class=\"result-details\">\n                <div class=\"detail-row\">\n                    <span class=\"detail-label\">D\u0142ugo\u015b\u0107 obszaru:<\/span>\n                    <span class=\"detail-value\" id=\"detailArea\">0 m<\/span>\n                <\/div>\n                <div class=\"detail-row\">\n                    <span class=\"detail-label\">Typ sadzenia:<\/span>\n                    <span class=\"detail-value\" id=\"detailMethod\">--<\/span>\n                <\/div>\n                <div class=\"detail-row\">\n                    <span class=\"detail-label\">Ro\u015blin na metr:<\/span>\n                    <span class=\"detail-value\" id=\"detailPerMeter\">0 szt<\/span>\n                <\/div>\n                <div class=\"detail-row\">\n                    <span class=\"detail-label\">Wybrana ro\u015blina:<\/span>\n                    <span class=\"detail-value\" id=\"detailPlant\">--<\/span>\n                <\/div>\n            <\/div>\n\n            <div class=\"note\">\n                <strong>\u26a0\ufe0f Wskaz\u00f3wka:<\/strong> Zalecenie: Zaplanuj oko\u0142o 10% wi\u0119cej ro\u015blin, aby zrekompensowa\u0107 ewentualne straty.\n            <\/div>\n\n            <button type=\"button\" class=\"reset-button\" onclick=\"plantCalculatorReset()\">Oblicz dla innego obszaru<\/button>\n        <\/div>\n    <\/div>","protected":false},"excerpt":{"rendered":"\ud83c\udf3f Kalkulator \u017bywop\u0142otu Oblicz potrzebn\u0105 liczb\u0119 ro\u015blin na Tw\u00f3j \u017cywop\u0142ot \u2013 szybko, \u0142atwo i bezp\u0142atnie. Jak d\u0142ugi jest obszar do obsadzenia? Prosz\u0119 wpisa\u0107 warto\u015b\u0107 wi\u0119ksz\u0105 ni\u017c 0 Wybierz spos\u00f3b sadzenia Sadzenie jednorz\u0119dowe Jeden rz\u0105d ro\u015blin Sadzenie dwurz\u0119dowe Dwa rz\u0119dy ro\u015blin Sadzenie dwurz\u0119dowe Kt\u00f3r\u0105 ro\u015blin\u0119 chcesz obliczy\u0107? -- Wybierz ro\u015blin\u0119 -- Grab pospolity Grab szk\u00f3\u0142kowany Buk [...]","protected":false},"author":2,"featured_media":0,"parent":0,"menu_order":0,"comment_status":"closed","ping_status":"closed","template":"","meta":{"footnotes":""},"class_list":["post-8667","page","type-page","status-publish","hentry"],"_links":{"self":[{"href":"https:\/\/livingfance.com\/hu\/wp-json\/wp\/v2\/pages\/8667","targetHints":{"allow":["GET"]}}],"collection":[{"href":"https:\/\/livingfance.com\/hu\/wp-json\/wp\/v2\/pages"}],"about":[{"href":"https:\/\/livingfance.com\/hu\/wp-json\/wp\/v2\/types\/page"}],"author":[{"embeddable":true,"href":"https:\/\/livingfance.com\/hu\/wp-json\/wp\/v2\/users\/2"}],"replies":[{"embeddable":true,"href":"https:\/\/livingfance.com\/hu\/wp-json\/wp\/v2\/comments?post=8667"}],"version-history":[{"count":0,"href":"https:\/\/livingfance.com\/hu\/wp-json\/wp\/v2\/pages\/8667\/revisions"}],"wp:attachment":[{"href":"https:\/\/livingfance.com\/hu\/wp-json\/wp\/v2\/media?parent=8667"}],"curies":[{"name":"wp","href":"https:\/\/api.w.org\/{rel}","templated":true}]}}