{"id":8593,"date":"2026-02-02T21:57:10","date_gmt":"2026-02-02T20:57:10","guid":{"rendered":"https:\/\/livingfance.com\/?page_id=8593"},"modified":"2026-02-02T22:02:08","modified_gmt":"2026-02-02T21:02:08","slug":"opinie","status":"publish","type":"page","link":"https:\/\/livingfance.com\/hu\/opinie\/","title":{"rendered":"V\u00e9lem\u00e9nyek"},"content":{"rendered":"<section class=\"wpb-content-wrapper\">\t\t<div class=\"vc_row wpb_row vc_row-fluid\">\n            \t\t\t\t\t\t\t<div class=\"gf-container container\">\n\t\t\t\t\t\t\t\t<div class=\"wpb_column vc_column_container vc_col-sm-6 vc_col-sm-offset-3\"><div class=\"vc_column-inner\"><div class=\"wpb_wrapper\"><div class=\"g5plus-space space-69e4db5e51e68\" data-id=\"69e4db5e51e68\" data-tablet=\"100\" data-tablet-portrait=\"80\" data-mobile=\"60\" data-mobile-landscape=\"70\" style=\"clear: both; display: block; height: 130px\"><\/div><div class=\"gf-heading gf-heading-style-01 text-center\">\n\t<div class=\"gf-heading-inner gf-heading-69e4db5e51f92\">\n                                    <span class=\"heading-sub-title\">OPINIE<\/span>\n                                        <h4 class=\"heading-title\">Co m\u00f3wi\u0105 nasi klienci<\/h4>\n                                                \t<\/div>\n<\/div>\n<div class=\"g5plus-space space-69e4db5e522b9\" data-id=\"69e4db5e522b9\" data-tablet=\"70\" data-tablet-portrait=\"60\" data-mobile=\"30\" data-mobile-landscape=\"40\" style=\"clear: both; display: block; height: 70px\"><\/div><\/div><\/div><\/div><div class=\"wpb_column vc_column_container vc_col-sm-12\"><div class=\"vc_column-inner\"><div class=\"wpb_wrapper\"><div class=\"gsf-testimonials owl-carousel owl-theme testimonials-style-04 clearfix author-custom69e4db5e52559\" data-owl-options='{\"items\":3,\"margin\":30,\"dots\":false,\"nav\":false,\"autoHeight\":true,\"autoplay\":false,\"autoplayTimeout\":\"5000\",\"responsive\":{\"1200\":{\"items\":3,\"margin\":30,\"slideBy\":3},\"992\":{\"items\":2,\"margin\":30,\"slideBy\":2},\"768\":{\"items\":2,\"margin\":30,\"slideBy\":2},\"575\":{\"items\":1,\"margin\":30,\"slideBy\":1},\"0\":{\"items\":1,\"margin\":30,\"slideBy\":1}},\"navText\":[\"<i class=\\\"flaticon-slim-left\\\"><\\\/i>\",\"<i class=\\\"flaticon-slim-right\\\"><\\\/i>\"]}'>\n\t\t\t\t<div class=\"testimonial-item\" data-item-before=\"#01\">\n    <div class=\"testimonials-content\">\n                    Bardzo dobrze zapakowane do transportu, fantastyczna jako\u015b\u0107 dostarczonych ro\u015blin. Czas realizacji m\u00f3g\u0142by by\u0107 troch\u0119 kr\u00f3tszy, ale dzi\u015b uwa\u017cam \u017ce warto by\u0142o poczeka\u0107!            <\/div>\n            <div class=\"author-info clearfix\">\n            <div class=\"d-flex align-items-center\">\n                                    <div class=\"author-avatar\">\n                                                <img decoding=\"async\" src=\"https:\/\/livingfance.com\/wp-content\/uploads\/2024\/08\/Projekt-bez-nazwy-93-80x80.png\" alt=\"Allegro\">\n                                            <\/div>\n                                <div class=\"author-attr\">\n                                            <h6 class=\"author-name\">\n                            Allegro                        <\/h6>\n                                                        <\/div>\n            <\/div>\n        <\/div>\n    <\/div>\t\t\t<div class=\"testimonial-item\" data-item-before=\"#02\">\n    <div class=\"testimonials-content\">\n                    Drzewka przyjecha\u0142y bardzo dobrze zabezpieczone przed uszkodzeniem, w du\u017cym kartonie, sprzedawca bardzo szybko odpowiada na pytania jak r\u00f3wnie\u017c s\u0142u\u017cy rad\u0105.            <\/div>\n            <div class=\"author-info clearfix\">\n            <div class=\"d-flex align-items-center\">\n                                    <div class=\"author-avatar\">\n                                                <img decoding=\"async\" src=\"https:\/\/livingfance.com\/wp-content\/uploads\/2024\/08\/Projekt-bez-nazwy-93-80x80.png\" alt=\"Allegro\">\n                                            <\/div>\n                                <div class=\"author-attr\">\n                                            <h6 class=\"author-name\">\n                            Allegro                        <\/h6>\n                                                        <\/div>\n            <\/div>\n        <\/div>\n    <\/div>\t\t\t<div class=\"testimonial-item\" data-item-before=\"#03\">\n    <div class=\"testimonials-content\">\n                    Sadzonki s\u0105 pi\u0119kne, du\u017ce i zdrowe, a Sprzedaj\u0105cy przesympatyczny. Bardzo dzi\u0119kuj\u0119 za dodatkowe gratisowe sadzonki :))            <\/div>\n            <div class=\"author-info clearfix\">\n            <div class=\"d-flex align-items-center\">\n                                    <div class=\"author-avatar\">\n                                                <img decoding=\"async\" src=\"https:\/\/livingfance.com\/wp-content\/uploads\/2024\/08\/Projekt-bez-nazwy-93-80x80.png\" alt=\"Allegro\">\n                                            <\/div>\n                                <div class=\"author-attr\">\n                                            <h6 class=\"author-name\">\n                            Allegro                        <\/h6>\n                                                        <\/div>\n            <\/div>\n        <\/div>\n    <\/div>\t\t\t<div class=\"testimonial-item\" data-item-before=\"#04\">\n    <div class=\"testimonials-content\">\n                    Sprzedaj\u0105cy znakomity, elastyczny w ustaleniach i \u017cyczliwy dla klient\u00f3w. Polecam!            <\/div>\n            <div class=\"author-info clearfix\">\n            <div class=\"d-flex align-items-center\">\n                                    <div class=\"author-avatar\">\n                                                <img decoding=\"async\" src=\"https:\/\/livingfance.com\/wp-content\/uploads\/2024\/08\/Projekt-bez-nazwy-93-80x80.png\" alt=\"Allegro\">\n                                            <\/div>\n                                <div class=\"author-attr\">\n                                            <h6 class=\"author-name\">\n                            Allegro                        <\/h6>\n                                                        <\/div>\n            <\/div>\n        <\/div>\n    <\/div>\t\t\t<div class=\"testimonial-item\" data-item-before=\"#05\">\n    <div class=\"testimonials-content\">\n                    Sadzonki dobrze ukorzenione i dobrze zabezpieczone. Polecam            <\/div>\n            <div class=\"author-info clearfix\">\n            <div class=\"d-flex align-items-center\">\n                                    <div class=\"author-avatar\">\n                                                <img decoding=\"async\" src=\"https:\/\/livingfance.com\/wp-content\/uploads\/2024\/08\/Projekt-bez-nazwy-93-80x80.png\" alt=\"Allegro\">\n                                            <\/div>\n                                <div class=\"author-attr\">\n                                            <h6 class=\"author-name\">\n                            Allegro                        <\/h6>\n                                                        <\/div>\n            <\/div>\n        <\/div>\n    <\/div>\t\t\t<div class=\"testimonial-item\" data-item-before=\"#06\">\n    <div class=\"testimonials-content\">\n                    Zdrowe i dobrze zapakowane sadzonki. Polecam.            <\/div>\n            <div class=\"author-info clearfix\">\n            <div class=\"d-flex align-items-center\">\n                                    <div class=\"author-avatar\">\n                                                <img decoding=\"async\" src=\"https:\/\/livingfance.com\/wp-content\/uploads\/2024\/08\/Projekt-bez-nazwy-93-80x80.png\" alt=\"Allegro\">\n                                            <\/div>\n                                <div class=\"author-attr\">\n                                            <h6 class=\"author-name\">\n                            Allegro                        <\/h6>\n                                                        <\/div>\n            <\/div>\n        <\/div>\n    <\/div>\t\t\t<div class=\"testimonial-item\" data-item-before=\"#07\">\n    <div class=\"testimonials-content\">\n                    Wszystko zgodne z ofert\u0105 sprzedawcy . Jestem na tak.            <\/div>\n            <div class=\"author-info clearfix\">\n            <div class=\"d-flex align-items-center\">\n                                    <div class=\"author-avatar\">\n                                                <img decoding=\"async\" src=\"https:\/\/livingfance.com\/wp-content\/uploads\/2024\/08\/Projekt-bez-nazwy-93-80x80.png\" alt=\"Allegro\">\n                                            <\/div>\n                                <div class=\"author-attr\">\n                                            <h6 class=\"author-name\">\n                            Allegro                        <\/h6>\n                                                        <\/div>\n            <\/div>\n        <\/div>\n    <\/div>\t<\/div>\n<div class=\"g5plus-space space-69e4db5e52f66\" data-id=\"69e4db5e52f66\" data-tablet=\"120\" data-tablet-portrait=\"100\" data-mobile=\"70\" data-mobile-landscape=\"80\" style=\"clear: both; display: block; height: 150px\"><\/div><\/div><\/div><\/div>\t\t\t\t\t\t\t<\/div>\n\t\t\t\n\t\t<\/div>\n\n<\/section>","protected":false},"excerpt":{"rendered":"OPINIE Co m\u00f3wi\u0105 nasi klienci Bardzo dobrze zapakowane do transportu, fantastyczna jako\u015b\u0107 dostarczonych ro\u015blin. Czas realizacji m\u00f3g\u0142by by\u0107 troch\u0119 kr\u00f3tszy, ale dzi\u015b uwa\u017cam \u017ce warto by\u0142o poczeka\u0107! Allegro Drzewka przyjecha\u0142y bardzo dobrze zabezpieczone przed uszkodzeniem, w du\u017cym kartonie, sprzedawca bardzo szybko odpowiada na pytania jak r\u00f3wnie\u017c s\u0142u\u017cy rad\u0105. Allegro Sadzonki s\u0105 pi\u0119kne, du\u017ce i zdrowe, [...]","protected":false},"author":1,"featured_media":0,"parent":0,"menu_order":0,"comment_status":"closed","ping_status":"closed","template":"","meta":{"footnotes":""},"class_list":["post-8593","page","type-page","status-publish","hentry"],"_links":{"self":[{"href":"https:\/\/livingfance.com\/hu\/wp-json\/wp\/v2\/pages\/8593","targetHints":{"allow":["GET"]}}],"collection":[{"href":"https:\/\/livingfance.com\/hu\/wp-json\/wp\/v2\/pages"}],"about":[{"href":"https:\/\/livingfance.com\/hu\/wp-json\/wp\/v2\/types\/page"}],"author":[{"embeddable":true,"href":"https:\/\/livingfance.com\/hu\/wp-json\/wp\/v2\/users\/1"}],"replies":[{"embeddable":true,"href":"https:\/\/livingfance.com\/hu\/wp-json\/wp\/v2\/comments?post=8593"}],"version-history":[{"count":0,"href":"https:\/\/livingfance.com\/hu\/wp-json\/wp\/v2\/pages\/8593\/revisions"}],"wp:attachment":[{"href":"https:\/\/livingfance.com\/hu\/wp-json\/wp\/v2\/media?parent=8593"}],"curies":[{"name":"wp","href":"https:\/\/api.w.org\/{rel}","templated":true}]}}