{"id":5322,"date":"2024-08-22T01:12:02","date_gmt":"2024-08-21T23:12:02","guid":{"rendered":"https:\/\/livingfance.com\/?page_id=5322"},"modified":"2024-08-23T13:17:54","modified_gmt":"2024-08-23T11:17:54","slug":"polityka-prywatnosci","status":"publish","type":"page","link":"https:\/\/livingfance.com\/hu\/polityka-prywatnosci\/","title":{"rendered":"Adatv\u00e9delmi politika"},"content":{"rendered":"<p><\/p>\n\n\n\n<h2 class=\"wp-block-heading\">Adatv\u00e9delmi politika<\/h2>\n\n\n\n<p><\/p>\n\n\n\n<p><\/p>\n\n\n\n<p><\/p>\n\n\n\n<h2 class=\"wp-block-heading\"><strong>1. \u00c1ltal\u00e1nos inform\u00e1ci\u00f3k<\/strong><\/h2>\n\n\n\n<ol class=\"wp-block-list\">\n<li>Ez a szab\u00e1lyzat a Weboldalra vonatkozik, amely az url alatt m\u0171k\u00f6dik:&nbsp;<strong>livingfance.co.uk<\/strong><\/li>\n\n\n\n<li>A szolg\u00e1ltat\u00e1s \u00fczemeltet\u0151je \u00e9s a szem\u00e9lyes adatok kezel\u0151je: <\/li>\n\n\n\n<li>\u00c9l\u0151 Fance Piotr Str\u00f3jw\u0105s<br>J\u00f3zef Hauke-Bosak t\u00e1bornok utca 7 25-217 Kielce<br>NIP: 6572771405<br>REGON: 524347703<\/li>\n\n\n\n<li>Az \u00fczemeltet\u0151 e-mail c\u00edme: living.fance@wp.pl<\/li>\n\n\n\n<li>Az \u00dczemeltet\u0151 az \u00d6n szem\u00e9lyes adatainak kezel\u0151je az \u00d6n \u00e1ltal a Weboldalon \u00f6nk\u00e9ntesen megadott adatok tekintet\u00e9ben.<\/li>\n\n\n\n<li>A Szolg\u00e1lat a szem\u00e9lyes adatokat a k\u00f6vetkez\u0151 c\u00e9lokra haszn\u00e1lja fel:\n<ul class=\"wp-block-list\">\n<li>Az \u00e1ruk el\u0151k\u00e9sz\u00edt\u00e9se, csomagol\u00e1sa, felad\u00e1sa<\/li>\n\n\n\n<li>A k\u00e9rt szolg\u00e1ltat\u00e1sok ny\u00fajt\u00e1sa<\/li>\n<\/ul>\n<\/li>\n\n\n\n<li>A Szolg\u00e1ltat\u00e1s a felhaszn\u00e1l\u00f3kr\u00f3l \u00e9s viselked\u00e9s\u00fckr\u0151l a k\u00f6vetkez\u0151 m\u00f3don szerez inform\u00e1ci\u00f3kat:\n<ol class=\"wp-block-list\">\n<li>Az \u0171rlapokon \u00f6nk\u00e9ntesen megadott adatokon kereszt\u00fcl, amelyek az \u00dczemeltet\u0151 rendszereibe ker\u00fclnek.<\/li>\n\n\n\n<li>A s\u00fctik (\u00fan. \"cookie-k\") t\u00e1rol\u00e1s\u00e1val a v\u00e9gberendez\u00e9seken.<\/li>\n<\/ol>\n<\/li>\n<\/ol>\n\n\n\n<h2 class=\"wp-block-heading\"><strong>2. Az \u00fczemeltet\u0151 \u00e1ltal alkalmazott kiv\u00e1lasztott adatv\u00e9delmi m\u00f3dszerek<\/strong><\/h2>\n\n\n\n<ol class=\"wp-block-list\">\n<li>A bejelentkez\u00e9si \u00e9s szem\u00e9lyes adatok beviteli oldalai az \u00e1tviteli r\u00e9tegben v\u00e9dettek (SSL tan\u00fas\u00edtv\u00e1ny). Ez biztos\u00edtja, hogy az oldalon megadott szem\u00e9lyes \u00e9s bejelentkez\u00e9si adatok titkos\u00edtva legyenek a felhaszn\u00e1l\u00f3 sz\u00e1m\u00edt\u00f3g\u00e9p\u00e9n, \u00e9s csak a c\u00e9lszerveren legyenek olvashat\u00f3k.<\/li>\n\n\n\n<li>A felhaszn\u00e1l\u00f3i jelszavakat hashed form\u00e1ban t\u00e1rolj\u00e1k. A hash-f\u00fcggv\u00e9ny egyir\u00e1ny\u00fa m\u00f3don m\u0171k\u00f6dik - nem lehet megford\u00edtani, ami ma m\u00e1r a felhaszn\u00e1l\u00f3i jelszavak t\u00e1rol\u00e1s\u00e1nak modern szabv\u00e1nya.<\/li>\n\n\n\n<li>Az \u00fczemeltet\u0151 rendszeresen megv\u00e1ltoztatja a rendszergazdai jelszavakat.<\/li>\n\n\n\n<li>Az adatv\u00e9delem fontos eleme az \u00fczemeltet\u0151 \u00e1ltal a szem\u00e9lyes adatok feldolgoz\u00e1s\u00e1ra haszn\u00e1lt valamennyi szoftver rendszeres friss\u00edt\u00e9se, ami k\u00fcl\u00f6n\u00f6sen a szoftverkomponensek rendszeres friss\u00edt\u00e9s\u00e9t jelenti.<\/li>\n<\/ol>\n\n\n\n<h2 class=\"wp-block-heading\"><strong>3. Hosting<\/strong><\/h2>\n\n\n\n<ol class=\"wp-block-list\">\n<li>A szolg\u00e1ltat\u00e1s az \u00fczemeltet\u0151 szerverein van elhelyezve (technikailag fenntartva): egy m\u00e1sik v\u00e1llalat szerverein.<\/li>\n\n\n\n<li>A t\u00e1rhelyszolg\u00e1ltat\u00f3 a technikai megb\u00edzhat\u00f3s\u00e1g biztos\u00edt\u00e1sa \u00e9rdek\u00e9ben szerverszinten napl\u00f3t vezet. A napl\u00f3k tartalmazhatnak:\n<ul class=\"wp-block-list\">\n<li>URL-azonos\u00edt\u00f3val megadott er\u0151forr\u00e1sok (a k\u00e9rt er\u0151forr\u00e1sok - oldalak, f\u00e1jlok - c\u00edmei),<\/li>\n\n\n\n<li>a vizsg\u00e1lat id\u0151z\u00edt\u00e9se,<\/li>\n\n\n\n<li>a v\u00e1lasz elk\u00fcld\u00e9s\u00e9nek id\u0151pontja,<\/li>\n\n\n\n<li>az \u00fcgyf\u00e9l\u00e1llom\u00e1s neve - azonos\u00edt\u00e1s a HTTP protokollon kereszt\u00fcl,<\/li>\n\n\n\n<li>inform\u00e1ci\u00f3 a HTTP-tranzakci\u00f3 v\u00e9grehajt\u00e1sa sor\u00e1n fell\u00e9p\u0151 hib\u00e1kr\u00f3l,<\/li>\n\n\n\n<li>a felhaszn\u00e1l\u00f3 \u00e1ltal kor\u00e1bban megl\u00e1togatott oldal URL c\u00edme (hivatkoz\u00e1si link), amennyiben a Weboldalra mutat\u00f3 linkr\u0151l van sz\u00f3,<\/li>\n\n\n\n<li>a felhaszn\u00e1l\u00f3 b\u00f6ng\u00e9sz\u0151j\u00e9re vonatkoz\u00f3 inform\u00e1ci\u00f3k,<\/li>\n\n\n\n<li>IP-c\u00edmadatok,<\/li>\n\n\n\n<li>a honlapon tal\u00e1lhat\u00f3 regisztr\u00e1torokon kereszt\u00fcl t\u00f6rt\u00e9n\u0151 \u00f6nrendel\u00e9ssel kapcsolatos diagnosztikai inform\u00e1ci\u00f3k,<\/li>\n\n\n\n<li>az \u00dczemeltet\u0151nek c\u00edmzett \u00e9s \u00e1ltala k\u00fcld\u00f6tt e-mailek kezel\u00e9s\u00e9vel kapcsolatos inform\u00e1ci\u00f3k.<\/li>\n<\/ul>\n<\/li>\n<\/ol>\n\n\n\n<h2 class=\"wp-block-heading\"><strong>4. Az \u00d6n jogai \u00e9s tov\u00e1bbi inform\u00e1ci\u00f3k az adatai felhaszn\u00e1l\u00e1s\u00e1nak m\u00f3dj\u00e1r\u00f3l<\/strong><\/h2>\n\n\n\n<ol class=\"wp-block-list\">\n<li>Bizonyos helyzetekben az Adatkezel\u0151 jogosult az \u00d6n szem\u00e9lyes adatait m\u00e1s c\u00edmzetteknek tov\u00e1bb\u00edtani, ha ez az \u00d6nnel k\u00f6t\u00f6tt szerz\u0151d\u00e9s teljes\u00edt\u00e9s\u00e9hez vagy az Adatkezel\u0151re h\u00e1rul\u00f3 k\u00f6telezetts\u00e9gek teljes\u00edt\u00e9s\u00e9hez sz\u00fcks\u00e9ges. Ez a c\u00edmzettek ilyen csoportjaira vonatkozik:\n<ul class=\"wp-block-list\">\n<li>fut\u00e1rok<\/li>\n\n\n\n<li>postai szolg\u00e1ltat\u00f3k<\/li>\n\n\n\n<li>fizet\u00e9si szolg\u00e1ltat\u00f3k<\/li>\n<\/ul>\n<\/li>\n\n\n\n<li>Az \u00d6n szem\u00e9lyes adatait az Adatkezel\u0151 legfeljebb annyi ideig kezeli, amennyi a k\u00fcl\u00f6n jogszab\u00e1lyokban meghat\u00e1rozott kapcsol\u00f3d\u00f3 tev\u00e9kenys\u00e9gek (pl. k\u00f6nyvel\u00e9s) elv\u00e9gz\u00e9s\u00e9hez sz\u00fcks\u00e9ges. A marketingadatok tekintet\u00e9ben az adatokat legfeljebb 3 \u00e9vig kezelik.<\/li>\n\n\n\n<li>\u00d6n jogosult arra, hogy k\u00e9rje a rendszergazd\u00e1t\u00f3l:\n<ul class=\"wp-block-list\">\n<li>az \u00d6nre vonatkoz\u00f3 szem\u00e9lyes adatokhoz val\u00f3 hozz\u00e1f\u00e9r\u00e9s,<\/li>\n\n\n\n<li>azok kijav\u00edt\u00e1sa,<\/li>\n\n\n\n<li>t\u00f6rl\u00e9sek,<\/li>\n\n\n\n<li>a feldolgoz\u00e1s korl\u00e1toz\u00e1sa,<\/li>\n\n\n\n<li>\u00e9s az adatok hordozhat\u00f3s\u00e1ga.<\/li>\n<\/ul>\n<\/li>\n\n\n\n<li>\u00d6n jogosult arra, hogy a 3.2. bekezd\u00e9sben megjel\u00f6lt adatkezel\u00e9s tekintet\u00e9ben tiltakozzon a szem\u00e9lyes adatoknak az adatkezel\u0151 \u00e1ltal k\u00f6vetett jogos \u00e9rdekek - ide\u00e9rtve a profilalkot\u00e1st is - c\u00e9lj\u00e1b\u00f3l t\u00f6rt\u00e9n\u0151 kezel\u00e9se ellen, azzal, hogy a tiltakoz\u00e1s joga nem gyakorolhat\u00f3, ha az adatkezel\u00e9snek olyan jogos indokai vannak, amelyek els\u0151bbs\u00e9get \u00e9lveznek az \u00d6n \u00e9rdekeivel, jogaival \u00e9s szabads\u00e1gaival szemben, k\u00fcl\u00f6n\u00f6sen k\u00f6vetel\u00e9sek el\u0151terjeszt\u00e9se, \u00e9rv\u00e9nyes\u00edt\u00e9se vagy v\u00e9delme \u00e9rdek\u00e9ben.<\/li>\n\n\n\n<li>Az Adatkezel\u0151 int\u00e9zked\u00e9sei ellen a Szem\u00e9lyes Adatv\u00e9delmi Hivatal eln\u00f6k\u00e9n\u00e9l (ul. Stawki 2, 00-193 Vars\u00f3, 00-193 Vars\u00f3) lehet panaszt tenni.<\/li>\n\n\n\n<li>A szem\u00e9lyes adatok megad\u00e1sa \u00f6nk\u00e9ntes, de a Szolg\u00e1ltat\u00e1s m\u0171k\u00f6d\u00e9s\u00e9hez sz\u00fcks\u00e9ges.<\/li>\n\n\n\n<li>\u00d6nnel kapcsolatban automatiz\u00e1lt d\u00f6nt\u00e9shozatalra, bele\u00e9rtve a profilalkot\u00e1st is, a megk\u00f6t\u00f6tt szerz\u0151d\u00e9s szerinti szolg\u00e1ltat\u00e1sok ny\u00fajt\u00e1sa \u00e9s az Adatkezel\u0151 \u00e1ltal v\u00e9gzett k\u00f6zvetlen marketing c\u00e9lj\u00e1b\u00f3l ker\u00fclhet sor.<\/li>\n\n\n\n<li>Az adatv\u00e9delmi jogszab\u00e1lyok \u00e9rtelm\u00e9ben szem\u00e9lyes adatokat nem tov\u00e1bb\u00edtunk harmadik orsz\u00e1gokb\u00f3l. Ez azt jelenti, hogy nem k\u00fcldj\u00fck \u0151ket az Eur\u00f3pai Uni\u00f3n k\u00edv\u00fclre.<\/li>\n<\/ol>\n\n\n\n<h2 class=\"wp-block-heading\"><strong>5. a nyomtatv\u00e1nyokon szerepl\u0151 inform\u00e1ci\u00f3k<\/strong><\/h2>\n\n\n\n<ol class=\"wp-block-list\">\n<li>A szolg\u00e1ltat\u00e1s a felhaszn\u00e1l\u00f3 \u00e1ltal \u00f6nk\u00e9ntesen megadott inform\u00e1ci\u00f3kat gy\u0171jti, bele\u00e9rtve a szem\u00e9lyes adatokat is, amennyiben azokat megadta.<\/li>\n\n\n\n<li>A szolg\u00e1ltat\u00e1s k\u00e9pes elmenteni a kapcsolati param\u00e9terekre vonatkoz\u00f3 inform\u00e1ci\u00f3kat (id\u0151b\u00e9lyegz\u0151, IP-c\u00edm).<\/li>\n\n\n\n<li>A weboldal bizonyos esetekben olyan inform\u00e1ci\u00f3kat t\u00e1rolhat, amelyek seg\u00edts\u00e9g\u00e9vel az \u0171rlapon szerepl\u0151 adatokat az \u0171rlapot kit\u00f6lt\u0151 felhaszn\u00e1l\u00f3 e-mail c\u00edm\u00e9hez kapcsolhatja. Ebben az esetben a felhaszn\u00e1l\u00f3 e-mail c\u00edme az \u0171rlapot tartalmaz\u00f3 oldal url-j\u00e9n bel\u00fcl jelenik meg.<\/li>\n\n\n\n<li>Az \u0171rlapon megadott adatokat az adott \u0171rlap funkci\u00f3j\u00e1b\u00f3l ad\u00f3d\u00f3 c\u00e9lb\u00f3l dolgozzuk fel, pl. szolg\u00e1ltat\u00e1si k\u00e9relem vagy \u00e9rt\u00e9kes\u00edt\u00e9si kapcsolatfelv\u00e9tel feldolgoz\u00e1sa, szolg\u00e1ltat\u00e1sok regisztr\u00e1ci\u00f3ja stb. c\u00e9lj\u00e1b\u00f3l. Minden esetben az \u0171rlap kontextusa \u00e9s le\u00edr\u00e1sa egy\u00e9rtelm\u0171en t\u00e1j\u00e9koztat arr\u00f3l, hogy mire haszn\u00e1lj\u00e1k.<\/li>\n<\/ol>\n\n\n\n<h2 class=\"wp-block-heading\"><strong>6 Adminisztr\u00e1tori napl\u00f3k<\/strong><\/h2>\n\n\n\n<ol class=\"wp-block-list\">\n<li>A weboldalon a felhaszn\u00e1l\u00f3i viselked\u00e9ssel kapcsolatos inform\u00e1ci\u00f3k napl\u00f3z\u00e1sra ker\u00fclhetnek. Ezeket az adatokat a weboldal adminisztr\u00e1ci\u00f3j\u00e1hoz haszn\u00e1ljuk.<\/li>\n<\/ol>\n\n\n\n<h2 class=\"wp-block-heading\"><strong>7 Relev\u00e1ns marketing technik\u00e1k<\/strong><\/h2>\n\n\n\n<ol class=\"wp-block-list\">\n<li>Az \u00fczemeltet\u0151 a weboldal forgalm\u00e1nak statisztikai elemz\u00e9s\u00e9t a Google Analytics (Google Inc., sz\u00e9khelye: USA) seg\u00edts\u00e9g\u00e9vel v\u00e9gzi. Az \u00fczemeltet\u0151 nem tov\u00e1bb\u00edt szem\u00e9lyes adatokat a szolg\u00e1ltat\u00e1s \u00fczemeltet\u0151j\u00e9nek, csak anonimiz\u00e1lt inform\u00e1ci\u00f3kat. A szolg\u00e1ltat\u00e1s a felhaszn\u00e1l\u00f3 v\u00e9gberendez\u00e9s\u00e9n cookie-k haszn\u00e1lat\u00e1n alapul. A Google hirdet\u00e9si h\u00e1l\u00f3zat \u00e1ltal gy\u0171jt\u00f6tt, a felhaszn\u00e1l\u00f3i preferenci\u00e1kra vonatkoz\u00f3 inform\u00e1ci\u00f3k tekintet\u00e9ben a felhaszn\u00e1l\u00f3 a k\u00f6vetkez\u0151 eszk\u00f6zzel megtekintheti \u00e9s szerkesztheti a cookie-kb\u00f3l sz\u00e1rmaz\u00f3 inform\u00e1ci\u00f3kat: https:\/\/www.google.com\/ads\/preferences\/.<\/li>\n\n\n\n<li>Az \u00dczemeltet\u0151 remarketing technik\u00e1kat alkalmaz, hogy a rekl\u00e1m\u00fczeneteket a felhaszn\u00e1l\u00f3 weboldalon tan\u00fas\u00edtott viselked\u00e9s\u00e9hez igaz\u00edtsa, ami azt az ill\u00fazi\u00f3t keltheti, hogy a felhaszn\u00e1l\u00f3 szem\u00e9lyes adatait a felhaszn\u00e1l\u00f3 nyomon k\u00f6vet\u00e9s\u00e9re haszn\u00e1lj\u00e1k, de a gyakorlatban az \u00dczemeltet\u0151 nem tov\u00e1bb\u00edt szem\u00e9lyes adatokat a rekl\u00e1mszolg\u00e1ltat\u00f3knak. Az ilyen tev\u00e9kenys\u00e9gek technol\u00f3giai el\u0151felt\u00e9tele, hogy a cookie-k enged\u00e9lyezve legyenek.<\/li>\n\n\n\n<li>Az \u00fczemeltet\u0151 a Facebook pixelt haszn\u00e1lja. Ez a technol\u00f3gia biztos\u00edtja, hogy a Facebook (Facebook Inc., USA) tudja, hogy egy n\u00e1la regisztr\u00e1lt szem\u00e9ly haszn\u00e1lja a Weboldalt. Az \u00dczemeltet\u0151 nem tov\u00e1bb\u00edt tov\u00e1bbi szem\u00e9lyes adatokat a Facebooknak. A szolg\u00e1ltat\u00e1s a felhaszn\u00e1l\u00f3 v\u00e9gberendez\u00e9s\u00e9n cookie-k haszn\u00e1lat\u00e1n alapul.<\/li>\n\n\n\n<li>Az \u00fczemeltet\u0151 olyan megold\u00e1st haszn\u00e1l, amely a felhaszn\u00e1l\u00f3i viselked\u00e9st h\u0151t\u00e9rk\u00e9pez\u00e9ssel \u00e9s a webhelyen t\u00f6rt\u00e9n\u0151 viselked\u00e9s r\u00f6gz\u00edt\u00e9s\u00e9vel vizsg\u00e1lja. Ezt az inform\u00e1ci\u00f3t anonimiz\u00e1lj\u00e1k, miel\u0151tt elk\u00fcldik a szolg\u00e1ltat\u00e1s \u00fczemeltet\u0151j\u00e9nek, \u00edgy az nem tudja, hogy melyik szem\u00e9lyre vonatkozik. K\u00fcl\u00f6n\u00f6sen a be\u00edrt jelszavak \u00e9s egy\u00e9b szem\u00e9lyes adatok nem ker\u00fclnek r\u00f6gz\u00edt\u00e9sre.<\/li>\n\n\n\n<li>Az \u00dczemeltet\u0151 olyan megold\u00e1st haszn\u00e1l, amely automatiz\u00e1lja a Weboldal m\u0171k\u00f6d\u00e9s\u00e9t a felhaszn\u00e1l\u00f3kkal kapcsolatban, p\u00e9ld\u00e1ul egy adott aloldal megl\u00e1togat\u00e1sa ut\u00e1n e-mailt k\u00fcldhet a felhaszn\u00e1l\u00f3nak, felt\u00e9ve, hogy a felhaszn\u00e1l\u00f3 beleegyezett, hogy kereskedelmi leveleket kapjon az \u00dczemeltet\u0151t\u0151l.<\/li>\n\n\n\n<li>Az \u00fczemeltet\u0151 az adatv\u00e9delmi jogszab\u00e1lyok \u00e9rtelm\u00e9ben profilalkot\u00e1st alkalmazhat.<\/li>\n<\/ol>\n\n\n\n<h2 class=\"wp-block-heading\"><strong>8 Inform\u00e1ci\u00f3k a s\u00fctikr\u0151l<\/strong><\/h2>\n\n\n\n<ol class=\"wp-block-list\">\n<li>A weboldal s\u00fctiket haszn\u00e1l.<\/li>\n\n\n\n<li>A s\u00fctik (\u00fan. \"cookie-k\") olyan informatikai adatok, k\u00fcl\u00f6n\u00f6sen sz\u00f6veges f\u00e1jlok, amelyeket a Szolg\u00e1ltat\u00e1s ig\u00e9nybe vev\u0151j\u00e9nek v\u00e9gberendez\u00e9se t\u00e1rol, \u00e9s amelyek a Weboldalon val\u00f3 haszn\u00e1latra szolg\u00e1lnak. A s\u00fctik \u00e1ltal\u00e1ban tartalmazz\u00e1k a weboldal nev\u00e9t, ahonnan sz\u00e1rmaznak, az id\u0151t, amikor a v\u00e9gberendez\u00e9sen t\u00e1rol\u00f3dnak, valamint egy egyedi sz\u00e1mot.<\/li>\n\n\n\n<li>Az a szervezet, amely cookie-kat helyez el a Szolg\u00e1ltat\u00e1s ig\u00e9nybe vev\u0151j\u00e9nek v\u00e9gberendez\u00e9s\u00e9n \u00e9s hozz\u00e1f\u00e9r a cookie-khoz, a Szolg\u00e1ltat\u00e1s \u00fczemeltet\u0151je.<\/li>\n\n\n\n<li>A s\u00fctiket a k\u00f6vetkez\u0151 c\u00e9lokra haszn\u00e1ljuk:\n<ol class=\"wp-block-list\">\n<li>a Weboldal felhaszn\u00e1l\u00f3j\u00e1nak munkamenet\u00e9nek fenntart\u00e1sa (a bejelentkez\u00e9s ut\u00e1n), amelynek k\u00f6sz\u00f6nhet\u0151en a felhaszn\u00e1l\u00f3nak nem kell a Weboldal minden egyes aloldal\u00e1n \u00fajra megadni a bejelentkez\u00e9si adatait \u00e9s jelszav\u00e1t;<\/li>\n\n\n\n<li>a fentiekben az \"Alapvet\u0151 marketingtechnik\u00e1k\" alatt meghat\u00e1rozott c\u00e9lok el\u00e9r\u00e9se \u00e9rdek\u00e9ben;<\/li>\n<\/ol>\n<\/li>\n\n\n\n<li>A Weboldal k\u00e9t f\u0151 s\u00fctit\u00edpust haszn\u00e1l: \"munkamenet\" (session cookie-k) \u00e9s \"\u00e1lland\u00f3\" (persistent cookie-k). A \"munkamenet\" cookie-k olyan ideiglenes f\u00e1jlok, amelyek a Felhaszn\u00e1l\u00f3 v\u00e9gberendez\u00e9s\u00e9n t\u00e1rol\u00f3dnak, am\u00edg a Felhaszn\u00e1l\u00f3 ki nem jelentkezik, el nem hagyja a weboldalt vagy ki nem kapcsolja a szoftvert (webb\u00f6ng\u00e9sz\u0151t). A \"tart\u00f3s\" cookie-k a cookie-k param\u00e9tereiben meghat\u00e1rozott ideig vagy a Felhaszn\u00e1l\u00f3 \u00e1ltali t\u00f6rl\u00e9s\u00fckig t\u00e1rol\u00f3dnak a Felhaszn\u00e1l\u00f3 v\u00e9gberendez\u00e9s\u00e9n.<\/li>\n\n\n\n<li>A webb\u00f6ng\u00e9sz\u0151 szoftver (webb\u00f6ng\u00e9sz\u0151) \u00e1ltal\u00e1ban alap\u00e9rtelmez\u00e9s szerint lehet\u0151v\u00e9 teszi a s\u00fctik t\u00e1rol\u00e1s\u00e1t a Felhaszn\u00e1l\u00f3 v\u00e9gberendez\u00e9s\u00e9n. A Weboldal felhaszn\u00e1l\u00f3i megv\u00e1ltoztathatj\u00e1k az erre vonatkoz\u00f3 be\u00e1ll\u00edt\u00e1saikat. Az internetes b\u00f6ng\u00e9sz\u0151 lehet\u0151v\u00e9 teszi a s\u00fctik t\u00f6rl\u00e9s\u00e9t. Lehet\u0151s\u00e9g van a s\u00fctik automatikus letilt\u00e1s\u00e1ra is A r\u00e9szletek\u00e9rt k\u00e9rj\u00fck, olvassa el az internetes b\u00f6ng\u00e9sz\u0151 s\u00fag\u00f3j\u00e1t vagy dokument\u00e1ci\u00f3j\u00e1t.<\/li>\n\n\n\n<li>A s\u00fctik haszn\u00e1lat\u00e1nak korl\u00e1toz\u00e1sa befoly\u00e1solhatja a Weboldalon el\u00e9rhet\u0151 funkci\u00f3k egy r\u00e9sz\u00e9t.<\/li>\n\n\n\n<li>A Szolg\u00e1ltat\u00e1s ig\u00e9nybe vev\u0151j\u00e9nek v\u00e9gberendez\u00e9s\u00e9ben elhelyezett s\u00fctiket a Szolg\u00e1ltat\u00e1s \u00fczemeltet\u0151j\u00e9vel egy\u00fcttm\u0171k\u00f6d\u0151 szervezetek, k\u00fcl\u00f6n\u00f6sen v\u00e1llalatok is haszn\u00e1lhatj\u00e1k: Google (Google Inc., sz\u00e9khely: USA), Facebook (Facebook Inc., sz\u00e9khely: USA), Twitter (Twitter Inc., sz\u00e9khely: USA).<\/li>\n<\/ol>\n\n\n\n<h2 class=\"wp-block-heading\"><strong>9. S\u00fctik kezel\u00e9se - hogyan adhat\u00f3 \u00e9s vonhat\u00f3 vissza a hozz\u00e1j\u00e1rul\u00e1s a gyakorlatban?<\/strong><\/h2>\n\n\n\n<ol class=\"wp-block-list\">\n<li>Ha nem szeretne s\u00fctiket kapni, megv\u00e1ltoztathatja b\u00f6ng\u00e9sz\u0151je be\u00e1ll\u00edt\u00e1sait. Kijelentj\u00fck, hogy a hiteles\u00edt\u00e9si folyamatokhoz, a biztons\u00e1ghoz, a felhaszn\u00e1l\u00f3i be\u00e1ll\u00edt\u00e1sok fenntart\u00e1s\u00e1hoz elengedhetetlen\u00fcl sz\u00fcks\u00e9ges cookie-k letilt\u00e1sa megnehez\u00edtheti, sz\u00e9ls\u0151s\u00e9ges esetben pedig lehetetlenn\u00e9 teheti a weboldalak haszn\u00e1lat\u00e1t.<\/li>\n\n\n\n<li>A cookie-be\u00e1ll\u00edt\u00e1sok kezel\u00e9s\u00e9hez v\u00e1lassza ki az \u00d6n \u00e1ltal haszn\u00e1lt b\u00f6ng\u00e9sz\u0151t az al\u00e1bbi list\u00e1b\u00f3l, \u00e9s k\u00f6vesse az utas\u00edt\u00e1sokat:<ul><li><a href=\"https:\/\/support.microsoft.com\/pl-pl\/help\/10607\/microsoft-edge-view-delete-browser-history\">Edge<\/a><\/li><li><a href=\"https:\/\/support.microsoft.com\/pl-pl\/help\/278835\/how-to-delete-cookie-files-in-internet-explorer\">Internet Explorer<\/a><\/li><li><a href=\"http:\/\/support.google.com\/chrome\/bin\/answer.py?hl=pl&amp;answer=95647\">Kr\u00f3m<\/a><\/li><li><a href=\"http:\/\/support.apple.com\/kb\/PH5042\">Szafari<\/a><\/li><li><a href=\"http:\/\/support.mozilla.org\/pl\/kb\/W%C5%82%C4%85czanie%20i%20wy%C5%82%C4%85czanie%20obs%C5%82ugi%20ciasteczek\">Firefox<\/a><\/li><li><a href=\"http:\/\/help.opera.com\/Windows\/12.10\/pl\/cookies.html\">Opera<\/a><\/li><\/ul>Mobil eszk\u00f6z\u00f6k:\n<ul class=\"wp-block-list\">\n<li><a href=\"http:\/\/support.google.com\/chrome\/bin\/answer.py?hl=pl&amp;answer=95647\">Android<\/a><\/li>\n\n\n\n<li><a href=\"http:\/\/support.apple.com\/kb\/HT1677?viewlocale=pl_PL\">Safari (iOS)<\/a><\/li>\n\n\n\n<li><a href=\"http:\/\/www.windowsphone.com\/pl-pl\/how-to\/wp7\/web\/changing-privacy-and-other-browser-settings\">Windows Phone<\/a><\/li>\n<\/ul>\n<\/li>\n<\/ol>\n\n\n\n<p><\/p>","protected":false},"excerpt":{"rendered":"<p>Polityka prywatno\u015bci 1. Informacje og\u00f3lne 2. Wybrane metody ochrony danych stosowane przez Operatora 3. Hosting 4. Twoje prawa i dodatkowe informacje o sposobie wykorzystania danych 5. Informacje w formularzach 6. Logi Administratora 7. Istotne techniki marketingowe 8. Informacja o plikach cookies 9. Zarz\u0105dzanie plikami cookies \u2013 jak w praktyce wyra\u017ca\u0107 i cofa\u0107 zgod\u0119?<\/p>","protected":false},"author":1,"featured_media":0,"parent":0,"menu_order":0,"comment_status":"closed","ping_status":"closed","template":"","meta":{"footnotes":""},"class_list":["post-5322","page","type-page","status-publish","hentry"],"_links":{"self":[{"href":"https:\/\/livingfance.com\/hu\/wp-json\/wp\/v2\/pages\/5322","targetHints":{"allow":["GET"]}}],"collection":[{"href":"https:\/\/livingfance.com\/hu\/wp-json\/wp\/v2\/pages"}],"about":[{"href":"https:\/\/livingfance.com\/hu\/wp-json\/wp\/v2\/types\/page"}],"author":[{"embeddable":true,"href":"https:\/\/livingfance.com\/hu\/wp-json\/wp\/v2\/users\/1"}],"replies":[{"embeddable":true,"href":"https:\/\/livingfance.com\/hu\/wp-json\/wp\/v2\/comments?post=5322"}],"version-history":[{"count":0,"href":"https:\/\/livingfance.com\/hu\/wp-json\/wp\/v2\/pages\/5322\/revisions"}],"wp:attachment":[{"href":"https:\/\/livingfance.com\/hu\/wp-json\/wp\/v2\/media?parent=5322"}],"curies":[{"name":"wp","href":"https:\/\/api.w.org\/{rel}","templated":true}]}}