{"id":1433,"date":"2018-01-24T08:20:22","date_gmt":"2018-01-24T08:20:22","guid":{"rendered":"https:\/\/livingfance.com\/?page_id=1433"},"modified":"2026-02-25T22:26:31","modified_gmt":"2026-02-25T21:26:31","slug":"strona-glowna","status":"publish","type":"page","link":"https:\/\/livingfance.com\/hu\/","title":{"rendered":"f\u0151 oldal"},"content":{"rendered":"<section class=\"wpb-content-wrapper\"><div class=\"vc_row wpb_row vc_row-fluid\">\n            \t\t\t\t\t\t\t<div class=\"gf-container container\">\n\t\t\t\t\t\t\t\t<div class=\"wpb_column vc_column_container vc_col-sm-12\"><div class=\"vc_column-inner\"><div class=\"wpb_wrapper\">\n\t\t\t<!-- START Slider02 REVOLUTION SLIDER 6.6.13 --><p class=\"rs-p-wp-fix\"><\/p>\n\t\t\t<rs-module-wrap id=\"rev_slider_1_1_wrapper\" data-source=\"gallery\" style=\"visibility:hidden;background:transparent;padding:0;margin:0px auto;margin-top:0;margin-bottom:0;\">\n\t\t\t\t<rs-module id=\"rev_slider_1_1\" style=\"\" data-version=\"6.6.13\">\n\t\t\t\t\t<rs-slides style=\"overflow: hidden; position: absolute;\">\n\t\t\t\t\t\t<rs-slide style=\"position: absolute;\" data-key=\"rs-1\" data-title=\"Slide 01\" data-anim=\"d:10;ms:500;f:slidebased;\" data-in=\"o:0;x:(-50%);sx:0.7;sy:0.7;m:true;e:power4.inOut;col:6;\" data-out=\"a:false;\" data-alttrans=\"3dcurtain-vertical,cube\">\n\t\t\t\t\t\t\t<img decoding=\"async\" src=\"\/\/livingfance.com\/wp-content\/plugins\/revslider\/public\/assets\/assets\/dummy.png\" alt=\"\" title=\"park-6510624_1920\" width=\"1920\" height=\"1280\" class=\"rev-slidebg tp-rs-img rs-lazyload\" data-lazyload=\"\/\/livingfance.com\/wp-content\/uploads\/2025\/02\/park-6510624_1920-1.jpg\" data-no-retina>\n<!--\n\t\t\t\t\t\t\t--><a\n\t\t\t\t\t\t\t\tid=\"slider-1-slide-1-layer-0\" \n\t\t\t\t\t\t\t\tclass=\"rs-layer rev-btn\"\n\t\t\t\t\t\t\t\thref=\"https:\/\/livingfance.com\/pl\/kalkulator-zywoplotu\/\" target=\"_self\"\n\t\t\t\t\t\t\t\tdata-type=\"button\"\n\t\t\t\t\t\t\t\tdata-xy=\"x:c;xo:141px,141px,-20px,0;y:m;yo:214px,214px,168px,217px;\"\n\t\t\t\t\t\t\t\tdata-text=\"s:16,16,13,13;l:37,37,30,30;ls:0,0,0px,0px;fw:700;a:center;\"\n\t\t\t\t\t\t\t\tdata-dim=\"w:269px,269px,auto,auto;\"\n\t\t\t\t\t\t\t\tdata-rsp_bd=\"off\"\n\t\t\t\t\t\t\t\tdata-padding=\"t:8;r:37,37,30,30;b:8;l:30;\"\n\t\t\t\t\t\t\t\tdata-border=\"bos:solid;boc:#ffffff;bow:1px,1px,1px,1px;bor:5px,5px,5px,5px;\"\n\t\t\t\t\t\t\t\tdata-frame_0=\"y:61px;\"\n\t\t\t\t\t\t\t\tdata-frame_1=\"e:power4.out;st:900;sp:1500;sR:900;\"\n\t\t\t\t\t\t\t\tdata-frame_999=\"o:0;e:nothing;st:w;sR:6600;\"\n\t\t\t\t\t\t\t\tdata-frame_hover=\"c:#fff;bgc:rgba(0,0,0,0.48);boc:#fff;bor:5px,5px,5px,5px;bos:solid;bow:1px,1px,1px,1px;oX:50;oY:50;e:none;\"\n\t\t\t\t\t\t\t\tstyle=\"z-index:10;font-family:'Open Sans';text-transform:uppercase;cursor:pointer;outline:none;box-shadow:none;box-sizing:border-box;-moz-box-sizing:border-box;-webkit-box-sizing:border-box;\"\n\t\t\t\t\t\t\t>Kalkulator \u017cywop\u0142otu  \n\t\t\t\t\t\t\t<\/a><!--\n\n\t\t\t\t\t\t\t--><rs-layer\n\t\t\t\t\t\t\t\tid=\"slider-1-slide-1-layer-1\" \n\t\t\t\t\t\t\t\tclass=\"tp-shape tp-shapewrapper\"\n\t\t\t\t\t\t\t\tdata-type=\"shape\"\n\t\t\t\t\t\t\t\tdata-rsp_ch=\"on\"\n\t\t\t\t\t\t\t\tdata-xy=\"x:c;xo:1px;y:m;yo:9px;\"\n\t\t\t\t\t\t\t\tdata-text=\"fw:700;a:inherit;\"\n\t\t\t\t\t\t\t\tdata-dim=\"w:100%;h:100%;\"\n\t\t\t\t\t\t\t\tdata-basealign=\"slide\"\n\t\t\t\t\t\t\t\tdata-frame_1=\"e:power4.out;st:500;sp:1000;sR:500;\"\n\t\t\t\t\t\t\t\tdata-frame_999=\"o:0;st:w;sp:1000;sR:7500;\"\n\t\t\t\t\t\t\t\tstyle=\"z-index:6;background-color:rgba(0,0,0,0.5);\"\n\t\t\t\t\t\t\t> \n\t\t\t\t\t\t\t<\/rs-layer><!--\n\n\t\t\t\t\t\t\t--><rs-layer\n\t\t\t\t\t\t\t\tid=\"slider-1-slide-1-layer-2\" \n\t\t\t\t\t\t\t\tdata-type=\"text\"\n\t\t\t\t\t\t\t\tdata-rsp_ch=\"on\"\n\t\t\t\t\t\t\t\tdata-xy=\"x:c;xo:-15px,-44px,-34px,-24px;y:m;yo:-169px,-172px,-187px,-139px;\"\n\t\t\t\t\t\t\t\tdata-text=\"s:80,70,60,37;l:80,80,80,60;fw:700;a:inherit,inherit,inherit,left;\"\n\t\t\t\t\t\t\t\tdata-dim=\"w:auto,auto,618px,auto;\"\n\t\t\t\t\t\t\t\tdata-frame_0=\"y:50px,50px,50px,44px;\"\n\t\t\t\t\t\t\t\tdata-frame_1=\"x:0,0,0,0px;y:0,0,0,0px;e:power4.out;st:500;sp:1200;sR:500;\"\n\t\t\t\t\t\t\t\tdata-frame_999=\"o:0;e:nothing;st:w;sR:7300;\"\n\t\t\t\t\t\t\t\tstyle=\"z-index:7;font-family:'Lato';\"\n\t\t\t\t\t\t\t>Tw\u00f3j ogr\u00f3d pe\u0142en \u017cycia <br>\u2013 z nami to mo\u017cliwe! \n\t\t\t\t\t\t\t<\/rs-layer><!--\n\n\t\t\t\t\t\t\t--><rs-layer\n\t\t\t\t\t\t\t\tid=\"slider-1-slide-1-layer-3\" \n\t\t\t\t\t\t\t\tdata-type=\"text\"\n\t\t\t\t\t\t\t\tdata-color=\"#e0f8d8\"\n\t\t\t\t\t\t\t\tdata-rsp_ch=\"on\"\n\t\t\t\t\t\t\t\tdata-xy=\"x:c;xo:-35px,-35px,-63px,0;y:m;yo:114px,114px,83px,-1px;\"\n\t\t\t\t\t\t\t\tdata-text=\"w:normal;s:24,24,22,19;l:48,48,42,32;fw:500,500,500,400;a:inherit;\"\n\t\t\t\t\t\t\t\tdata-dim=\"w:920px,920px,757px,449px;h:334px,334px,334px,auto;\"\n\t\t\t\t\t\t\t\tdata-margin=\"r:50,50,50,0;l:50,50,50,0;\"\n\t\t\t\t\t\t\t\tdata-padding=\"t:20,20,20,7;r:50,50,50,0;b:0,0,0,7;l:50,50,50,0;\"\n\t\t\t\t\t\t\t\tdata-frame_0=\"y:50px;\"\n\t\t\t\t\t\t\t\tdata-frame_1=\"e:power4.out;st:700;sp:1400;sR:700;\"\n\t\t\t\t\t\t\t\tdata-frame_999=\"o:0;e:nothing;st:w;sR:6900;\"\n\t\t\t\t\t\t\t\tstyle=\"z-index:8;background-color:rgba(0,20,7,0.59);font-family:'Roboto';font-style:italic;\"\n\t\t\t\t\t\t\t>Rozpoczynamy sezon wiosenny!\nOferujemy starannie wyselekcjonowane, zdrowe sadzonki,\nidealne do ogrod\u00f3w, na \u017cywop\u0142oty i zalesienia.\n Sprawd\u017a nasz\u0105 ofert\u0119 i zacznij sezon z najlepszymi sadzonkami \n\t\t\t\t\t\t\t<\/rs-layer><!--\n\n\t\t\t\t\t\t\t--><a\n\t\t\t\t\t\t\t\tid=\"slider-1-slide-1-layer-5\" \n\t\t\t\t\t\t\t\tclass=\"rs-layer rev-btn\"\n\t\t\t\t\t\t\t\thref=\"https:\/\/livingfance.com\/kategorie\" target=\"_self\"\n\t\t\t\t\t\t\t\tdata-type=\"button\"\n\t\t\t\t\t\t\t\tdata-xy=\"x:c;xo:-190px,-190px,-274px,0;y:m;yo:214px,214px,168px,133px;\"\n\t\t\t\t\t\t\t\tdata-text=\"s:16,16,13,13;l:37,37,30,30;ls:0,0,0px,0px;fw:700;a:center;\"\n\t\t\t\t\t\t\t\tdata-dim=\"w:232px,232px,auto,auto;\"\n\t\t\t\t\t\t\t\tdata-rsp_bd=\"off\"\n\t\t\t\t\t\t\t\tdata-padding=\"t:8;r:37,37,30,30;b:8;l:37,37,30,30;\"\n\t\t\t\t\t\t\t\tdata-border=\"bos:solid;boc:#ffffff;bow:1px,1px,1px,1px;bor:5px,5px,5px,5px;\"\n\t\t\t\t\t\t\t\tdata-frame_0=\"y:61px;\"\n\t\t\t\t\t\t\t\tdata-frame_1=\"e:power4.out;st:900;sp:1500;sR:900;\"\n\t\t\t\t\t\t\t\tdata-frame_999=\"o:0;e:nothing;st:w;sR:6600;\"\n\t\t\t\t\t\t\t\tdata-frame_hover=\"c:#fff;bgc:#39723a;boc:#6ea820;bor:5px,5px,5px,5px;bos:solid;bow:1px,1px,1px,1px;oX:50;oY:50;e:none;\"\n\t\t\t\t\t\t\t\tstyle=\"z-index:9;background-color:#6ea820;font-family:'Open Sans';text-transform:uppercase;cursor:pointer;outline:none;box-shadow:none;box-sizing:border-box;-moz-box-sizing:border-box;-webkit-box-sizing:border-box;\"\n\t\t\t\t\t\t\t>Kup teraz \n\t\t\t\t\t\t\t<\/a><!--\n-->\t\t\t\t\t\t<\/rs-slide>\n\t\t\t\t\t<\/rs-slides>\n\t\t\t\t\t<rs-static-layers class=\"rs-stl-visible\"><!--\n\t\t\t\t\t--><\/rs-static-layers>\n\t\t\t\t<\/rs-module>\n\t\t\t\t<script>\n\t\t\t\t\tsetREVStartSize({c: 'rev_slider_1_1',rl:[1240,1024,778,480],el:[868,768,960,530],gw:[1200,1024,778,480],gh:[868,768,960,530],type:'standard',justify:'',layout:'fullwidth',mh:\"0\"});if (window.RS_MODULES!==undefined && window.RS_MODULES.modules!==undefined && window.RS_MODULES.modules[\"revslider11\"]!==undefined) {window.RS_MODULES.modules[\"revslider11\"].once = false;window.revapi1 = undefined;if (window.RS_MODULES.checkMinimal!==undefined) window.RS_MODULES.checkMinimal()}\n\t\t\t\t<\/script>\n\t\t\t<\/rs-module-wrap>\n\t\t\t<!-- END REVOLUTION SLIDER -->\n<div class=\"g5plus-space space-69e4c5a635468\" data-id=\"69e4c5a635468\" data-tablet=\"60\" data-tablet-portrait=\"50\" data-mobile=\"35\" data-mobile-landscape=\"40\" style=\"clear: both; display: block; height: 75px\"><\/div><\/div><\/div><\/div>\t\t\t\t\t\t\t<\/div>\n\t\t\t\n\t\t<\/div>\n\t\t<div class=\"vc_row wpb_row vc_row-fluid\">\n            \t\t\t\t\t\t\t<div class=\"gf-container container\">\n\t\t\t\t\t\t\t\t<div class=\"wpb_column vc_column_container vc_col-sm-8 vc_col-sm-offset-2\"><div class=\"vc_column-inner\"><div class=\"wpb_wrapper\"><div class=\"g5plus-space space-69e4c5a635812\" data-id=\"69e4c5a635812\" data-tablet=\"50\" data-tablet-portrait=\"40\" data-mobile=\"20\" data-mobile-landscape=\"30\" style=\"clear: both; display: block; height: 60px\"><\/div><div class=\"gf-heading gf-heading-style-01 text-center\">\n\t<div class=\"gf-heading-inner gf-heading-69e4c5a6359dd\">\n                                    <span class=\"heading-sub-title\">Stawiamy na jako\u015b\u0107, uczciwo\u015b\u0107 i d\u0142ugofalowe relacje z klientami<\/span>\n                                        <h4 class=\"heading-title\">Dlaczego warto wybra\u0107 Livingfance?<\/h4>\n                                                \t<\/div>\n<\/div>\n<div class=\"g5plus-space space-69e4c5a635c64\" data-id=\"69e4c5a635c64\" data-tablet=\"40\" data-tablet-portrait=\"40\" data-mobile=\"30\" data-mobile-landscape=\"30\" style=\"clear: both; display: block; height: 50px\"><\/div><\/div><\/div><\/div><div class=\"lg-mg-bottom-40 wpb_column vc_column_container vc_col-sm-6 vc_col-md-3\"><div class=\"vc_column-inner\"><div class=\"wpb_wrapper\"><div class=\"gsf-info-box style-02 clearfix icon-align-top icon-classic ib-large sm-info-padding-25 vc_custom_1770126847988 ib-shadow info-box-69e4c5a635f33\">\n\t\t\t\t\t\t<div class=\"ib-content\">\n\t\t\t\t<div class=\"ib-shape\">\n\t\t\t\t\t<div class=\"ib-shape-inner\">\n\t\t\t\t\t\t<i class=\"flaticon-tree\"><\/i>\t\t\t\t\t<\/div>\n\t\t\t\t<\/div>\n\t\t\t\t\t\t\t\t\t\t<h4 class=\"info-box-title\">Zdrowe sadzonki<\/h4>\n\t\t\t\t\t\t\t\t\t\t\t\t<\/div>\n\t\t\t<\/div>\n<\/div><\/div><\/div><div class=\"lg-mg-bottom-40 wpb_column vc_column_container vc_col-sm-6 vc_col-md-3\"><div class=\"vc_column-inner\"><div class=\"wpb_wrapper\"><div class=\"gsf-info-box style-02 clearfix icon-align-top icon-classic ib-large sm-info-padding-25 vc_custom_1770126884723 ib-shadow info-box-69e4c5a636243\">\n\t\t\t\t\t\t<div class=\"ib-content\">\n\t\t\t\t<div class=\"ib-shape\">\n\t\t\t\t\t<div class=\"ib-shape-inner\">\n\t\t\t\t\t\t<i class=\"flaticon-transport\"><\/i>\t\t\t\t\t<\/div>\n\t\t\t\t<\/div>\n\t\t\t\t\t\t\t\t\t\t<h4 class=\"info-box-title\">Bezpieczna wysy\u0142ka<\/h4>\n\t\t\t\t\t\t\t\t\t\t\t\t<\/div>\n\t\t\t<\/div>\n<\/div><\/div><\/div><div class=\"sm-mg-bottom-40 wpb_column vc_column_container vc_col-sm-6 vc_col-md-3\"><div class=\"vc_column-inner\"><div class=\"wpb_wrapper\"><div class=\"gsf-info-box style-02 clearfix icon-align-top icon-classic ib-large sm-info-padding-25 vc_custom_1770127014130 ib-shadow info-box-69e4c5a636524\">\n\t\t\t\t\t\t<div class=\"ib-content\">\n\t\t\t\t<div class=\"ib-shape\">\n\t\t\t\t\t<div class=\"ib-shape-inner\">\n\t\t\t\t\t\t<i class=\"flaticon-seeds\"><\/i>\t\t\t\t\t<\/div>\n\t\t\t\t<\/div>\n\t\t\t\t\t\t\t\t\t\t<h4 class=\"info-box-title\">Gotowe do sadzenia<\/h4>\n\t\t\t\t\t\t\t\t\t\t\t\t<\/div>\n\t\t\t<\/div>\n<\/div><\/div><\/div><div class=\"wpb_column vc_column_container vc_col-sm-6 vc_col-md-3\"><div class=\"vc_column-inner\"><div class=\"wpb_wrapper\"><div class=\"gsf-info-box style-02 clearfix icon-align-top icon-classic ib-large sm-info-padding-25 vc_custom_1770127083659 ib-shadow info-box-69e4c5a636802\">\n\t\t\t\t\t\t<div class=\"ib-content\">\n\t\t\t\t<div class=\"ib-shape\">\n\t\t\t\t\t<div class=\"ib-shape-inner\">\n\t\t\t\t\t\t<i class=\"flaticon-heart\"><\/i>\t\t\t\t\t<\/div>\n\t\t\t\t<\/div>\n\t\t\t\t\t\t\t\t\t\t<h4 class=\"info-box-title\">Zadowoleni klienci<\/h4>\n\t\t\t\t\t\t\t\t\t\t\t\t<\/div>\n\t\t\t<\/div>\n<\/div><\/div><\/div><div class=\"wpb_column vc_column_container vc_col-sm-12\"><div class=\"vc_column-inner\"><div class=\"wpb_wrapper\"><div class=\"g5plus-space space-69e4c5a636b51\" data-id=\"69e4c5a636b51\" data-tablet=\"25\" data-tablet-portrait=\"20\" data-mobile=\"10\" data-mobile-landscape=\"12\" style=\"clear: both; display: block; height: 35px\"><\/div><div class=\"btn-container text-center\">\n\t\t\t<a class=\"btn btn-accent btn-classic btn-rounded btn-md btn-icon btn-icon-right\" href=\"https:\/\/livingfance.com\/o-nas\/\" title=\"O nas\">Poznaj nas lepiej<i class=\"fa fa-arrow-right\"><\/i><\/a>\n\t<\/div>\n\n<div class=\"g5plus-space space-69e4c5a636e55\" data-id=\"69e4c5a636e55\" data-tablet=\"75\" data-tablet-portrait=\"60\" data-mobile=\"30\" data-mobile-landscape=\"37\" style=\"clear: both; display: block; height: 105px\"><\/div><\/div><\/div><\/div>\t\t\t\t\t\t\t<\/div>\n\t\t\t\n\t\t<\/div>\n\t\t<section class=\"vc_section vc_custom_1770315387333 vc_section-has-fill\">\n\t\t\t\t\t\t\t\t\t<div class=\"vc_row wpb_row vc_row-fluid\">\n            \t\t\t\t\t\t\t<div class=\"gf-container container\">\n\t\t\t\t\t\t\t\t<div class=\"wpb_column vc_column_container vc_col-sm-8 vc_col-sm-offset-2\"><div class=\"vc_column-inner\"><div class=\"wpb_wrapper\"><div class=\"gf-heading gf-heading-style-01 text-center\">\n\t<div class=\"gf-heading-inner gf-heading-69e4c5a6372bf\">\n                                    <span class=\"heading-sub-title\">Sprawd\u017a nasz\u0105 ofert\u0119 i wybierz ro\u015bliny do swojego ogrodu<\/span>\n                                        <h4 class=\"heading-title\">Nowy sezon, nowe sadzonki!<\/h4>\n                                                \t<\/div>\n<\/div>\n<div class=\"g5plus-space space-69e4c5a637521\" data-id=\"69e4c5a637521\" data-tablet=\"40\" data-tablet-portrait=\"40\" data-mobile=\"30\" data-mobile-landscape=\"30\" style=\"clear: both; display: block; height: 50px\"><\/div><\/div><\/div><\/div>\t\t\t\t\t\t\t<\/div>\n\t\t\t\n\t\t<\/div>\n\t\t<div class=\"vc_row wpb_row vc_row-fluid vc_custom_1772054276008\">\n            \t\t\t\t\t\t\t<div class=\"gf-container container\">\n\t\t\t\t\t\t\t\t<div class=\"wpb_column vc_column_container vc_col-sm-12 vc_col-md-4\"><div class=\"vc_column-inner\"><div class=\"wpb_wrapper\">\t<div class=\"gf-banner layla-effect gf-banner-style-01 banner-border-accent gf_banner_link\">\n\t<div class=\"effect-bg-image gf-banner-bg gf-banner-7980\">\n\t\t\t\t\t<a href=\"https:\/\/livingfance.com\/product-category\/laurowisnie\/\"><\/a>\n\t\t\t<\/div>\n\t<div class=\"gf-banner-inner effect-content\">\n\t\t\t<\/div>\n\t<\/div>\n<\/div><\/div><\/div><div class=\"wpb_column vc_column_container vc_col-sm-12 vc_col-md-4\"><div class=\"vc_column-inner\"><div class=\"wpb_wrapper\">\t<div class=\"gf-banner layla-effect gf-banner-style-02 banner-border-accent banner-dark md-mg-top-30 gf_banner_link\">\n\t<div class=\"effect-bg-image gf-banner-bg gf-banner-6473\">\n\t\t\t\t\t<a href=\"https:\/\/livingfance.com\/pl\/product-category\/graby\/\"><\/a>\n\t\t\t<\/div>\n\t<div class=\"gf-banner-inner effect-content\">\n\t\t\t\t\t<div class=\"gf-banner-content\">\n                                    <a class=\"banner-link\" href=\"https:\/\/livingfance.com\/pl\/product-category\/graby\/\"><\/a>\n                                \t\t\t<\/div>\n\t\t\t<\/div>\n\t<\/div>\n<\/div><\/div><\/div><div class=\"wpb_column vc_column_container vc_col-sm-12 vc_col-md-4\"><div class=\"vc_column-inner\"><div class=\"wpb_wrapper\">\t<div class=\"gf-banner layla-effect gf-banner-style-02 banner-border-accent md-mg-top-30 gf_banner_link\">\n\t<div class=\"effect-bg-image gf-banner-bg gf-banner-6522\">\n\t\t\t\t\t<a href=\"https:\/\/livingfance.com\/pl\/product-category\/buki\"><\/a>\n\t\t\t<\/div>\n\t<div class=\"gf-banner-inner effect-content\">\n\t\t\t\t\t<div class=\"gf-banner-content\">\n                                    <a class=\"banner-link\" href=\"https:\/\/livingfance.com\/pl\/product-category\/buki\"><\/a>\n                                \t\t\t<\/div>\n\t\t\t<\/div>\n\t<\/div>\n<\/div><\/div><\/div>\t\t\t\t\t\t\t<\/div>\n\t\t\t\n\t\t<\/div>\n\t\t<div class=\"vc_row wpb_row vc_row-fluid lg-pd-left-right-0 vc_custom_1517280339521\">\n            \t\t\t\t\t\t\t\t<div class=\"wpb_column vc_column_container vc_col-sm-12\"><div class=\"vc_column-inner\"><div class=\"wpb_wrapper\"><div class=\"btn-container text-center\">\n\t\t\t<a class=\"btn btn-accent btn-classic btn-rounded btn-sm\" href=\"https:\/\/livingfance.com\/kategorie\/\" title=\"ZOBACZ PE\u0141N\u0104 OFERT\u0118\">ZOBACZ PE\u0141N\u0104 OFERT\u0118<\/a>\n\t<\/div>\n\n<div class=\"g5plus-space space-69e4c5a63b6c8\" data-id=\"69e4c5a63b6c8\" data-tablet=\"0\" data-tablet-portrait=\"70\" data-mobile=\"50\" data-mobile-landscape=\"60\" style=\"clear: both; display: block; height: 110px\"><\/div><\/div><\/div><\/div>\t\t\t\n\t\t<\/div>\n\t\t\t\t\t<\/section>\n\t\t<div class=\"vc_row wpb_row vc_row-fluid vc_custom_1770737348493 vc_row-has-fill vc_row-o-content-middle vc_row-flex vc_hidden-lg vc_hidden-md vc_hidden-sm vc_hidden-xs\">\n            \t\t\t\t\t\t\t\t<div class=\"wpb_column vc_column_container vc_col-sm-12 vc_col-has-fill\"><div class=\"vc_column-inner vc_custom_1739226335948\"><div class=\"wpb_wrapper\">\t<div class=\"gf-banner gf-banner-style-01 vc_custom_1739468291340 vc_hidden-xs\">\n\t<div class=\"effect-bg-image gf-banner-bg gf-banner-6118\">\n\t\t\t<\/div>\n\t<div class=\"gf-banner-inner effect-content\">\n\t\t\t<\/div>\n\t<\/div>\n<\/div><\/div><\/div>\t\t\t\n\t\t<\/div>\n\t\t<div class=\"vc_row wpb_row vc_row-fluid vc_custom_1770737353711 vc_row-has-fill vc_row-o-content-middle vc_row-flex vc_hidden-lg vc_hidden-md vc_hidden-sm vc_hidden-xs\">\n            \t\t\t\t\t\t\t\t<div class=\"wpb_column vc_column_container vc_col-sm-12 vc_col-has-fill\"><div class=\"vc_column-inner vc_custom_1739478903866\"><div class=\"wpb_wrapper\">\t<div class=\"gf-banner gf-banner-style-01 vc_custom_1739478890573\">\n\t<div class=\"effect-bg-image gf-banner-bg gf-banner-4519\">\n\t\t\t<\/div>\n\t<div class=\"gf-banner-inner effect-content\">\n\t\t\t<\/div>\n\t<\/div>\n<\/div><\/div><\/div>\t\t\t\n\t\t<\/div>\n<\/section>","protected":false},"excerpt":{"rendered":"Kalkulator \u017cywop\u0142otu Tw\u00f3j ogr\u00f3d pe\u0142en \u017cycia \u2013 z nami to mo\u017cliwe! Rozpoczynamy sezon wiosenny! Oferujemy starannie wyselekcjonowane, zdrowe sadzonki, idealne do ogrod\u00f3w, na \u017cywop\u0142oty i zalesienia. Sprawd\u017a nasz\u0105 ofert\u0119 i zacznij sezon z najlepszymi sadzonkami Kup teraz Stawiamy na jako\u015b\u0107, uczciwo\u015b\u0107 i d\u0142ugofalowe relacje z klientami Dlaczego warto wybra\u0107 Livingfance? Zdrowe sadzonki Bezpieczna wysy\u0142ka Gotowe [...]","protected":false},"author":1,"featured_media":0,"parent":0,"menu_order":0,"comment_status":"closed","ping_status":"closed","template":"","meta":{"footnotes":""},"class_list":["post-1433","page","type-page","status-publish","hentry"],"_links":{"self":[{"href":"https:\/\/livingfance.com\/hu\/wp-json\/wp\/v2\/pages\/1433","targetHints":{"allow":["GET"]}}],"collection":[{"href":"https:\/\/livingfance.com\/hu\/wp-json\/wp\/v2\/pages"}],"about":[{"href":"https:\/\/livingfance.com\/hu\/wp-json\/wp\/v2\/types\/page"}],"author":[{"embeddable":true,"href":"https:\/\/livingfance.com\/hu\/wp-json\/wp\/v2\/users\/1"}],"replies":[{"embeddable":true,"href":"https:\/\/livingfance.com\/hu\/wp-json\/wp\/v2\/comments?post=1433"}],"version-history":[{"count":9,"href":"https:\/\/livingfance.com\/hu\/wp-json\/wp\/v2\/pages\/1433\/revisions"}],"predecessor-version":[{"id":8966,"href":"https:\/\/livingfance.com\/hu\/wp-json\/wp\/v2\/pages\/1433\/revisions\/8966"}],"wp:attachment":[{"href":"https:\/\/livingfance.com\/hu\/wp-json\/wp\/v2\/media?parent=1433"}],"curies":[{"name":"wp","href":"https:\/\/api.w.org\/{rel}","templated":true}]}}