{"id":8419,"date":"2026-02-01T20:43:21","date_gmt":"2026-02-01T19:43:21","guid":{"rendered":"https:\/\/livingfance.com\/pl\/product\/grab-pospolity-na-zywoplot-sadzonki-60-100cm-idealny-na-formowane-zywoploty\/"},"modified":"2026-02-19T10:33:19","modified_gmt":"2026-02-19T09:33:19","slug":"grab-pospolity-na-zywoplot-sadzonki-60-100cm-idealny-na-formowane-zywoploty","status":"publish","type":"product","link":"https:\/\/livingfance.com\/en\/product\/grab-pospolity-na-zywoplot-sadzonki-60-100cm-idealny-na-formowane-zywoploty\/","title":{"rendered":"Grab pospolity na \u017cywop\u0142ot sadzonki 60-100cm IDEALNY NA FORMOWANE \u017bYWOP\u0141OTY"},"content":{"rendered":"<section class=\"section\">\n<div class=\"item item-12\">\n<section class=\"text-item\">\n<div class=\"mpof_ki myre_zn myre_8v_l m389_6m_l\">\n<div class=\"mp4t_16_s mryx_16_s mr3m_1 mli2_1 mh85_56 mh85_0_l\">\n<div class=\"mgn2_16 _0d3bd_am0a-\">\n<h3>\ud83c\udf33 Grab pospolity \u2013 sadzonki go\u0142y korze\u0144 60\u2013100 cm<\/h3>\n<p><b>\u2728 Idealne na g\u0119sty \u017cywop\u0142ot i zalesienie<\/b><\/p>\n<p><b>\ud83d\udce6 Cena dotyczy 1 sztuki<\/b><\/p>\n<p><b>Szukasz ro\u015blin, kt\u00f3re stworz\u0105 pi\u0119kny, g\u0119sty i trwa\u0142y \u017cywop\u0142ot na lata?<\/b><\/p>\n<p><b>Grab pospolity (Carpinus betulus)<\/b>\u00a0to sprawdzony wyb\u00f3r \u2013 elegancki, wytrzyma\u0142y i wyj\u0105tkowo dobrze zag\u0119szczaj\u0105cy si\u0119 po przyci\u0119ciu \ud83c\udf31<\/p>\n<p>Oferujemy wysokiej jako\u015bci sadzonki klasy PREMIUM, starannie selekcjonowane, z dobrze rozwini\u0119tym systemem korzeniowym.<\/p>\n<p><b>Stawiaj\u0105c na grab pospolity<\/b>, wybieraj\u0105 pa\u0144stwo ro\u015blin\u0119, kt\u00f3ra \u0142\u0105czy walory ozdobne i funkcjonalne. Dzi\u0119ki swojej wyj\u0105tkowej tendencji do samo rozkrzewiania oraz doskona\u0142ej tolerancji na ci\u0119cie, grab jest idealnym wyborem na formowane \u017cywop\u0142oty. Sadzonki grabu to \u015bwietny wyb\u00f3r dla tych, kt\u00f3rzy ceni\u0105 trwa\u0142o\u015b\u0107, \u0142atwo\u015b\u0107 formowania, sprawdzi si\u0119 idealnie jako element dekoracyjny w ogrodzie. Je\u015bli szukasz ro\u015bliny, wytrzyma\u0142ej i \u0142atwej w uprawie, grab pospolity b\u0119dzie idealnym rozwi\u0105zaniem.<\/p>\n<p><b>Szk\u00f3\u0142kowanie sadzonek \u2013 jest to proces kt\u00f3ry stosujemy, ma on na celu wytworzenie u sadzonek skupionego i p\u0142ytkiego systemu korzeniowego, kt\u00f3ry b\u0119dzie bogaty w liczne drobne korzenie, co skutkuje niemal 100%-owym przyj\u0119ciem.<\/b><\/p>\n<p><b>Wybieraj\u0105c nasze ro\u015bliny, gwarantujemy:<\/b><\/p>\n<p><b>Konkurencyjne ceny<\/b>\u00a0&#8211; ro\u015bliny s\u0105 uprawiane w szk\u00f3\u0142ce, przez co mo\u017cemy zagwarantowa\u0107 Pa\u0144stwu mo\u017cliwie najni\u017csze ceny.<\/p>\n<p><b>Kupuj\u0105c u nas<\/b>\u00a0ro\u015bliny maj\u0105 Pa\u0144stwo pewno\u015b\u0107 \u017ce zostan\u0105 zabezpieczone i spakowane z du\u017c\u0105 dba\u0142o\u015bci\u0105 przed utrat\u0105 wilgoci, aby dotar\u0142y do Pa\u0144stwa<b>\u00a0<\/b><b>w nienaruszonym stanie.<\/b><\/p>\n<\/div>\n<\/div>\n<\/div>\n<div class=\"mpof_ki myre_zn myre_8v_l m389_6m_l\">\n<div class=\"mp4t_16_s mryx_16_s mr3m_1 mli2_1 mh85_56 mh85_0_l\">\n<div class=\"mgn2_16 _0d3bd_am0a-\">\n<p>Grab to synonim trwa\u0142o\u015bci i estetyki \ud83c\udf43 Doskonale znosi formowanie, szybko si\u0119 zag\u0119szcza i zachowuje atrakcyjny wygl\u0105d przez ca\u0142y rok. Jesieni\u0105 li\u015bcie przebarwiaj\u0105 si\u0119 na ciep\u0142e odcienie z\u0142ota, a cz\u0119\u015b\u0107 z nich pozostaje na ga\u0142\u0119ziach zim\u0105, zapewniaj\u0105c prywatno\u015b\u0107 nawet poza sezonem \u2744\ufe0f\ud83c\udf3f<\/p>\n<p>&nbsp;<\/p>\n<h4><b>\u2728 Dlaczego warto wybra\u0107 nasze sadzonki PREMIUM?<\/b><\/h4>\n<p>\u2714\ufe0f wysoko\u015b\u0107 60\u2013100 cm<\/p>\n<p>\u2714\ufe0f silny, dobrze rozwini\u0119ty system korzeniowy &#8211; lepsze przyj\u0119cie w gruncie \ud83c\udf31<\/p>\n<p>\u2714\ufe0f idealne na \u017cywop\u0142oty formowane i naturalne<\/p>\n<p><b>\ud83c\udf3f Zalety graba pospolitego:<\/b><\/p>\n<p>\ud83c\udf43 wyj\u0105tkowa odporno\u015b\u0107 na mr\u00f3z i warunki atmosferyczne<\/p>\n<p>\u2702\ufe0f doskona\u0142a tolerancja ci\u0119cia i formowania<\/p>\n<p>\ud83c\udfe1 tworzy zwart\u0105, g\u0119st\u0105 barier\u0119 chroni\u0105c\u0105 przed ha\u0142asem i wiatrem<\/p>\n<p>\ud83c\udf31 d\u0142ugowieczna i \u0142atwa w piel\u0119gnacji ro\u015blina<\/p>\n<p><b>Postaw na jako\u015b\u0107 PREMIUM i stw\u00f3rz elegancki, g\u0119sty \u017cywop\u0142ot, kt\u00f3ry b\u0119dzie ozdob\u0105 Twojego ogrodu przez lata \ud83d\udc9a<\/b><\/p>\n<p><b>Sadzenie na \u017cywop\u0142ot:<\/b><\/p>\n<p>1 rz\u0105d &#8212;-&gt; 5 szt \/ mb (co 20cm)<\/p>\n<p>2rz\u0119dy &#8212;-&gt; 7\/8 szt\/mb (co 25-30cm na przemian)<\/p>\n<p>Sadzonki nale\u017cy samemu przycina\u0107 ka\u017cdego roku, aby powsta\u0142 zag\u0119szczony \u017cywop\u0142ot.<\/p>\n<p><b>Ciekawostka:<\/b>\u00a0Drewno graba jest jasne i twarde. Wyrabiamy z niego r\u00f3\u017cne narz\u0119dzia oraz u\u017cywamy do produkcji wysokiej jako\u015bci w\u0119gla drzewnego.<\/p>\n<p>&nbsp;<\/p>\n<\/div>\n<\/div>\n<div class=\"mp4t_16_s mryx_16_s mr3m_1 mli2_1 mh85_56 mh85_0_l\">\n<div class=\"mg9e_8 mj7a_8 mg9e_0_s mvrt_0_s mj7a_0_s mh36_0_s mzmg_6m munh_16_l m3h2_16_l\">\n<div class=\"mp4t_0 mryx_0 munh_56 m3h2_56\">\n<div class=\"mp7g_oh\"><button class=\"mg9e_0 mvrt_0 mj7a_0 mh36_0 mp4t_0 m3h2_0 mryx_0 munh_0 mqen_m6 mpof_z0 mx7m_0 m7er_k4 mse2_k4 msts_pt\" data-analytics-interaction=\"true\" data-analytics-interaction-label=\"zoomable-image-open\" aria-disabled=\"true\"><img loading=\"lazy\" decoding=\"async\" class=\"msub_k4 mupj_5k mjru_k4 mse2_k4 mp7g_f6 mq1m_0 mj7u_0 m7er_k4 mqen_m6 m31c_d8 m0ux_fp lazyloaded\" src=\"https:\/\/a.allegroimg.com\/original\/11ff12\/c8102f0a4e288a61bd96d3c818f6\/Grab-pospolity-na-zywoplot-sadzonki-60-100cm-IDEALNY-NA-FORMOWANE-ZYWOPLOTY-Producent-nieznany-producent\" sizes=\"auto, (min-width: 1200px) 560px, (min-width: 992px) 50vw, 100vw\" srcset=\"https:\/\/a.allegroimg.com\/s360\/11ff12\/c8102f0a4e288a61bd96d3c818f6\/Grab-pospolity-na-zywoplot-sadzonki-60-100cm-IDEALNY-NA-FORMOWANE-ZYWOPLOTY-Producent-nieznany-producent 197w,https:\/\/a.allegroimg.com\/s720\/11ff12\/c8102f0a4e288a61bd96d3c818f6\/Grab-pospolity-na-zywoplot-sadzonki-60-100cm-IDEALNY-NA-FORMOWANE-ZYWOPLOTY-Producent-nieznany-producent 395w,https:\/\/a.allegroimg.com\/s1024\/11ff12\/c8102f0a4e288a61bd96d3c818f6\/Grab-pospolity-na-zywoplot-sadzonki-60-100cm-IDEALNY-NA-FORMOWANE-ZYWOPLOTY-Producent-nieznany-producent 562w,https:\/\/a.allegroimg.com\/original\/11ff12\/c8102f0a4e288a61bd96d3c818f6\/Grab-pospolity-na-zywoplot-sadzonki-60-100cm-IDEALNY-NA-FORMOWANE-ZYWOPLOTY-Producent-nieznany-producent 562w\" alt=\"Grab pospolity na \u017cywop\u0142ot sadzonki 60-100cm IDEALNY NA FORMOWANE \u017bYWOP\u0141OTY Producent nieznany producent\" width=\"288\" height=\"524\" data-src=\"https:\/\/a.allegroimg.com\/original\/11ff12\/c8102f0a4e288a61bd96d3c818f6\/Grab-pospolity-na-zywoplot-sadzonki-60-100cm-IDEALNY-NA-FORMOWANE-ZYWOPLOTY-Producent-nieznany-producent\" data-srcset=\"https:\/\/a.allegroimg.com\/s360\/11ff12\/c8102f0a4e288a61bd96d3c818f6\/Grab-pospolity-na-zywoplot-sadzonki-60-100cm-IDEALNY-NA-FORMOWANE-ZYWOPLOTY-Producent-nieznany-producent 197w,https:\/\/a.allegroimg.com\/s720\/11ff12\/c8102f0a4e288a61bd96d3c818f6\/Grab-pospolity-na-zywoplot-sadzonki-60-100cm-IDEALNY-NA-FORMOWANE-ZYWOPLOTY-Producent-nieznany-producent 395w,https:\/\/a.allegroimg.com\/s1024\/11ff12\/c8102f0a4e288a61bd96d3c818f6\/Grab-pospolity-na-zywoplot-sadzonki-60-100cm-IDEALNY-NA-FORMOWANE-ZYWOPLOTY-Producent-nieznany-producent 562w,https:\/\/a.allegroimg.com\/original\/11ff12\/c8102f0a4e288a61bd96d3c818f6\/Grab-pospolity-na-zywoplot-sadzonki-60-100cm-IDEALNY-NA-FORMOWANE-ZYWOPLOTY-Producent-nieznany-producent 562w\" \/>\u00a0 \u00a0 \u00a0 \u00a0 \u00a0 \u00a0 \u00a0<img decoding=\"async\" class=\"msub_k4 mupj_5k mjru_k4 mse2_k4 mp7g_f6 mq1m_0 mj7u_0 m7er_k4 mqen_m6 m31c_d8 m0ux_fp lazyloaded\" style=\"font-family: inherit; font-size: inherit; color: #7d7d7d; text-align: left;\" src=\"https:\/\/a.allegroimg.com\/original\/11e9e7\/754fbf0b45eb9bad7eb0e7bb02e0\/Grab-pospolity-na-zywoplot-sadzonki-60-100cm-IDEALNY-NA-FORMOWANE-ZYWOPLOTY-Roslina-w-postaci-sadzonka-z-golym-korzeniem\" sizes=\"(min-width: 1200px) 560px, (min-width: 992px) 50vw, 100vw\" srcset=\"https:\/\/a.allegroimg.com\/s360\/11e9e7\/754fbf0b45eb9bad7eb0e7bb02e0\/Grab-pospolity-na-zywoplot-sadzonki-60-100cm-IDEALNY-NA-FORMOWANE-ZYWOPLOTY-Roslina-w-postaci-sadzonka-z-golym-korzeniem 206w,https:\/\/a.allegroimg.com\/s720\/11e9e7\/754fbf0b45eb9bad7eb0e7bb02e0\/Grab-pospolity-na-zywoplot-sadzonki-60-100cm-IDEALNY-NA-FORMOWANE-ZYWOPLOTY-Roslina-w-postaci-sadzonka-z-golym-korzeniem 301w,https:\/\/a.allegroimg.com\/original\/11e9e7\/754fbf0b45eb9bad7eb0e7bb02e0\/Grab-pospolity-na-zywoplot-sadzonki-60-100cm-IDEALNY-NA-FORMOWANE-ZYWOPLOTY-Roslina-w-postaci-sadzonka-z-golym-korzeniem 301w\" alt=\"Grab pospolity na \u017cywop\u0142ot sadzonki 60-100cm IDEALNY NA FORMOWANE \u017bYWOP\u0141OTY Ro\u015blina w postaci sadzonka z go\u0142ym korzeniem\" width=\"301px\" data-src=\"https:\/\/a.allegroimg.com\/original\/11e9e7\/754fbf0b45eb9bad7eb0e7bb02e0\/Grab-pospolity-na-zywoplot-sadzonki-60-100cm-IDEALNY-NA-FORMOWANE-ZYWOPLOTY-Roslina-w-postaci-sadzonka-z-golym-korzeniem\" data-srcset=\"https:\/\/a.allegroimg.com\/s360\/11e9e7\/754fbf0b45eb9bad7eb0e7bb02e0\/Grab-pospolity-na-zywoplot-sadzonki-60-100cm-IDEALNY-NA-FORMOWANE-ZYWOPLOTY-Roslina-w-postaci-sadzonka-z-golym-korzeniem 206w,https:\/\/a.allegroimg.com\/s720\/11e9e7\/754fbf0b45eb9bad7eb0e7bb02e0\/Grab-pospolity-na-zywoplot-sadzonki-60-100cm-IDEALNY-NA-FORMOWANE-ZYWOPLOTY-Roslina-w-postaci-sadzonka-z-golym-korzeniem 301w,https:\/\/a.allegroimg.com\/original\/11e9e7\/754fbf0b45eb9bad7eb0e7bb02e0\/Grab-pospolity-na-zywoplot-sadzonki-60-100cm-IDEALNY-NA-FORMOWANE-ZYWOPLOTY-Roslina-w-postaci-sadzonka-z-golym-korzeniem 301w\" \/><\/button><\/div>\n<\/div>\n<\/div>\n<\/div>\n<\/div>\n<div class=\"mpof_ki myre_zn myre_8v_l m389_6m_l\">\n<div class=\"mp4t_16_s mryx_16_s mr3m_1 mli2_1 mh85_56 mh85_0_l\">\n<div class=\"mgn2_16 _0d3bd_am0a-\">\n<p>&nbsp;<\/p>\n<p><b>Wymagania\u00a0<\/b>:<\/p>\n<p>Position: sunny\/shady<\/p>\n<p>Water requirements: moderate humidity<\/p>\n<p>Soil reaction: neutral<\/p>\n<p>Soil preferences: sandy<\/p>\n<p>Leaf colour: green Evergreen: no<\/p>\n<p>Growth rate: fast-growing plant<\/p>\n<p>Plant type: tree<\/p>\n<p>Target height: above 20m<\/p>\n<p>Distinguishing feature: for hedges and rows<\/p>\n<\/div>\n<\/div>\n<\/div>\n<div class=\"mpof_ki myre_zn myre_8v_l m389_6m_l\">\n<div class=\"mp4t_16_s mryx_16_s mr3m_1 mli2_1 mh85_56 mh85_0_l\">\n<div class=\"mgn2_16 _0d3bd_am0a-\">\n<p>&nbsp;<\/p>\n<h4><b>\u2b50 Dlaczego warto kupi\u0107 u nas? \u2b50<\/b><\/h4>\n<p>\ud83c\udf31 Sprawdzone sadzonki PREMIUM<\/p>\n<p>Oferujemy wy\u0142\u0105cznie zdrowe, starannie wyselekcjonowane ro\u015bliny o silnym systemie korzeniowym.<\/p>\n<p>\ud83d\udce6 Bezpieczne pakowanie<\/p>\n<p>Ka\u017cda sadzonka jest solidnie zabezpieczona na czas transportu, aby dotar\u0142a do Ciebie w idealnym stanie.<\/p>\n<p>\ud83d\ude9a Szybka wysy\u0142ka<\/p>\n<p>Zam\u00f3wienia realizujemy sprawnie i terminowo \u2013 ro\u015bliny nie czekaj\u0105 w magazynie.<\/p>\n<p>\ud83c\udf3f Do\u015bwiadczenie i pasja<\/p>\n<p>Od lat zajmujemy si\u0119 upraw\u0105 ro\u015blin \u2013 wiemy, jak zadba\u0107 o ich jako\u015b\u0107 od pocz\u0105tku do ko\u0144ca.<\/p>\n<p>\ud83d\udcac Pomoc i doradztwo<\/p>\n<p>Ch\u0119tnie podpowiemy w kwestii sadzenia i piel\u0119gnacji \u2013 kupujesz u specjalist\u00f3w.<\/p>\n<p>\u2b50 Wysokie oceny i zadowoleni klienci<\/p>\n<p>Nasz\u0105 jako\u015b\u0107 potwierdzaj\u0105 liczne pozytywne opinie kupuj\u0105cych.<\/p>\n<\/div>\n<\/div>\n<\/div>\n<div class=\"mpof_ki myre_zn myre_8v_l m389_6m_l\">\n<div class=\"mp4t_16_s mryx_16_s mr3m_1 mli2_1 mh85_56 mh85_0_l\">\n<div class=\"mgn2_16 _0d3bd_am0a-\">\n<p>&nbsp;<\/p>\n<h4><b>\ud83c\udf31 Instrukcja sadzenia \u2013 go\u0142y korze\u0144<\/b><\/h4>\n<p>1\ufe0f\u20e3 Termin sadzenia<\/p>\n<p>Najlepszy czas to wczesna wiosna lub jesie\u0144. Ro\u015bliny z go\u0142ym korzeniem nale\u017cy posadzi\u0107 mo\u017cliwie szybko po otrzymaniu.<\/p>\n<p>2\ufe0f\u20e3 Przygotowanie korzeni<\/p>\n<p>Przed sadzeniem zanurz korzenie w wodzie, aby dobrze si\u0119 nawodni\u0142y.<\/p>\n<p>3\ufe0f\u20e3 Wykopanie do\u0142ka<\/p>\n<p>Wykop do\u0142ek 2\u00d7 wi\u0119kszy ni\u017c system korzeniowy. Spulchnij dno i w razie potrzeby dodaj \u017cyznej ziemi.<\/p>\n<p>4\ufe0f\u20e3 Sadzenie<\/p>\n<p>Umie\u015b\u0107 ro\u015blin\u0119 na takiej g\u0142\u0119boko\u015bci, na jakiej ros\u0142a wcze\u015bniej w gruncie. Zasyp ziemi\u0105 i delikatnie ugnie\u0107.<\/p>\n<p>5\ufe0f\u20e3 Podlewanie<\/p>\n<p>Obficie podlewaj po posadzeniu.<\/p>\n<p>\ud83d\udca1 Wskaz\u00f3wka:<\/p>\n<p>Po posadzeniu mo\u017cna delikatnie przyci\u0105\u0107 ro\u015bliny, aby pobudzi\u0107 je do krzewienia.<\/p>\n<p><b>Po posadzeniu nale\u017cy obficie podla\u0107 \u017cywop\u0142ot. Dalsze nawadnianie jest jednak r\u00f3wnie wa\u017cne i nie mo\u017cna go bagatelizowa\u0107.<\/b><\/p>\n<p>&nbsp;<\/p>\n<\/div>\n<\/div>\n<\/div>\n<div class=\"mpof_ki myre_zn myre_8v_l m389_6m_l\">\n<div class=\"mp4t_16_s mryx_16_s mr3m_1 mli2_1 mh85_56 mh85_0_l\">\n<div class=\"mg9e_8 mj7a_8 mg9e_0_s mvrt_0_s mj7a_0_s mh36_0_s mzmg_6m munh_16_l m3h2_16_l\">\n<div class=\"mp4t_0 mryx_0 munh_56 m3h2_56\">\n<div class=\"mp7g_oh\"><button class=\"mg9e_0 mvrt_0 mj7a_0 mh36_0 mp4t_0 m3h2_0 mryx_0 munh_0 mqen_m6 mpof_z0 mx7m_0 m7er_k4 mse2_k4 msts_pt\" data-analytics-interaction=\"true\" data-analytics-interaction-label=\"zoomable-image-open\" aria-disabled=\"true\"><img loading=\"lazy\" decoding=\"async\" class=\"msub_k4 mupj_5k mjru_k4 mse2_k4 mp7g_f6 mq1m_0 mj7u_0 m7er_k4 mqen_m6 m31c_d8 m0ux_fp lazyloaded\" src=\"https:\/\/a.allegroimg.com\/original\/115a96\/fdc2e4e043ea91c0535f8df404c5\/Grab-pospolity-na-zywoplot-sadzonki-60-100cm-IDEALNY-NA-FORMOWANE-ZYWOPLOTY-Kraj-Polska\" sizes=\"auto, (min-width: 1200px) 560px, (min-width: 992px) 50vw, 100vw\" srcset=\"https:\/\/a.allegroimg.com\/s360\/115a96\/fdc2e4e043ea91c0535f8df404c5\/Grab-pospolity-na-zywoplot-sadzonki-60-100cm-IDEALNY-NA-FORMOWANE-ZYWOPLOTY-Kraj-Polska 360w,https:\/\/a.allegroimg.com\/s720\/115a96\/fdc2e4e043ea91c0535f8df404c5\/Grab-pospolity-na-zywoplot-sadzonki-60-100cm-IDEALNY-NA-FORMOWANE-ZYWOPLOTY-Kraj-Polska 720w,https:\/\/a.allegroimg.com\/s1024\/115a96\/fdc2e4e043ea91c0535f8df404c5\/Grab-pospolity-na-zywoplot-sadzonki-60-100cm-IDEALNY-NA-FORMOWANE-ZYWOPLOTY-Kraj-Polska 1024w,https:\/\/a.allegroimg.com\/s1440\/115a96\/fdc2e4e043ea91c0535f8df404c5\/Grab-pospolity-na-zywoplot-sadzonki-60-100cm-IDEALNY-NA-FORMOWANE-ZYWOPLOTY-Kraj-Polska 1130w,https:\/\/a.allegroimg.com\/original\/115a96\/fdc2e4e043ea91c0535f8df404c5\/Grab-pospolity-na-zywoplot-sadzonki-60-100cm-IDEALNY-NA-FORMOWANE-ZYWOPLOTY-Kraj-Polska 1130w\" alt=\"Grab pospolity na \u017cywop\u0142ot sadzonki 60-100cm IDEALNY NA FORMOWANE \u017bYWOP\u0141OTY Kraj Polska\" width=\"479\" height=\"361\" data-src=\"https:\/\/a.allegroimg.com\/original\/115a96\/fdc2e4e043ea91c0535f8df404c5\/Grab-pospolity-na-zywoplot-sadzonki-60-100cm-IDEALNY-NA-FORMOWANE-ZYWOPLOTY-Kraj-Polska\" data-srcset=\"https:\/\/a.allegroimg.com\/s360\/115a96\/fdc2e4e043ea91c0535f8df404c5\/Grab-pospolity-na-zywoplot-sadzonki-60-100cm-IDEALNY-NA-FORMOWANE-ZYWOPLOTY-Kraj-Polska 360w,https:\/\/a.allegroimg.com\/s720\/115a96\/fdc2e4e043ea91c0535f8df404c5\/Grab-pospolity-na-zywoplot-sadzonki-60-100cm-IDEALNY-NA-FORMOWANE-ZYWOPLOTY-Kraj-Polska 720w,https:\/\/a.allegroimg.com\/s1024\/115a96\/fdc2e4e043ea91c0535f8df404c5\/Grab-pospolity-na-zywoplot-sadzonki-60-100cm-IDEALNY-NA-FORMOWANE-ZYWOPLOTY-Kraj-Polska 1024w,https:\/\/a.allegroimg.com\/s1440\/115a96\/fdc2e4e043ea91c0535f8df404c5\/Grab-pospolity-na-zywoplot-sadzonki-60-100cm-IDEALNY-NA-FORMOWANE-ZYWOPLOTY-Kraj-Polska 1130w,https:\/\/a.allegroimg.com\/original\/115a96\/fdc2e4e043ea91c0535f8df404c5\/Grab-pospolity-na-zywoplot-sadzonki-60-100cm-IDEALNY-NA-FORMOWANE-ZYWOPLOTY-Kraj-Polska 1130w\" \/>\u00a0 \u00a0 \u00a0 \u00a0 \u00a0 <img loading=\"lazy\" decoding=\"async\" class=\"msub_k4 mupj_5k mjru_k4 mse2_k4 mp7g_f6 mq1m_0 mj7u_0 m7er_k4 mqen_m6 m31c_d8 m0ux_fp lazyloaded\" style=\"font-family: inherit; font-size: inherit; color: #7d7d7d; text-align: left;\" src=\"https:\/\/a.allegroimg.com\/original\/11bd0b\/b211f3d24574a099132b54aefe04\/Grab-pospolity-na-zywoplot-sadzonki-60-100cm-IDEALNY-NA-FORMOWANE-ZYWOPLOTY-Nazwa-lacinska-carpinus-betulus\" sizes=\"auto, (min-width: 1200px) 560px, (min-width: 992px) 50vw, 100vw\" srcset=\"https:\/\/a.allegroimg.com\/s360\/11bd0b\/b211f3d24574a099132b54aefe04\/Grab-pospolity-na-zywoplot-sadzonki-60-100cm-IDEALNY-NA-FORMOWANE-ZYWOPLOTY-Nazwa-lacinska-carpinus-betulus 360w,https:\/\/a.allegroimg.com\/s720\/11bd0b\/b211f3d24574a099132b54aefe04\/Grab-pospolity-na-zywoplot-sadzonki-60-100cm-IDEALNY-NA-FORMOWANE-ZYWOPLOTY-Nazwa-lacinska-carpinus-betulus 720w,https:\/\/a.allegroimg.com\/s1024\/11bd0b\/b211f3d24574a099132b54aefe04\/Grab-pospolity-na-zywoplot-sadzonki-60-100cm-IDEALNY-NA-FORMOWANE-ZYWOPLOTY-Nazwa-lacinska-carpinus-betulus 1024w,https:\/\/a.allegroimg.com\/s1440\/11bd0b\/b211f3d24574a099132b54aefe04\/Grab-pospolity-na-zywoplot-sadzonki-60-100cm-IDEALNY-NA-FORMOWANE-ZYWOPLOTY-Nazwa-lacinska-carpinus-betulus 1130w,https:\/\/a.allegroimg.com\/original\/11bd0b\/b211f3d24574a099132b54aefe04\/Grab-pospolity-na-zywoplot-sadzonki-60-100cm-IDEALNY-NA-FORMOWANE-ZYWOPLOTY-Nazwa-lacinska-carpinus-betulus 1130w\" alt=\"Grab pospolity na \u017cywop\u0142ot sadzonki 60-100cm IDEALNY NA FORMOWANE \u017bYWOP\u0141OTY Nazwa \u0142aci\u0144ska carpinus betulus\" width=\"476\" height=\"358\" data-src=\"https:\/\/a.allegroimg.com\/original\/11bd0b\/b211f3d24574a099132b54aefe04\/Grab-pospolity-na-zywoplot-sadzonki-60-100cm-IDEALNY-NA-FORMOWANE-ZYWOPLOTY-Nazwa-lacinska-carpinus-betulus\" data-srcset=\"https:\/\/a.allegroimg.com\/s360\/11bd0b\/b211f3d24574a099132b54aefe04\/Grab-pospolity-na-zywoplot-sadzonki-60-100cm-IDEALNY-NA-FORMOWANE-ZYWOPLOTY-Nazwa-lacinska-carpinus-betulus 360w,https:\/\/a.allegroimg.com\/s720\/11bd0b\/b211f3d24574a099132b54aefe04\/Grab-pospolity-na-zywoplot-sadzonki-60-100cm-IDEALNY-NA-FORMOWANE-ZYWOPLOTY-Nazwa-lacinska-carpinus-betulus 720w,https:\/\/a.allegroimg.com\/s1024\/11bd0b\/b211f3d24574a099132b54aefe04\/Grab-pospolity-na-zywoplot-sadzonki-60-100cm-IDEALNY-NA-FORMOWANE-ZYWOPLOTY-Nazwa-lacinska-carpinus-betulus 1024w,https:\/\/a.allegroimg.com\/s1440\/11bd0b\/b211f3d24574a099132b54aefe04\/Grab-pospolity-na-zywoplot-sadzonki-60-100cm-IDEALNY-NA-FORMOWANE-ZYWOPLOTY-Nazwa-lacinska-carpinus-betulus 1130w,https:\/\/a.allegroimg.com\/original\/11bd0b\/b211f3d24574a099132b54aefe04\/Grab-pospolity-na-zywoplot-sadzonki-60-100cm-IDEALNY-NA-FORMOWANE-ZYWOPLOTY-Nazwa-lacinska-carpinus-betulus 1130w\" \/><\/button><\/div>\n<\/div>\n<\/div>\n<\/div>\n<\/div>\n<div class=\"mpof_ki myre_zn myre_8v_l m389_6m_l\">\n<div class=\"mp4t_16_s mryx_16_s mr3m_1 mli2_1 mh85_56 mh85_0_l\">\n<div class=\"mgn2_16 _0d3bd_am0a-\">\n<p>&nbsp;<\/p>\n<p>Zdj\u0119cia s\u0105 pogl\u0105dowe, ro\u015bliny nie s\u0105 jednakowe i mog\u0105 si\u0119 od siebie r\u00f3\u017cni\u0107.<\/p>\n<\/div>\n<\/div>\n<\/div>\n<div class=\"mpof_ki myre_zn myre_8v_l m389_6m_l\">\n<div class=\"mp4t_16_s mryx_16_s mr3m_1 mli2_1 mh85_56 mh85_0_l\">\n<div class=\"mgn2_16 _0d3bd_am0a-\">\n<p>&nbsp;<\/p>\n<\/div>\n<\/div>\n<\/div>\n<div class=\"mpof_ki myre_zn myre_8v_l m389_6m_l\">\n<div class=\"mp4t_16_s mryx_16_s mr3m_1 mli2_1 mh85_56 mh85_0_l\">\n<div class=\"mgn2_16 _0d3bd_am0a-\">\n<p>\u201cO\u015bwiadczam, \u017ce zgodnie z Rozporz\u0105dzeniem Parlamentu Europejskiego i Rady (UE) 2016\/2031 z dnia 26 pa\u017adziernika 2016 r. w sprawie \u015brodk\u00f3w ochronnych przeciwko agrofagom ro\u015blin, zmieniaj\u0105cym rozporz\u0105dzenia Parlamentu Europejskiego i Rady (UE) nr 228\/2013, (UE) nr 652\/2014 i (UE) nr 1143\/2014 oraz uchylaj\u0105cym dyrektywy Rady 69\/464\/EWG, 74\/647\/EWG, 93\/85\/EWG, 98\/57\/WE, 2000\/29\/WE, 2006\/91\/WE i 2007\/33\/WE do ka\u017cdej ro\u015bliny lub nasiona do\u0142\u0105czony jest paszport.\u201d.<\/p>\n<\/div>\n<\/div>\n<\/div>\n<\/section>\n<\/div>\n<\/section>","protected":false},"excerpt":{"rendered":"<p>\ud83c\udf33 Grab pospolity \u2013 sadzonki go\u0142y korze\u0144 60\u2013100 cm \u2728 Idealne na g\u0119sty \u017cywop\u0142ot i zalesienie \ud83d\udce6 Cena dotyczy 1 sztuki Szukasz ro\u015blin, kt\u00f3re stworz\u0105 pi\u0119kny, g\u0119sty i trwa\u0142y \u017cywop\u0142ot na lata? Grab pospolity (Carpinus betulus)\u00a0to sprawdzony wyb\u00f3r \u2013 elegancki, wytrzyma\u0142y i wyj\u0105tkowo dobrze zag\u0119szczaj\u0105cy si\u0119 po przyci\u0119ciu \ud83c\udf31 Oferujemy wysokiej jako\u015bci sadzonki klasy PREMIUM, [&hellip;]<\/p>\n","protected":false},"featured_media":8414,"template":"","meta":[],"product_brand":[],"product_cat":[303],"product_tag":[],"class_list":{"0":"post-8419","1":"product","2":"type-product","3":"status-publish","4":"has-post-thumbnail","6":"product_cat-graby","8":"first","9":"instock","10":"taxable","11":"shipping-taxable","12":"purchasable","13":"product-type-variable"},"_links":{"self":[{"href":"https:\/\/livingfance.com\/en\/wp-json\/wp\/v2\/product\/8419","targetHints":{"allow":["GET"]}}],"collection":[{"href":"https:\/\/livingfance.com\/en\/wp-json\/wp\/v2\/product"}],"about":[{"href":"https:\/\/livingfance.com\/en\/wp-json\/wp\/v2\/types\/product"}],"wp:featuredmedia":[{"embeddable":true,"href":"https:\/\/livingfance.com\/en\/wp-json\/wp\/v2\/media\/8414"}],"wp:attachment":[{"href":"https:\/\/livingfance.com\/en\/wp-json\/wp\/v2\/media?parent=8419"}],"wp:term":[{"taxonomy":"product_brand","embeddable":true,"href":"https:\/\/livingfance.com\/en\/wp-json\/wp\/v2\/product_brand?post=8419"},{"taxonomy":"product_cat","embeddable":true,"href":"https:\/\/livingfance.com\/en\/wp-json\/wp\/v2\/product_cat?post=8419"},{"taxonomy":"product_tag","embeddable":true,"href":"https:\/\/livingfance.com\/en\/wp-json\/wp\/v2\/product_tag?post=8419"}],"curies":[{"name":"wp","href":"https:\/\/api.w.org\/{rel}","templated":true}]}}