{"id":8271,"date":"2026-02-01T20:36:11","date_gmt":"2026-02-01T19:36:11","guid":{"rendered":"https:\/\/livingfance.com\/pl\/product\/grab-pospolity-carpinus-betulus-sadzonki-100-150cm-mrozoodporny\/"},"modified":"2026-02-19T10:36:35","modified_gmt":"2026-02-19T09:36:35","slug":"grab-pospolity-carpinus-betulus-sadzonki-100-150cm-mrozoodporny","status":"publish","type":"product","link":"https:\/\/livingfance.com\/en\/product\/grab-pospolity-carpinus-betulus-sadzonki-100-150cm-mrozoodporny\/","title":{"rendered":"Common hornbeam Carpinus betulus cuttings 100-150cm Frost hardy"},"content":{"rendered":"<section class=\"section\">\n<div class=\"item item-12\">\n<section class=\"text-item\">\n<div class=\"mpof_ki myre_zn myre_8v_l m389_6m_l\">\n<div class=\"mp4t_16_s mryx_16_s mr3m_1 mli2_1 mh85_56 mh85_0_l\">\n<div class=\"mgn2_16 _0d3bd_am0a-\">\n<h3>Grab Pospolity\u00a0 100-150 cm\u00a0(Carpinus betulus) \u2013 Kr\u00f3l\u00a0 \u017bywop\u0142ot\u00f3w<\/h3>\n<p><b>Stawiaj\u0105c na grab pospolity, wybieraj\u0105 pa\u0144stwo ro\u015blin\u0119, kt\u00f3ra \u0142\u0105czy walory ozdobne i funkcjonalne. Dzi\u0119ki swojej wyj\u0105tkowej tendencji do samo rozkrzewiania oraz doskona\u0142ej tolerancji na ci\u0119cie, grab jest idealnym wyborem na formowane \u017cywop\u0142oty. Sadzonki grabu to \u015bwietny wyb\u00f3r dla tych, kt\u00f3rzy ceni\u0105 trwa\u0142o\u015b\u0107, \u0142atwo\u015b\u0107 formowania, sprawdzi si\u0119 idealnie jako element dekoracyjny w ogrodzie. Je\u015bli szukasz ro\u015bliny, wytrzyma\u0142ej i \u0142atwej w uprawie, grab pospolity b\u0119dzie idealnym rozwi\u0105zaniem.<\/b><\/p>\n<p><b>Szk\u00f3\u0142kowanie sadzonek \u2013 jest to proces kt\u00f3ry stosujemy, ma on na celu wytworzenie u sadzonek skupionego i p\u0142ytkiego systemu korzeniowego, kt\u00f3ry b\u0119dzie bogaty w liczne drobne korzenie, co skutkuje niemal 100%-owym przyj\u0119ciem.<\/b><\/p>\n<p>Dzi\u0119ki wysokiej jako\u015bci oferowanego materia\u0142u zdobyli\u015bmy uznanie naszych klient\u00f3w, za\u015b wieloletnie do\u015bwiadczenie gwarantuje, \u017ce zakup sadzonek oraz ich dostawa przebiegn\u0105 na najwy\u017cszym poziomie.<\/p>\n<p>&nbsp;<\/p>\n<p><b>Wybieraj\u0105c nasze ro\u015bliny, gwarantujemy:<\/b><\/p>\n<p><b>Konkurencyjne ceny<\/b>\u00a0&#8211; ro\u015bliny s\u0105 uprawiane w szk\u00f3\u0142ce, przez co mo\u017cemy zagwarantowa\u0107 Pa\u0144stwu mo\u017cliwie najni\u017csze ceny.<\/p>\n<p><b>Kupuj\u0105c u nas<\/b>\u00a0ro\u015bliny maj\u0105 Pa\u0144stwo pewno\u015b\u0107 \u017ce zostan\u0105 zabezpieczone i spakowane z du\u017c\u0105 dba\u0142o\u015bci\u0105 przed utrat\u0105 wilgoci, aby dotar\u0142y do Pa\u0144stwa<b>w nienaruszonym stanie.<\/b><\/p>\n<\/div>\n<\/div>\n<\/div>\n<div class=\"mpof_ki myre_zn myre_8v_l m389_6m_l\">\n<div class=\"mp4t_16_s mryx_16_s mr3m_1 mli2_1 mh85_56 mh85_0_l\">\n<div class=\"mgn2_16 _0d3bd_am0a-\">\n<p><b>Grab pospolity<\/b>, drzewo dorastaj\u0105ce zazwyczaj do 25m z silnie zag\u0119szczona, szerok\u0105 koron\u0105. Jest jedynym taksonem z rodzaju Carpinus rosn\u0105cym w Polsce.<\/p>\n<p>Ro\u015blina ozdobna stosowana na \u017cywop\u0142oty Cechuje si\u0119 sk\u0142onno\u015bci\u0105 do wytwarzania odro\u015bli korzeniowych co wykorzystuje si\u0119 w ogrodnictwie do zag\u0119szczania \u017cywop\u0142ot\u00f3w . Doskonale znosi ci\u0119cie, nadaje si\u0119 tak\u017ce na Solitery i Bonsai.<\/p>\n<p>Drewno\u00a0grabu jest bardzo twarde, ci\u0119\u017ckie, spr\u0119\u017cyste i trudne w obr\u00f3bce, wykorzystywane na opa\u0142. Ma jedn\u0105 z najwi\u0119kszych warto\u015bci opa\u0142owych w\u015br\u00f3d naszych drzew .<\/p>\n<p>&nbsp;<\/p>\n<p><b>Sadzenie na \u017cywop\u0142ot:<\/b><\/p>\n<p>1 rz\u0105d &#8212;-&gt; 5 szt \/ mb (co 20cm)<\/p>\n<p>2rz\u0119dy &#8212;-&gt; 7\/8 szt\/mb (co 25-30cm na przemian)<\/p>\n<p>Sadzonki nale\u017cy samemu przycina\u0107 ka\u017cdego roku, aby powsta\u0142 zag\u0119szczony \u017cywop\u0142ot.<\/p>\n<p><b>Ciekawostka:<\/b>\u00a0Drewno graba jest jasne i twarde. Wyrabiamy z niego r\u00f3\u017cne narz\u0119dzia oraz u\u017cywamy do produkcji wysokiej jako\u015bci w\u0119gla drzewnego.<\/p>\n<p>&nbsp;<\/p>\n<\/div>\n<\/div>\n<div class=\"mp4t_16_s mryx_16_s mr3m_1 mli2_1 mh85_56 mh85_0_l\">\n<div class=\"mg9e_8 mj7a_8 mg9e_0_s mvrt_0_s mj7a_0_s mh36_0_s mzmg_6m munh_16_l m3h2_16_l\">\n<div class=\"mp4t_0 mryx_0 munh_56 m3h2_56\">\n<div class=\"mp7g_oh\"><button class=\"mg9e_0 mvrt_0 mj7a_0 mh36_0 mp4t_0 m3h2_0 mryx_0 munh_0 mqen_m6 mpof_z0 mx7m_0 m7er_k4 mse2_k4 msts_pt\" data-analytics-interaction=\"true\" data-analytics-interaction-label=\"zoomable-image-open\" aria-disabled=\"true\"><img loading=\"lazy\" decoding=\"async\" class=\"msub_k4 mupj_5k mjru_k4 mse2_k4 mp7g_f6 mq1m_0 mj7u_0 m7er_k4 mqen_m6 m31c_d8 m0ux_fp lazyloaded\" src=\"https:\/\/a.allegroimg.com\/original\/115d46\/36857bb24949aecc684c7928c189\/Grab-pospolity-Carpinus-betulus-sadzonki-100-150cm-MROZOODPORNY-Roslina-w-postaci-sadzonka-z-golym-korzeniem\" sizes=\"auto, (min-width: 1200px) 560px, (min-width: 992px) 50vw, 100vw\" srcset=\"https:\/\/a.allegroimg.com\/s360\/115d46\/36857bb24949aecc684c7928c189\/Grab-pospolity-Carpinus-betulus-sadzonki-100-150cm-MROZOODPORNY-Roslina-w-postaci-sadzonka-z-golym-korzeniem 206w,https:\/\/a.allegroimg.com\/s720\/115d46\/36857bb24949aecc684c7928c189\/Grab-pospolity-Carpinus-betulus-sadzonki-100-150cm-MROZOODPORNY-Roslina-w-postaci-sadzonka-z-golym-korzeniem 301w,https:\/\/a.allegroimg.com\/original\/115d46\/36857bb24949aecc684c7928c189\/Grab-pospolity-Carpinus-betulus-sadzonki-100-150cm-MROZOODPORNY-Roslina-w-postaci-sadzonka-z-golym-korzeniem 301w\" alt=\"Grab pospolity Carpinus betulus sadzonki 100-150cm MROZOODPORNY Ro\u015blina w postaci sadzonka z go\u0142ym korzeniem\" width=\"273\" height=\"475\" data-src=\"https:\/\/a.allegroimg.com\/original\/115d46\/36857bb24949aecc684c7928c189\/Grab-pospolity-Carpinus-betulus-sadzonki-100-150cm-MROZOODPORNY-Roslina-w-postaci-sadzonka-z-golym-korzeniem\" data-srcset=\"https:\/\/a.allegroimg.com\/s360\/115d46\/36857bb24949aecc684c7928c189\/Grab-pospolity-Carpinus-betulus-sadzonki-100-150cm-MROZOODPORNY-Roslina-w-postaci-sadzonka-z-golym-korzeniem 206w,https:\/\/a.allegroimg.com\/s720\/115d46\/36857bb24949aecc684c7928c189\/Grab-pospolity-Carpinus-betulus-sadzonki-100-150cm-MROZOODPORNY-Roslina-w-postaci-sadzonka-z-golym-korzeniem 301w,https:\/\/a.allegroimg.com\/original\/115d46\/36857bb24949aecc684c7928c189\/Grab-pospolity-Carpinus-betulus-sadzonki-100-150cm-MROZOODPORNY-Roslina-w-postaci-sadzonka-z-golym-korzeniem 301w\" \/>\u00a0 \u00a0 \u00a0 \u00a0 \u00a0 \u00a0 \u00a0 \u00a0 \u00a0 \u00a0 <img loading=\"lazy\" decoding=\"async\" class=\"msub_k4 mupj_5k mjru_k4 mse2_k4 mp7g_f6 mq1m_0 mj7u_0 m7er_k4 mqen_m6 m31c_d8 m0ux_fp lazyloaded\" style=\"font-family: inherit; font-size: inherit; color: #7d7d7d; text-align: left;\" src=\"https:\/\/a.allegroimg.com\/original\/1189f2\/cdf7652942f7b11785daa8d418a7\/Grab-pospolity-Carpinus-betulus-sadzonki-100-150cm-MROZOODPORNY\" sizes=\"auto, (min-width: 1200px) 560px, (min-width: 992px) 50vw, 100vw\" srcset=\"https:\/\/a.allegroimg.com\/s360\/1189f2\/cdf7652942f7b11785daa8d418a7\/Grab-pospolity-Carpinus-betulus-sadzonki-100-150cm-MROZOODPORNY 148w,https:\/\/a.allegroimg.com\/s720\/1189f2\/cdf7652942f7b11785daa8d418a7\/Grab-pospolity-Carpinus-betulus-sadzonki-100-150cm-MROZOODPORNY 296w,https:\/\/a.allegroimg.com\/s1024\/1189f2\/cdf7652942f7b11785daa8d418a7\/Grab-pospolity-Carpinus-betulus-sadzonki-100-150cm-MROZOODPORNY 421w,https:\/\/a.allegroimg.com\/s1440\/1189f2\/cdf7652942f7b11785daa8d418a7\/Grab-pospolity-Carpinus-betulus-sadzonki-100-150cm-MROZOODPORNY 592w,https:\/\/a.allegroimg.com\/original\/1189f2\/cdf7652942f7b11785daa8d418a7\/Grab-pospolity-Carpinus-betulus-sadzonki-100-150cm-MROZOODPORNY 1053w\" alt=\"Grab pospolity Carpinus betulus sadzonki 100-150cm MROZOODPORNY\" width=\"279\" height=\"679\" data-src=\"https:\/\/a.allegroimg.com\/original\/1189f2\/cdf7652942f7b11785daa8d418a7\/Grab-pospolity-Carpinus-betulus-sadzonki-100-150cm-MROZOODPORNY\" data-srcset=\"https:\/\/a.allegroimg.com\/s360\/1189f2\/cdf7652942f7b11785daa8d418a7\/Grab-pospolity-Carpinus-betulus-sadzonki-100-150cm-MROZOODPORNY 148w,https:\/\/a.allegroimg.com\/s720\/1189f2\/cdf7652942f7b11785daa8d418a7\/Grab-pospolity-Carpinus-betulus-sadzonki-100-150cm-MROZOODPORNY 296w,https:\/\/a.allegroimg.com\/s1024\/1189f2\/cdf7652942f7b11785daa8d418a7\/Grab-pospolity-Carpinus-betulus-sadzonki-100-150cm-MROZOODPORNY 421w,https:\/\/a.allegroimg.com\/s1440\/1189f2\/cdf7652942f7b11785daa8d418a7\/Grab-pospolity-Carpinus-betulus-sadzonki-100-150cm-MROZOODPORNY 592w,https:\/\/a.allegroimg.com\/original\/1189f2\/cdf7652942f7b11785daa8d418a7\/Grab-pospolity-Carpinus-betulus-sadzonki-100-150cm-MROZOODPORNY 1053w\" \/><\/button><\/div>\n<\/div>\n<\/div>\n<\/div>\n<\/div>\n<div class=\"mpof_ki myre_zn myre_8v_l m389_6m_l\">\n<div class=\"mp4t_16_s mryx_16_s mr3m_1 mli2_1 mh85_56 mh85_0_l\">\n<div class=\"mgn2_16 _0d3bd_am0a-\">\n<p>&nbsp;<\/p>\n<p><b>Wymagania\u00a0<\/b>:<\/p>\n<p>Position: sunny\/shady<\/p>\n<p>Water requirements: moderate humidity<\/p>\n<p>Soil reaction: neutral<\/p>\n<p>Soil preferences: sandy<\/p>\n<p>Leaf colour: green Evergreen: no<\/p>\n<p>Growth rate: fast-growing plant<\/p>\n<p>Plant type: tree<\/p>\n<p>Target height: above 20m<\/p>\n<p>Distinguishing feature: for hedges and rows<\/p>\n<\/div>\n<\/div>\n<\/div>\n<div class=\"mpof_ki myre_zn myre_8v_l m389_6m_l\">\n<div class=\"mp4t_16_s mryx_16_s mr3m_1 mli2_1 mh85_56 mh85_0_l\">\n<div class=\"mgn2_16 _0d3bd_am0a-\">\n<p>Wyr\u00f3\u017cniamy nast\u0119puj\u0105ce etapy sadzenia \u017cywop\u0142otu:<\/p>\n<ul>\n<li>Wyznaczenie za pomoc\u0105 palik\u00f3w i sznura miejsce sadzenia<\/li>\n<\/ul>\n<ul>\n<li>Oczyszczenie pod\u0142o\u017ca<\/li>\n<\/ul>\n<ul>\n<li>Spulchnienie ziemi<\/li>\n<\/ul>\n<ul>\n<li>Wykop do\u0142k\u00f3w do posadzenia ro\u015blin<\/li>\n<\/ul>\n<ul>\n<li>Umieszczenie sadzonek w przygotowanych do\u0142kach<\/li>\n<\/ul>\n<ul>\n<li>Przysypanie ziemi\u0105 oraz podlanie ro\u015blin<\/li>\n<\/ul>\n<p><b>Po posadzeniu nale\u017cy obficie podla\u0107 \u017cywop\u0142ot. Dalsze nawadnianie jest jednak r\u00f3wnie wa\u017cne i nie mo\u017cna go bagatelizowa\u0107.<\/b><\/p>\n<\/div>\n<\/div>\n<\/div>\n<div class=\"mpof_ki myre_zn myre_8v_l m389_6m_l\">\n<div class=\"mp4t_16_s mryx_16_s mr3m_1 mli2_1 mh85_56 mh85_0_l\">\n<div class=\"mgn2_16 _0d3bd_am0a-\">\n<p>Zdj\u0119cia s\u0105 pogl\u0105dowe, ro\u015bliny nie s\u0105 jednakowe i mog\u0105 si\u0119 od siebie r\u00f3\u017cni\u0107.<\/p>\n<p>&nbsp;<\/p>\n<\/div>\n<\/div>\n<\/div>\n<div class=\"mpof_ki myre_zn myre_8v_l m389_6m_l\">\n<div class=\"mp4t_16_s mryx_16_s mr3m_1 mli2_1 mh85_56 mh85_0_l\">\n<div class=\"mg9e_8 mj7a_8 mg9e_0_s mvrt_0_s mj7a_0_s mh36_0_s mzmg_6m munh_16_l m3h2_16_l\">\n<div class=\"mp4t_0 mryx_0 munh_56 m3h2_56\">\n<div class=\"mp7g_oh\"><button class=\"mg9e_0 mvrt_0 mj7a_0 mh36_0 mp4t_0 m3h2_0 mryx_0 munh_0 mqen_m6 mpof_z0 mx7m_0 m7er_k4 mse2_k4 msts_pt\" data-analytics-interaction=\"true\" data-analytics-interaction-label=\"zoomable-image-open\" aria-disabled=\"true\"><img loading=\"lazy\" decoding=\"async\" class=\"msub_k4 mupj_5k mjru_k4 mse2_k4 mp7g_f6 mq1m_0 mj7u_0 m7er_k4 mqen_m6 m31c_d8 m0ux_fp lazyloaded\" src=\"https:\/\/a.allegroimg.com\/original\/11dfc1\/c6bd14304b81bb4f53cfa2c9688e\/Grab-pospolity-Carpinus-betulus-sadzonki-100-150cm-MROZOODPORNY-Kraj-Polska\" sizes=\"auto, (min-width: 1200px) 560px, (min-width: 992px) 50vw, 100vw\" srcset=\"https:\/\/a.allegroimg.com\/s360\/11dfc1\/c6bd14304b81bb4f53cfa2c9688e\/Grab-pospolity-Carpinus-betulus-sadzonki-100-150cm-MROZOODPORNY-Kraj-Polska 360w,https:\/\/a.allegroimg.com\/s720\/11dfc1\/c6bd14304b81bb4f53cfa2c9688e\/Grab-pospolity-Carpinus-betulus-sadzonki-100-150cm-MROZOODPORNY-Kraj-Polska 720w,https:\/\/a.allegroimg.com\/s1024\/11dfc1\/c6bd14304b81bb4f53cfa2c9688e\/Grab-pospolity-Carpinus-betulus-sadzonki-100-150cm-MROZOODPORNY-Kraj-Polska 1024w,https:\/\/a.allegroimg.com\/s1440\/11dfc1\/c6bd14304b81bb4f53cfa2c9688e\/Grab-pospolity-Carpinus-betulus-sadzonki-100-150cm-MROZOODPORNY-Kraj-Polska 1130w,https:\/\/a.allegroimg.com\/original\/11dfc1\/c6bd14304b81bb4f53cfa2c9688e\/Grab-pospolity-Carpinus-betulus-sadzonki-100-150cm-MROZOODPORNY-Kraj-Polska 1130w\" alt=\"Grab pospolity Carpinus betulus sadzonki 100-150cm MROZOODPORNY Kraj Polska\" width=\"528\" height=\"398\" data-src=\"https:\/\/a.allegroimg.com\/original\/11dfc1\/c6bd14304b81bb4f53cfa2c9688e\/Grab-pospolity-Carpinus-betulus-sadzonki-100-150cm-MROZOODPORNY-Kraj-Polska\" data-srcset=\"https:\/\/a.allegroimg.com\/s360\/11dfc1\/c6bd14304b81bb4f53cfa2c9688e\/Grab-pospolity-Carpinus-betulus-sadzonki-100-150cm-MROZOODPORNY-Kraj-Polska 360w,https:\/\/a.allegroimg.com\/s720\/11dfc1\/c6bd14304b81bb4f53cfa2c9688e\/Grab-pospolity-Carpinus-betulus-sadzonki-100-150cm-MROZOODPORNY-Kraj-Polska 720w,https:\/\/a.allegroimg.com\/s1024\/11dfc1\/c6bd14304b81bb4f53cfa2c9688e\/Grab-pospolity-Carpinus-betulus-sadzonki-100-150cm-MROZOODPORNY-Kraj-Polska 1024w,https:\/\/a.allegroimg.com\/s1440\/11dfc1\/c6bd14304b81bb4f53cfa2c9688e\/Grab-pospolity-Carpinus-betulus-sadzonki-100-150cm-MROZOODPORNY-Kraj-Polska 1130w,https:\/\/a.allegroimg.com\/original\/11dfc1\/c6bd14304b81bb4f53cfa2c9688e\/Grab-pospolity-Carpinus-betulus-sadzonki-100-150cm-MROZOODPORNY-Kraj-Polska 1130w\" \/>\u00a0 \u00a0 \u00a0 \u00a0 \u00a0 <img loading=\"lazy\" decoding=\"async\" class=\"msub_k4 mupj_5k mjru_k4 mse2_k4 mp7g_f6 mq1m_0 mj7u_0 m7er_k4 mqen_m6 m31c_d8 m0ux_fp lazyloaded\" style=\"font-family: inherit; font-size: inherit; color: #7d7d7d; text-align: left;\" src=\"https:\/\/a.allegroimg.com\/original\/11a910\/18efe9aa4f17b8f1a8a6035ded59\/Grab-pospolity-Carpinus-betulus-sadzonki-100-150cm-MROZOODPORNY-Rodzaj-rosliny-Grab\" sizes=\"auto, (min-width: 1200px) 560px, (min-width: 992px) 50vw, 100vw\" srcset=\"https:\/\/a.allegroimg.com\/s360\/11a910\/18efe9aa4f17b8f1a8a6035ded59\/Grab-pospolity-Carpinus-betulus-sadzonki-100-150cm-MROZOODPORNY-Rodzaj-rosliny-Grab 360w,https:\/\/a.allegroimg.com\/s720\/11a910\/18efe9aa4f17b8f1a8a6035ded59\/Grab-pospolity-Carpinus-betulus-sadzonki-100-150cm-MROZOODPORNY-Rodzaj-rosliny-Grab 720w,https:\/\/a.allegroimg.com\/s1024\/11a910\/18efe9aa4f17b8f1a8a6035ded59\/Grab-pospolity-Carpinus-betulus-sadzonki-100-150cm-MROZOODPORNY-Rodzaj-rosliny-Grab 1024w,https:\/\/a.allegroimg.com\/s1440\/11a910\/18efe9aa4f17b8f1a8a6035ded59\/Grab-pospolity-Carpinus-betulus-sadzonki-100-150cm-MROZOODPORNY-Rodzaj-rosliny-Grab 1130w,https:\/\/a.allegroimg.com\/original\/11a910\/18efe9aa4f17b8f1a8a6035ded59\/Grab-pospolity-Carpinus-betulus-sadzonki-100-150cm-MROZOODPORNY-Rodzaj-rosliny-Grab 1130w\" alt=\"Grab pospolity Carpinus betulus sadzonki 100-150cm MROZOODPORNY Rodzaj ro\u015bliny Grab\" width=\"528\" height=\"397\" data-src=\"https:\/\/a.allegroimg.com\/original\/11a910\/18efe9aa4f17b8f1a8a6035ded59\/Grab-pospolity-Carpinus-betulus-sadzonki-100-150cm-MROZOODPORNY-Rodzaj-rosliny-Grab\" data-srcset=\"https:\/\/a.allegroimg.com\/s360\/11a910\/18efe9aa4f17b8f1a8a6035ded59\/Grab-pospolity-Carpinus-betulus-sadzonki-100-150cm-MROZOODPORNY-Rodzaj-rosliny-Grab 360w,https:\/\/a.allegroimg.com\/s720\/11a910\/18efe9aa4f17b8f1a8a6035ded59\/Grab-pospolity-Carpinus-betulus-sadzonki-100-150cm-MROZOODPORNY-Rodzaj-rosliny-Grab 720w,https:\/\/a.allegroimg.com\/s1024\/11a910\/18efe9aa4f17b8f1a8a6035ded59\/Grab-pospolity-Carpinus-betulus-sadzonki-100-150cm-MROZOODPORNY-Rodzaj-rosliny-Grab 1024w,https:\/\/a.allegroimg.com\/s1440\/11a910\/18efe9aa4f17b8f1a8a6035ded59\/Grab-pospolity-Carpinus-betulus-sadzonki-100-150cm-MROZOODPORNY-Rodzaj-rosliny-Grab 1130w,https:\/\/a.allegroimg.com\/original\/11a910\/18efe9aa4f17b8f1a8a6035ded59\/Grab-pospolity-Carpinus-betulus-sadzonki-100-150cm-MROZOODPORNY-Rodzaj-rosliny-Grab 1130w\" \/><\/button><\/div>\n<\/div>\n<\/div>\n<\/div>\n<\/div>\n<div class=\"mpof_ki myre_zn myre_8v_l m389_6m_l\">\n<div class=\"mp4t_16_s mryx_16_s mr3m_1 mli2_1 mh85_56 mh85_0_l\">\n<div class=\"mgn2_16 _0d3bd_am0a-\">\n<p>&nbsp;<\/p>\n<\/div>\n<\/div>\n<\/div>\n<div class=\"mpof_ki myre_zn myre_8v_l m389_6m_l\">\n<div class=\"mp4t_16_s mryx_16_s mr3m_1 mli2_1 mh85_56 mh85_0_l\">\n<div class=\"mgn2_16 _0d3bd_am0a-\">\n<p>&nbsp;<\/p>\n<\/div>\n<\/div>\n<\/div>\n<div class=\"mpof_ki myre_zn myre_8v_l m389_6m_l\">\n<div class=\"mp4t_16_s mryx_16_s mr3m_1 mli2_1 mh85_56 mh85_0_l\">\n<div class=\"mgn2_16 _0d3bd_am0a-\">\n<p>\u201cO\u015bwiadczam, \u017ce zgodnie z Rozporz\u0105dzeniem Parlamentu Europejskiego i Rady (UE) 2016\/2031 z dnia 26 pa\u017adziernika 2016 r. w sprawie \u015brodk\u00f3w ochronnych przeciwko agrofagom ro\u015blin, zmieniaj\u0105cym rozporz\u0105dzenia Parlamentu Europejskiego i Rady (UE) nr 228\/2013, (UE) nr 652\/2014 i (UE) nr 1143\/2014 oraz uchylaj\u0105cym dyrektywy Rady 69\/464\/EWG, 74\/647\/EWG, 93\/85\/EWG, 98\/57\/WE, 2000\/29\/WE, 2006\/91\/WE i 2007\/33\/WE do ka\u017cdej ro\u015bliny lub nasiona do\u0142\u0105czony jest paszport.\u201d.<\/p>\n<\/div>\n<\/div>\n<\/div>\n<\/section>\n<\/div>\n<\/section>","protected":false},"excerpt":{"rendered":"<p>Grab Pospolity\u00a0 100-150 cm\u00a0(Carpinus betulus) \u2013 Kr\u00f3l\u00a0 \u017bywop\u0142ot\u00f3w Stawiaj\u0105c na grab pospolity, wybieraj\u0105 pa\u0144stwo ro\u015blin\u0119, kt\u00f3ra \u0142\u0105czy walory ozdobne i funkcjonalne. Dzi\u0119ki swojej wyj\u0105tkowej tendencji do samo rozkrzewiania oraz doskona\u0142ej tolerancji na ci\u0119cie, grab jest idealnym wyborem na formowane \u017cywop\u0142oty. Sadzonki grabu to \u015bwietny wyb\u00f3r dla tych, kt\u00f3rzy ceni\u0105 trwa\u0142o\u015b\u0107, \u0142atwo\u015b\u0107 formowania, sprawdzi si\u0119 idealnie [&hellip;]<\/p>\n","protected":false},"featured_media":8266,"template":"","meta":[],"product_brand":[],"product_cat":[303],"product_tag":[],"class_list":{"0":"post-8271","1":"product","2":"type-product","3":"status-publish","4":"has-post-thumbnail","6":"product_cat-graby","8":"first","9":"instock","10":"taxable","11":"shipping-taxable","12":"purchasable","13":"product-type-variable"},"_links":{"self":[{"href":"https:\/\/livingfance.com\/en\/wp-json\/wp\/v2\/product\/8271","targetHints":{"allow":["GET"]}}],"collection":[{"href":"https:\/\/livingfance.com\/en\/wp-json\/wp\/v2\/product"}],"about":[{"href":"https:\/\/livingfance.com\/en\/wp-json\/wp\/v2\/types\/product"}],"wp:featuredmedia":[{"embeddable":true,"href":"https:\/\/livingfance.com\/en\/wp-json\/wp\/v2\/media\/8266"}],"wp:attachment":[{"href":"https:\/\/livingfance.com\/en\/wp-json\/wp\/v2\/media?parent=8271"}],"wp:term":[{"taxonomy":"product_brand","embeddable":true,"href":"https:\/\/livingfance.com\/en\/wp-json\/wp\/v2\/product_brand?post=8271"},{"taxonomy":"product_cat","embeddable":true,"href":"https:\/\/livingfance.com\/en\/wp-json\/wp\/v2\/product_cat?post=8271"},{"taxonomy":"product_tag","embeddable":true,"href":"https:\/\/livingfance.com\/en\/wp-json\/wp\/v2\/product_tag?post=8271"}],"curies":[{"name":"wp","href":"https:\/\/api.w.org\/{rel}","templated":true}]}}