{"id":8271,"date":"2026-02-01T20:36:11","date_gmt":"2026-02-01T19:36:11","guid":{"rendered":"https:\/\/livingfance.com\/pl\/product\/grab-pospolity-carpinus-betulus-sadzonki-100-150cm-mrozoodporny\/"},"modified":"2026-02-19T10:36:35","modified_gmt":"2026-02-19T09:36:35","slug":"grab-pospolity-carpinus-betulus-sadzonki-100-150cm-mrozoodporny","status":"publish","type":"product","link":"https:\/\/livingfance.com\/de\/product\/grab-pospolity-carpinus-betulus-sadzonki-100-150cm-mrozoodporny\/","title":{"rendered":"Gemeine Hainbuche Carpinus betulus Stecklinge 100-150cm Frosth\u00e4rte"},"content":{"rendered":"<section class=\"section\">\n<div class=\"item item-12\">\n<section class=\"text-item\">\n<div class=\"mpof_ki myre_zn myre_8v_l m389_6m_l\">\n<div class=\"mp4t_16_s mryx_16_s mr3m_1 mli2_1 mh85_56 mh85_0_l\">\n<div class=\"mgn2_16 _0d3bd_am0a-\">\n<h3>Grab Pospolity\u00a0 100-150 cm\u00a0(Carpinus betulus) \u2013 Kr\u00f3l\u00a0 \u017bywop\u0142ot\u00f3w<\/h3>\n<p><b>Wenn Sie sich f\u00fcr die Hainbuche entscheiden, w\u00e4hlen Sie eine Pflanze, die sowohl dekorative als auch funktionelle Eigenschaften aufweist. Dank ihrer au\u00dfergew\u00f6hnlichen Neigung zur Selbstaussaat und ihrer hervorragenden Schnittvertr\u00e4glichkeit ist die Hainbuche eine ideale Wahl f\u00fcr Formhecken. Hainbuchenstecklinge sind eine gute Wahl f\u00fcr alle, die Wert auf Langlebigkeit und leichte Formbarkeit legen, und eignen sich hervorragend als dekoratives Element im Garten. Wenn Sie eine Pflanze suchen, die winterhart und leicht zu kultivieren ist, ist die Hainbuche die perfekte L\u00f6sung.<\/b><\/p>\n<p><b>S\u00e4mlingspflanzung - das ist das von uns angewandte Verfahren, das darauf abzielt, bei den S\u00e4mlingen ein geb\u00fcndeltes und flaches Wurzelsystem zu erzeugen, das reich an zahlreichen Feinwurzeln ist, was zu einer fast 100%-Annahme f\u00fchrt.<\/b><\/p>\n<p>Dank der hohen Qualit\u00e4t des angebotenen Materials haben wir die Wertsch\u00e4tzung unserer Kunden gewonnen, und unsere langj\u00e4hrige Erfahrung garantiert, dass der Kauf von Setzlingen und deren Lieferung auf h\u00f6chstem Niveau erfolgt.<\/p>\n<p>&nbsp;<\/p>\n<p><b>Wenn Sie sich f\u00fcr unsere Pflanzen entscheiden, garantieren wir:<\/b><\/p>\n<p><b>Konkurrenzf\u00e4hige Preise<\/b>\u00a0- Die Pflanzen werden in der G\u00e4rtnerei gezogen, so dass wir Ihnen die niedrigsten Preise garantieren k\u00f6nnen.<\/p>\n<p><b>Wenn Sie bei uns kaufen<\/b>\u00a0Pflanzen haben Sie die Gewissheit, dass sie gesch\u00fctzt und mit gro\u00dfer Sorgfalt gegen Feuchtigkeitsverlust verpackt werden, damit sie Sie erreichen<b>intakt.<\/b><\/p>\n<\/div>\n<\/div>\n<\/div>\n<div class=\"mpof_ki myre_zn myre_8v_l m389_6m_l\">\n<div class=\"mp4t_16_s mryx_16_s mr3m_1 mli2_1 mh85_56 mh85_0_l\">\n<div class=\"mgn2_16 _0d3bd_am0a-\">\n<p><b>Hainbuche<\/b>, ein meist bis zu 25 m hoher Baum mit einer sehr dichten, breiten Krone. Es ist das einzige Taxon der Gattung Carpinus, das in Polen w\u00e4chst.<\/p>\n<p>Eine Zierpflanze f\u00fcr Hecken. Sie zeichnet sich durch eine Neigung zur Bildung von Wurzelausl\u00e4ufern aus, die im Gartenbau zur Verdickung von Hecken eingesetzt werden. Es vertr\u00e4gt Schnitte hervorragend und eignet sich auch f\u00fcr Solit\u00e4re und Bonsai.<\/p>\n<p>Hainbuchenholz ist sehr hart, schwer, flexibel und schwer zu verarbeiten und wird als Brennholz verwendet. Es hat einen der h\u00f6chsten Brennwerte unter unseren B\u00e4umen.<\/p>\n<p>&nbsp;<\/p>\n<p><b>Bepflanzung einer Hecke:<\/b><\/p>\n<p>1 Reihe \u2014-&gt; 5 St\u00fcck \/ Meter (alle 20 cm)<\/p>\n<p>2 Reihen \u2014-&gt; 7\/8 Stk\/m (abwechselnd alle 25\u201330 cm)<\/p>\n<p>Sie sollten die Setzlinge jedes Jahr selbst beschneiden, um eine verdichtete Hecke zu schaffen.<\/p>\n<p><b>Ciekawostka:<\/b>\u00a0Drewno graba jest jasne i twarde. Wyrabiamy z niego r\u00f3\u017cne narz\u0119dzia oraz u\u017cywamy do produkcji wysokiej jako\u015bci w\u0119gla drzewnego.<\/p>\n<p>&nbsp;<\/p>\n<\/div>\n<\/div>\n<div class=\"mp4t_16_s mryx_16_s mr3m_1 mli2_1 mh85_56 mh85_0_l\">\n<div class=\"mg9e_8 mj7a_8 mg9e_0_s mvrt_0_s mj7a_0_s mh36_0_s mzmg_6m munh_16_l m3h2_16_l\">\n<div class=\"mp4t_0 mryx_0 munh_56 m3h2_56\">\n<div class=\"mp7g_oh\"><button class=\"mg9e_0 mvrt_0 mj7a_0 mh36_0 mp4t_0 m3h2_0 mryx_0 munh_0 mqen_m6 mpof_z0 mx7m_0 m7er_k4 mse2_k4 msts_pt\" data-analytics-interaction=\"true\" data-analytics-interaction-label=\"zoomable-image-open\" aria-disabled=\"true\"><img loading=\"lazy\" decoding=\"async\" class=\"msub_k4 mupj_5k mjru_k4 mse2_k4 mp7g_f6 mq1m_0 mj7u_0 m7er_k4 mqen_m6 m31c_d8 m0ux_fp lazyloaded\" src=\"https:\/\/a.allegroimg.com\/original\/115d46\/36857bb24949aecc684c7928c189\/Grab-pospolity-Carpinus-betulus-sadzonki-100-150cm-MROZOODPORNY-Roslina-w-postaci-sadzonka-z-golym-korzeniem\" sizes=\"auto, (min-width: 1200px) 560px, (min-width: 992px) 50vw, 100vw\" srcset=\"https:\/\/a.allegroimg.com\/s360\/115d46\/36857bb24949aecc684c7928c189\/Grab-pospolity-Carpinus-betulus-sadzonki-100-150cm-MROZOODPORNY-Roslina-w-postaci-sadzonka-z-golym-korzeniem 206w,https:\/\/a.allegroimg.com\/s720\/115d46\/36857bb24949aecc684c7928c189\/Grab-pospolity-Carpinus-betulus-sadzonki-100-150cm-MROZOODPORNY-Roslina-w-postaci-sadzonka-z-golym-korzeniem 301w,https:\/\/a.allegroimg.com\/original\/115d46\/36857bb24949aecc684c7928c189\/Grab-pospolity-Carpinus-betulus-sadzonki-100-150cm-MROZOODPORNY-Roslina-w-postaci-sadzonka-z-golym-korzeniem 301w\" alt=\"Grab pospolity Carpinus betulus sadzonki 100-150cm MROZOODPORNY Ro\u015blina w postaci sadzonka z go\u0142ym korzeniem\" width=\"273\" height=\"475\" data-src=\"https:\/\/a.allegroimg.com\/original\/115d46\/36857bb24949aecc684c7928c189\/Grab-pospolity-Carpinus-betulus-sadzonki-100-150cm-MROZOODPORNY-Roslina-w-postaci-sadzonka-z-golym-korzeniem\" data-srcset=\"https:\/\/a.allegroimg.com\/s360\/115d46\/36857bb24949aecc684c7928c189\/Grab-pospolity-Carpinus-betulus-sadzonki-100-150cm-MROZOODPORNY-Roslina-w-postaci-sadzonka-z-golym-korzeniem 206w,https:\/\/a.allegroimg.com\/s720\/115d46\/36857bb24949aecc684c7928c189\/Grab-pospolity-Carpinus-betulus-sadzonki-100-150cm-MROZOODPORNY-Roslina-w-postaci-sadzonka-z-golym-korzeniem 301w,https:\/\/a.allegroimg.com\/original\/115d46\/36857bb24949aecc684c7928c189\/Grab-pospolity-Carpinus-betulus-sadzonki-100-150cm-MROZOODPORNY-Roslina-w-postaci-sadzonka-z-golym-korzeniem 301w\" \/>\u00a0 \u00a0 \u00a0 \u00a0 \u00a0 \u00a0 \u00a0 \u00a0 \u00a0 \u00a0 <img loading=\"lazy\" decoding=\"async\" class=\"msub_k4 mupj_5k mjru_k4 mse2_k4 mp7g_f6 mq1m_0 mj7u_0 m7er_k4 mqen_m6 m31c_d8 m0ux_fp lazyloaded\" style=\"font-family: inherit; font-size: inherit; color: #7d7d7d; text-align: left;\" src=\"https:\/\/a.allegroimg.com\/original\/1189f2\/cdf7652942f7b11785daa8d418a7\/Grab-pospolity-Carpinus-betulus-sadzonki-100-150cm-MROZOODPORNY\" sizes=\"auto, (min-width: 1200px) 560px, (min-width: 992px) 50vw, 100vw\" srcset=\"https:\/\/a.allegroimg.com\/s360\/1189f2\/cdf7652942f7b11785daa8d418a7\/Grab-pospolity-Carpinus-betulus-sadzonki-100-150cm-MROZOODPORNY 148w,https:\/\/a.allegroimg.com\/s720\/1189f2\/cdf7652942f7b11785daa8d418a7\/Grab-pospolity-Carpinus-betulus-sadzonki-100-150cm-MROZOODPORNY 296w,https:\/\/a.allegroimg.com\/s1024\/1189f2\/cdf7652942f7b11785daa8d418a7\/Grab-pospolity-Carpinus-betulus-sadzonki-100-150cm-MROZOODPORNY 421w,https:\/\/a.allegroimg.com\/s1440\/1189f2\/cdf7652942f7b11785daa8d418a7\/Grab-pospolity-Carpinus-betulus-sadzonki-100-150cm-MROZOODPORNY 592w,https:\/\/a.allegroimg.com\/original\/1189f2\/cdf7652942f7b11785daa8d418a7\/Grab-pospolity-Carpinus-betulus-sadzonki-100-150cm-MROZOODPORNY 1053w\" alt=\"Grab pospolity Carpinus betulus sadzonki 100-150cm MROZOODPORNY\" width=\"279\" height=\"679\" data-src=\"https:\/\/a.allegroimg.com\/original\/1189f2\/cdf7652942f7b11785daa8d418a7\/Grab-pospolity-Carpinus-betulus-sadzonki-100-150cm-MROZOODPORNY\" data-srcset=\"https:\/\/a.allegroimg.com\/s360\/1189f2\/cdf7652942f7b11785daa8d418a7\/Grab-pospolity-Carpinus-betulus-sadzonki-100-150cm-MROZOODPORNY 148w,https:\/\/a.allegroimg.com\/s720\/1189f2\/cdf7652942f7b11785daa8d418a7\/Grab-pospolity-Carpinus-betulus-sadzonki-100-150cm-MROZOODPORNY 296w,https:\/\/a.allegroimg.com\/s1024\/1189f2\/cdf7652942f7b11785daa8d418a7\/Grab-pospolity-Carpinus-betulus-sadzonki-100-150cm-MROZOODPORNY 421w,https:\/\/a.allegroimg.com\/s1440\/1189f2\/cdf7652942f7b11785daa8d418a7\/Grab-pospolity-Carpinus-betulus-sadzonki-100-150cm-MROZOODPORNY 592w,https:\/\/a.allegroimg.com\/original\/1189f2\/cdf7652942f7b11785daa8d418a7\/Grab-pospolity-Carpinus-betulus-sadzonki-100-150cm-MROZOODPORNY 1053w\" \/><\/button><\/div>\n<\/div>\n<\/div>\n<\/div>\n<\/div>\n<div class=\"mpof_ki myre_zn myre_8v_l m389_6m_l\">\n<div class=\"mp4t_16_s mryx_16_s mr3m_1 mli2_1 mh85_56 mh85_0_l\">\n<div class=\"mgn2_16 _0d3bd_am0a-\">\n<p>&nbsp;<\/p>\n<p><b>Anforderungen\u00a0<\/b>:<\/p>\n<p>Standort: sonnig\/schattig<\/p>\n<p>Wasserbedarf: m\u00e4\u00dfige Luftfeuchtigkeit<\/p>\n<p>Bodenreaktion: neutral<\/p>\n<p>Bodenvorlieben: sandig<\/p>\n<p>Blattfarbe: gr\u00fcn Immergr\u00fcn: nein<\/p>\n<p>Wachstumsrate: schnell wachsende Pflanze<\/p>\n<p>Pflanzentyp: Baum<\/p>\n<p>Zielh\u00f6he: \u00fcber 20m<\/p>\n<p>Besonderheit: f\u00fcr Hecken und Reihen<\/p>\n<\/div>\n<\/div>\n<\/div>\n<div class=\"mpof_ki myre_zn myre_8v_l m389_6m_l\">\n<div class=\"mp4t_16_s mryx_16_s mr3m_1 mli2_1 mh85_56 mh85_0_l\">\n<div class=\"mgn2_16 _0d3bd_am0a-\">\n<p>Wir unterscheiden folgende Phasen der Heckenpflanzung:<\/p>\n<ul>\n<li>Abstecken des Pflanzplatzes mit Pf\u00e4hlen und Schn\u00fcren<\/li>\n<\/ul>\n<ul>\n<li>Reinigung des Untergrunds<\/li>\n<\/ul>\n<ul>\n<li>Auflockerung des Bodens<\/li>\n<\/ul>\n<ul>\n<li>Ausheben von Pflanzl\u00f6chern<\/li>\n<\/ul>\n<ul>\n<li>Einsetzen der Stecklinge in die vorbereiteten L\u00f6cher<\/li>\n<\/ul>\n<ul>\n<li>Auff\u00fcllen des Bodens und Bew\u00e4sserung der Pflanzen<\/li>\n<\/ul>\n<p><b>Nach der Pflanzung sollte die Hecke gro\u00dfz\u00fcgig gegossen werden. Die weitere Bew\u00e4sserung ist jedoch ebenso wichtig und darf nicht untersch\u00e4tzt werden.<\/b><\/p>\n<\/div>\n<\/div>\n<\/div>\n<div class=\"mpof_ki myre_zn myre_8v_l m389_6m_l\">\n<div class=\"mp4t_16_s mryx_16_s mr3m_1 mli2_1 mh85_56 mh85_0_l\">\n<div class=\"mgn2_16 _0d3bd_am0a-\">\n<p>Die Fotos sind illustrativ, die Pflanzen sind nicht identisch und k\u00f6nnen variieren.<\/p>\n<p>&nbsp;<\/p>\n<\/div>\n<\/div>\n<\/div>\n<div class=\"mpof_ki myre_zn myre_8v_l m389_6m_l\">\n<div class=\"mp4t_16_s mryx_16_s mr3m_1 mli2_1 mh85_56 mh85_0_l\">\n<div class=\"mg9e_8 mj7a_8 mg9e_0_s mvrt_0_s mj7a_0_s mh36_0_s mzmg_6m munh_16_l m3h2_16_l\">\n<div class=\"mp4t_0 mryx_0 munh_56 m3h2_56\">\n<div class=\"mp7g_oh\"><button class=\"mg9e_0 mvrt_0 mj7a_0 mh36_0 mp4t_0 m3h2_0 mryx_0 munh_0 mqen_m6 mpof_z0 mx7m_0 m7er_k4 mse2_k4 msts_pt\" data-analytics-interaction=\"true\" data-analytics-interaction-label=\"zoomable-image-open\" aria-disabled=\"true\"><img loading=\"lazy\" decoding=\"async\" class=\"msub_k4 mupj_5k mjru_k4 mse2_k4 mp7g_f6 mq1m_0 mj7u_0 m7er_k4 mqen_m6 m31c_d8 m0ux_fp lazyloaded\" src=\"https:\/\/a.allegroimg.com\/original\/11dfc1\/c6bd14304b81bb4f53cfa2c9688e\/Grab-pospolity-Carpinus-betulus-sadzonki-100-150cm-MROZOODPORNY-Kraj-Polska\" sizes=\"auto, (min-width: 1200px) 560px, (min-width: 992px) 50vw, 100vw\" srcset=\"https:\/\/a.allegroimg.com\/s360\/11dfc1\/c6bd14304b81bb4f53cfa2c9688e\/Grab-pospolity-Carpinus-betulus-sadzonki-100-150cm-MROZOODPORNY-Kraj-Polska 360w,https:\/\/a.allegroimg.com\/s720\/11dfc1\/c6bd14304b81bb4f53cfa2c9688e\/Grab-pospolity-Carpinus-betulus-sadzonki-100-150cm-MROZOODPORNY-Kraj-Polska 720w,https:\/\/a.allegroimg.com\/s1024\/11dfc1\/c6bd14304b81bb4f53cfa2c9688e\/Grab-pospolity-Carpinus-betulus-sadzonki-100-150cm-MROZOODPORNY-Kraj-Polska 1024w,https:\/\/a.allegroimg.com\/s1440\/11dfc1\/c6bd14304b81bb4f53cfa2c9688e\/Grab-pospolity-Carpinus-betulus-sadzonki-100-150cm-MROZOODPORNY-Kraj-Polska 1130w,https:\/\/a.allegroimg.com\/original\/11dfc1\/c6bd14304b81bb4f53cfa2c9688e\/Grab-pospolity-Carpinus-betulus-sadzonki-100-150cm-MROZOODPORNY-Kraj-Polska 1130w\" alt=\"Grab pospolity Carpinus betulus sadzonki 100-150cm MROZOODPORNY Kraj Polska\" width=\"528\" height=\"398\" data-src=\"https:\/\/a.allegroimg.com\/original\/11dfc1\/c6bd14304b81bb4f53cfa2c9688e\/Grab-pospolity-Carpinus-betulus-sadzonki-100-150cm-MROZOODPORNY-Kraj-Polska\" data-srcset=\"https:\/\/a.allegroimg.com\/s360\/11dfc1\/c6bd14304b81bb4f53cfa2c9688e\/Grab-pospolity-Carpinus-betulus-sadzonki-100-150cm-MROZOODPORNY-Kraj-Polska 360w,https:\/\/a.allegroimg.com\/s720\/11dfc1\/c6bd14304b81bb4f53cfa2c9688e\/Grab-pospolity-Carpinus-betulus-sadzonki-100-150cm-MROZOODPORNY-Kraj-Polska 720w,https:\/\/a.allegroimg.com\/s1024\/11dfc1\/c6bd14304b81bb4f53cfa2c9688e\/Grab-pospolity-Carpinus-betulus-sadzonki-100-150cm-MROZOODPORNY-Kraj-Polska 1024w,https:\/\/a.allegroimg.com\/s1440\/11dfc1\/c6bd14304b81bb4f53cfa2c9688e\/Grab-pospolity-Carpinus-betulus-sadzonki-100-150cm-MROZOODPORNY-Kraj-Polska 1130w,https:\/\/a.allegroimg.com\/original\/11dfc1\/c6bd14304b81bb4f53cfa2c9688e\/Grab-pospolity-Carpinus-betulus-sadzonki-100-150cm-MROZOODPORNY-Kraj-Polska 1130w\" \/>\u00a0 \u00a0 \u00a0 \u00a0 \u00a0 <img loading=\"lazy\" decoding=\"async\" class=\"msub_k4 mupj_5k mjru_k4 mse2_k4 mp7g_f6 mq1m_0 mj7u_0 m7er_k4 mqen_m6 m31c_d8 m0ux_fp lazyloaded\" style=\"font-family: inherit; font-size: inherit; color: #7d7d7d; text-align: left;\" src=\"https:\/\/a.allegroimg.com\/original\/11a910\/18efe9aa4f17b8f1a8a6035ded59\/Grab-pospolity-Carpinus-betulus-sadzonki-100-150cm-MROZOODPORNY-Rodzaj-rosliny-Grab\" sizes=\"auto, (min-width: 1200px) 560px, (min-width: 992px) 50vw, 100vw\" srcset=\"https:\/\/a.allegroimg.com\/s360\/11a910\/18efe9aa4f17b8f1a8a6035ded59\/Grab-pospolity-Carpinus-betulus-sadzonki-100-150cm-MROZOODPORNY-Rodzaj-rosliny-Grab 360w,https:\/\/a.allegroimg.com\/s720\/11a910\/18efe9aa4f17b8f1a8a6035ded59\/Grab-pospolity-Carpinus-betulus-sadzonki-100-150cm-MROZOODPORNY-Rodzaj-rosliny-Grab 720w,https:\/\/a.allegroimg.com\/s1024\/11a910\/18efe9aa4f17b8f1a8a6035ded59\/Grab-pospolity-Carpinus-betulus-sadzonki-100-150cm-MROZOODPORNY-Rodzaj-rosliny-Grab 1024w,https:\/\/a.allegroimg.com\/s1440\/11a910\/18efe9aa4f17b8f1a8a6035ded59\/Grab-pospolity-Carpinus-betulus-sadzonki-100-150cm-MROZOODPORNY-Rodzaj-rosliny-Grab 1130w,https:\/\/a.allegroimg.com\/original\/11a910\/18efe9aa4f17b8f1a8a6035ded59\/Grab-pospolity-Carpinus-betulus-sadzonki-100-150cm-MROZOODPORNY-Rodzaj-rosliny-Grab 1130w\" alt=\"Grab pospolity Carpinus betulus sadzonki 100-150cm MROZOODPORNY Rodzaj ro\u015bliny Grab\" width=\"528\" height=\"397\" data-src=\"https:\/\/a.allegroimg.com\/original\/11a910\/18efe9aa4f17b8f1a8a6035ded59\/Grab-pospolity-Carpinus-betulus-sadzonki-100-150cm-MROZOODPORNY-Rodzaj-rosliny-Grab\" data-srcset=\"https:\/\/a.allegroimg.com\/s360\/11a910\/18efe9aa4f17b8f1a8a6035ded59\/Grab-pospolity-Carpinus-betulus-sadzonki-100-150cm-MROZOODPORNY-Rodzaj-rosliny-Grab 360w,https:\/\/a.allegroimg.com\/s720\/11a910\/18efe9aa4f17b8f1a8a6035ded59\/Grab-pospolity-Carpinus-betulus-sadzonki-100-150cm-MROZOODPORNY-Rodzaj-rosliny-Grab 720w,https:\/\/a.allegroimg.com\/s1024\/11a910\/18efe9aa4f17b8f1a8a6035ded59\/Grab-pospolity-Carpinus-betulus-sadzonki-100-150cm-MROZOODPORNY-Rodzaj-rosliny-Grab 1024w,https:\/\/a.allegroimg.com\/s1440\/11a910\/18efe9aa4f17b8f1a8a6035ded59\/Grab-pospolity-Carpinus-betulus-sadzonki-100-150cm-MROZOODPORNY-Rodzaj-rosliny-Grab 1130w,https:\/\/a.allegroimg.com\/original\/11a910\/18efe9aa4f17b8f1a8a6035ded59\/Grab-pospolity-Carpinus-betulus-sadzonki-100-150cm-MROZOODPORNY-Rodzaj-rosliny-Grab 1130w\" \/><\/button><\/div>\n<\/div>\n<\/div>\n<\/div>\n<\/div>\n<div class=\"mpof_ki myre_zn myre_8v_l m389_6m_l\">\n<div class=\"mp4t_16_s mryx_16_s mr3m_1 mli2_1 mh85_56 mh85_0_l\">\n<div class=\"mgn2_16 _0d3bd_am0a-\">\n<p>&nbsp;<\/p>\n<\/div>\n<\/div>\n<\/div>\n<div class=\"mpof_ki myre_zn myre_8v_l m389_6m_l\">\n<div class=\"mp4t_16_s mryx_16_s mr3m_1 mli2_1 mh85_56 mh85_0_l\">\n<div class=\"mgn2_16 _0d3bd_am0a-\">\n<p>&nbsp;<\/p>\n<\/div>\n<\/div>\n<\/div>\n<div class=\"mpof_ki myre_zn myre_8v_l m389_6m_l\">\n<div class=\"mp4t_16_s mryx_16_s mr3m_1 mli2_1 mh85_56 mh85_0_l\">\n<div class=\"mgn2_16 _0d3bd_am0a-\">\n<p>\u201eIch erkl\u00e4re, dass gem\u00e4\u00df der Verordnung (EU) 2016\/2031 des Europ\u00e4ischen Parlaments und des Rates vom 26. Oktober 2016 \u00fcber Ma\u00dfnahmen zum Schutz vor Pflanzensch\u00e4dlingen und zur \u00c4nderung der Verordnungen (EU) Nr. 228\/2013 des Europ\u00e4ischen Parlaments und des Rates, (EU) Nr. 652\/2014 und (EU) Nr. 1143\/2014 und zur Aufhebung der Richtlinien des Rates 69\/464\/EWG, 74\/647\/EWG, 93\/85\/EWG, 98\/57\/EG, 2000\/ 29\/EG, 2006\/91\/EG und 2007\/33\/EG muss jede Pflanze oder jeder Samen von einem Reisepass begleitet sein.<\/p>\n<\/div>\n<\/div>\n<\/div>\n<\/section>\n<\/div>\n<\/section>","protected":false},"excerpt":{"rendered":"<p>Grab Pospolity\u00a0 100-150 cm\u00a0(Carpinus betulus) \u2013 Kr\u00f3l\u00a0 \u017bywop\u0142ot\u00f3w Stawiaj\u0105c na grab pospolity, wybieraj\u0105 pa\u0144stwo ro\u015blin\u0119, kt\u00f3ra \u0142\u0105czy walory ozdobne i funkcjonalne. Dzi\u0119ki swojej wyj\u0105tkowej tendencji do samo rozkrzewiania oraz doskona\u0142ej tolerancji na ci\u0119cie, grab jest idealnym wyborem na formowane \u017cywop\u0142oty. Sadzonki grabu to \u015bwietny wyb\u00f3r dla tych, kt\u00f3rzy ceni\u0105 trwa\u0142o\u015b\u0107, \u0142atwo\u015b\u0107 formowania, sprawdzi si\u0119 idealnie [&hellip;]<\/p>\n","protected":false},"featured_media":8266,"template":"","meta":[],"product_brand":[],"product_cat":[303],"product_tag":[],"class_list":{"0":"post-8271","1":"product","2":"type-product","3":"status-publish","4":"has-post-thumbnail","6":"product_cat-graby","8":"first","9":"instock","10":"taxable","11":"shipping-taxable","12":"purchasable","13":"product-type-variable"},"_links":{"self":[{"href":"https:\/\/livingfance.com\/de\/wp-json\/wp\/v2\/product\/8271","targetHints":{"allow":["GET"]}}],"collection":[{"href":"https:\/\/livingfance.com\/de\/wp-json\/wp\/v2\/product"}],"about":[{"href":"https:\/\/livingfance.com\/de\/wp-json\/wp\/v2\/types\/product"}],"wp:featuredmedia":[{"embeddable":true,"href":"https:\/\/livingfance.com\/de\/wp-json\/wp\/v2\/media\/8266"}],"wp:attachment":[{"href":"https:\/\/livingfance.com\/de\/wp-json\/wp\/v2\/media?parent=8271"}],"wp:term":[{"taxonomy":"product_brand","embeddable":true,"href":"https:\/\/livingfance.com\/de\/wp-json\/wp\/v2\/product_brand?post=8271"},{"taxonomy":"product_cat","embeddable":true,"href":"https:\/\/livingfance.com\/de\/wp-json\/wp\/v2\/product_cat?post=8271"},{"taxonomy":"product_tag","embeddable":true,"href":"https:\/\/livingfance.com\/de\/wp-json\/wp\/v2\/product_tag?post=8271"}],"curies":[{"name":"wp","href":"https:\/\/api.w.org\/{rel}","templated":true}]}}