{"id":8156,"date":"2026-02-01T20:31:20","date_gmt":"2026-02-01T19:31:20","guid":{"rendered":"https:\/\/livingfance.com\/pl\/product\/grab-pospolity-sadzonki-150-200cm-szkolkowany-gotowy-zywoplot\/"},"modified":"2026-02-11T17:29:36","modified_gmt":"2026-02-11T16:29:36","slug":"grab-pospolity-sadzonki-150-200cm-szkolkowany-gotowy-zywoplot","status":"publish","type":"product","link":"https:\/\/livingfance.com\/cs\/product\/grab-pospolity-sadzonki-150-200cm-szkolkowany-gotowy-zywoplot\/","title":{"rendered":"Grab pospolity sadzonki 150-200cm Szk\u00f3\u0142kowany Gotowy \u017cywop\u0142ot"},"content":{"rendered":"<section class=\"section\">\n<div class=\"item item-12\">\n<section class=\"text-item\">\n<div class=\"mpof_ki myre_zn myre_8v_l m389_6m_l\">\n<div class=\"mp4t_16_s mryx_16_s mr3m_1 mli2_1 mh85_56 mh85_0_l\">\n<div class=\"mgn2_16 _0d3bd_am0a-\">\n<p><b>Witam mam do zaoferowania sadzonki graba SZK\u00d3\u0141KOWANEGO 150-200cm GOTOWA SADZONKA NA \u017bYWOP\u0141OT<\/b><\/p>\n<p><b>3 SZTUKI NA METR<\/b><\/p>\n<p><b>Stawiaj\u0105c na grab pospolity, wybieraj\u0105 pa\u0144stwo ro\u015blin\u0119, kt\u00f3ra \u0142\u0105czy walory ozdobne i funkcjonalne. Dzi\u0119ki swojej wyj\u0105tkowej tendencji do samo rozkrzewiania oraz doskona\u0142ej tolerancji na ci\u0119cie, grab jest idealnym wyborem na formowane \u017cywop\u0142oty. Sadzonki grabu to \u015bwietny wyb\u00f3r dla tych, kt\u00f3rzy ceni\u0105 trwa\u0142o\u015b\u0107, \u0142atwo\u015b\u0107 formowania, sprawdzi si\u0119 idealnie jako element dekoracyjny w ogrodzie. Je\u015bli szukasz ro\u015bliny, wytrzyma\u0142ej i \u0142atwej w uprawie, grab pospolity b\u0119dzie idealnym rozwi\u0105zaniem.<\/b><\/p>\n<p><b>Szk\u00f3\u0142kowanie sadzonek \u2013 jest to proces kt\u00f3ry stosujemy, ma on na celu wytworzenie u sadzonek skupionego i p\u0142ytkiego systemu korzeniowego, kt\u00f3ry b\u0119dzie bogaty w liczne drobne korzenie, co skutkuje niemal 100%-owym przyj\u0119ciem.<\/b><\/p>\n<p>Dzi\u0119ki wysokiej jako\u015bci oferowanego materia\u0142u zdobyli\u015bmy uznanie naszych klient\u00f3w, za\u015b wieloletnie do\u015bwiadczenie gwarantuje, \u017ce zakup sadzonek oraz ich dostawa przebiegn\u0105 na najwy\u017cszym poziomie.<\/p>\n<p><b>Wybieraj\u0105c nasze ro\u015bliny, gwarantujemy:<\/b><\/p>\n<p><b>Konkurencyjne ceny<\/b>\u00a0&#8211; ro\u015bliny s\u0105 uprawiane w szk\u00f3\u0142ce, przez co mo\u017cemy zagwarantowa\u0107 Pa\u0144stwu mo\u017cliwie najni\u017csze ceny.<\/p>\n<p><b>Kupuj\u0105c u nas<\/b>\u00a0ro\u015bliny maj\u0105 Pa\u0144stwo pewno\u015b\u0107 \u017ce zostan\u0105 zabezpieczone i spakowane z du\u017c\u0105 dba\u0142o\u015bci\u0105 przed utrat\u0105 wilgoci, aby dotar\u0142y do Pa\u0144stwa<b>w nienaruszonym stanie.<\/b><\/p>\n<\/div>\n<\/div>\n<\/div>\n<div class=\"mpof_ki myre_zn myre_8v_l m389_6m_l\">\n<div class=\"mp4t_16_s mryx_16_s mr3m_1 mli2_1 mh85_56 mh85_0_l\">\n<div class=\"mgn2_16 _0d3bd_am0a-\">\n<p><b>Grab pospolity<\/b>, drzewo dorastaj\u0105ce zazwyczaj do 25m z silnie zag\u0119szczona, szerok\u0105 koron\u0105. Jest jedynym taksonem z rodzaju Carpinus rosn\u0105cym w Polsce.<\/p>\n<p>Ro\u015blina ozdobna stosowana na \u017cywop\u0142oty Cechuje si\u0119 sk\u0142onno\u015bci\u0105 do wytwarzania odro\u015bli korzeniowych co wykorzystuje si\u0119 w ogrodnictwie do zag\u0119szczania \u017cywop\u0142ot\u00f3w . Doskonale znosi ci\u0119cie, nadaje si\u0119 tak\u017ce na Solitery i Bonsai.<\/p>\n<p>Drewno\u00a0grabu jest bardzo twarde, ci\u0119\u017ckie, spr\u0119\u017cyste i trudne w obr\u00f3bce, wykorzystywane na opa\u0142. Ma jedn\u0105 z najwi\u0119kszych warto\u015bci opa\u0142owych w\u015br\u00f3d naszych drzew .<\/p>\n<p><b>Sadzenie na \u017cywop\u0142ot:<\/b><\/p>\n<p>1 rz\u0105d &#8212;-&gt; 3szt \/ mb<\/p>\n<p>2 rz\u0119dy &#8212;-&gt; 4 szt\/mb<\/p>\n<p>Sadzonki nale\u017cy samemu przycina\u0107 ka\u017cdego roku, aby powsta\u0142 zag\u0119szczony \u017cywop\u0142ot.<\/p>\n<p><b>Ciekawostka:<\/b>\u00a0Drewno graba jest jasne i twarde. Wyrabiamy z niego r\u00f3\u017cne narz\u0119dzia oraz u\u017cywamy do produkcji wysokiej jako\u015bci w\u0119gla drzewnego.<\/p>\n<p>&nbsp;<\/p>\n<\/div>\n<\/div>\n<div class=\"mp4t_16_s mryx_16_s mr3m_1 mli2_1 mh85_56 mh85_0_l\">\n<div class=\"mg9e_8 mj7a_8 mg9e_0_s mvrt_0_s mj7a_0_s mh36_0_s mzmg_6m munh_16_l m3h2_16_l\">\n<div class=\"mp4t_0 mryx_0 munh_56 m3h2_56\">\n<div class=\"mp7g_oh\"><button class=\"mg9e_0 mvrt_0 mj7a_0 mh36_0 mp4t_0 m3h2_0 mryx_0 munh_0 mqen_m6 mpof_z0 mx7m_0 m7er_k4 mse2_k4 msts_pt\" data-analytics-interaction=\"true\" data-analytics-interaction-label=\"zoomable-image-open\" aria-disabled=\"true\"><img loading=\"lazy\" decoding=\"async\" class=\"msub_k4 mupj_5k mjru_k4 mse2_k4 mp7g_f6 mq1m_0 mj7u_0 m7er_k4 mqen_m6 m31c_d8 m0ux_fp lazyloaded\" src=\"https:\/\/a.allegroimg.com\/original\/1151f9\/a69a48274804bb325207ab5d8c83\/Grab-pospolity-sadzonki-150-200cm-Szkolkowany-Gotowy-zywoplot\" sizes=\"auto, (min-width: 1200px) 560px, (min-width: 992px) 50vw, 100vw\" srcset=\"https:\/\/a.allegroimg.com\/s360\/1151f9\/a69a48274804bb325207ab5d8c83\/Grab-pospolity-sadzonki-150-200cm-Szkolkowany-Gotowy-zywoplot 109w,https:\/\/a.allegroimg.com\/s720\/1151f9\/a69a48274804bb325207ab5d8c83\/Grab-pospolity-sadzonki-150-200cm-Szkolkowany-Gotowy-zywoplot 218w,https:\/\/a.allegroimg.com\/s1024\/1151f9\/a69a48274804bb325207ab5d8c83\/Grab-pospolity-sadzonki-150-200cm-Szkolkowany-Gotowy-zywoplot 310w,https:\/\/a.allegroimg.com\/s1440\/1151f9\/a69a48274804bb325207ab5d8c83\/Grab-pospolity-sadzonki-150-200cm-Szkolkowany-Gotowy-zywoplot 437w,https:\/\/a.allegroimg.com\/original\/1151f9\/a69a48274804bb325207ab5d8c83\/Grab-pospolity-sadzonki-150-200cm-Szkolkowany-Gotowy-zywoplot 777w\" alt=\"Grab pospolity sadzonki 150-200cm Szk\u00f3\u0142kowany Gotowy \u017cywop\u0142ot\" width=\"244\" height=\"804\" data-srcset=\"\" \/>\u00a0 \u00a0 \u00a0 \u00a0 \u00a0 \u00a0 \u00a0 \u00a0 \u00a0 <img loading=\"lazy\" decoding=\"async\" class=\"msub_k4 mupj_5k mjru_k4 mse2_k4 mp7g_f6 mq1m_0 mj7u_0 m7er_k4 mqen_m6 m31c_d8 m0ux_fp lazyloaded\" style=\"font-family: inherit; font-size: inherit; color: #7d7d7d; text-align: left;\" src=\"https:\/\/a.allegroimg.com\/original\/112363\/37b617c3483a858aae94a3c4337b\/Grab-pospolity-sadzonki-150-200cm-Szkolkowany-Gotowy-zywoplot-Producent-nieznany-producent\" sizes=\"auto, (min-width: 1200px) 560px, (min-width: 992px) 50vw, 100vw\" srcset=\"https:\/\/a.allegroimg.com\/s360\/112363\/37b617c3483a858aae94a3c4337b\/Grab-pospolity-sadzonki-150-200cm-Szkolkowany-Gotowy-zywoplot-Producent-nieznany-producent 108w,https:\/\/a.allegroimg.com\/s720\/112363\/37b617c3483a858aae94a3c4337b\/Grab-pospolity-sadzonki-150-200cm-Szkolkowany-Gotowy-zywoplot-Producent-nieznany-producent 217w,https:\/\/a.allegroimg.com\/s1024\/112363\/37b617c3483a858aae94a3c4337b\/Grab-pospolity-sadzonki-150-200cm-Szkolkowany-Gotowy-zywoplot-Producent-nieznany-producent 309w,https:\/\/a.allegroimg.com\/s1440\/112363\/37b617c3483a858aae94a3c4337b\/Grab-pospolity-sadzonki-150-200cm-Szkolkowany-Gotowy-zywoplot-Producent-nieznany-producent 435w,https:\/\/a.allegroimg.com\/original\/112363\/37b617c3483a858aae94a3c4337b\/Grab-pospolity-sadzonki-150-200cm-Szkolkowany-Gotowy-zywoplot-Producent-nieznany-producent 448w\" alt=\"Grab pospolity sadzonki 150-200cm Szk\u00f3\u0142kowany Gotowy \u017cywop\u0142ot Producent nieznany producent\" width=\"244\" height=\"808\" data-srcset=\"\" \/><\/button><\/div>\n<\/div>\n<\/div>\n<\/div>\n<\/div>\n<div class=\"mpof_ki myre_zn myre_8v_l m389_6m_l\">\n<div class=\"mp4t_16_s mryx_16_s mr3m_1 mli2_1 mh85_56 mh85_0_l\">\n<div class=\"mgn2_16 _0d3bd_am0a-\">\n<p>&nbsp;<\/p>\n<p><b>Wymagania\u00a0<\/b>:<\/p>\n<p>Poloha: slune\u010dn\u00e1\/stinn\u00e1<\/p>\n<p>N\u00e1roky na vodu: m\u00edrn\u00e1 vlhkost<\/p>\n<p>Reakce p\u016fdy: neutr\u00e1ln\u00ed<\/p>\n<p>P\u016fdn\u00ed preference: p\u00eds\u010dit\u00e1<\/p>\n<p>Barva list\u016f: zelen\u00e1 St\u00e1lezelen\u00fd: ne<\/p>\n<p>Rychlost r\u016fstu: rychle rostouc\u00ed rostlina<\/p>\n<p>Typ rostliny: strom<\/p>\n<p>C\u00edlov\u00e1 v\u00fd\u0161ka: nad 20 m<\/p>\n<p>Rozli\u0161ovac\u00ed znak: pro \u017eiv\u00e9 ploty a \u0159ady<\/p>\n<\/div>\n<\/div>\n<\/div>\n<div class=\"mpof_ki myre_zn myre_8v_l m389_6m_l\">\n<div class=\"mp4t_16_s mryx_16_s mr3m_1 mli2_1 mh85_56 mh85_0_l\">\n<div class=\"mgn2_16 _0d3bd_am0a-\">\n<p>&nbsp;<\/p>\n<h4><b>\u2b50 Dlaczego warto kupi\u0107 u nas? \u2b50<\/b><\/h4>\n<p>\ud83c\udf31 Sprawdzone sadzonki PREMIUM<\/p>\n<p>Oferujemy wy\u0142\u0105cznie zdrowe, starannie wyselekcjonowane ro\u015bliny o silnym systemie korzeniowym.<\/p>\n<p>\ud83d\udce6 Bezpieczne pakowanie<\/p>\n<p>Ka\u017cda sadzonka jest solidnie zabezpieczona na czas transportu, aby dotar\u0142a do Ciebie w idealnym stanie.<\/p>\n<p>\ud83d\ude9a Szybka wysy\u0142ka<\/p>\n<p>Zam\u00f3wienia realizujemy sprawnie i terminowo \u2013 ro\u015bliny nie czekaj\u0105 w magazynie.<\/p>\n<p>\ud83c\udf3f Do\u015bwiadczenie i pasja<\/p>\n<p>Od lat zajmujemy si\u0119 upraw\u0105 ro\u015blin \u2013 wiemy, jak zadba\u0107 o ich jako\u015b\u0107 od pocz\u0105tku do ko\u0144ca.<\/p>\n<p>\ud83d\udcac Pomoc i doradztwo<\/p>\n<p>Ch\u0119tnie podpowiemy w kwestii sadzenia i piel\u0119gnacji \u2013 kupujesz u specjalist\u00f3w.<\/p>\n<p>\u2b50 Wysokie oceny i zadowoleni klienci<\/p>\n<p>Nasz\u0105 jako\u015b\u0107 potwierdzaj\u0105 liczne pozytywne opinie kupuj\u0105cych.<\/p>\n<\/div>\n<\/div>\n<\/div>\n<div class=\"mpof_ki myre_zn myre_8v_l m389_6m_l\">\n<div class=\"mp4t_16_s mryx_16_s mr3m_1 mli2_1 mh85_56 mh85_0_l\">\n<div class=\"mgn2_16 _0d3bd_am0a-\">\n<p>&nbsp;<\/p>\n<h4><b>\ud83c\udf31 Instrukcja sadzenia \u2013 go\u0142y korze\u0144<\/b><\/h4>\n<p>1\ufe0f\u20e3 Termin sadzenia<\/p>\n<p>Najlepszy czas to wczesna wiosna lub jesie\u0144. Ro\u015bliny z go\u0142ym korzeniem nale\u017cy posadzi\u0107 mo\u017cliwie szybko po otrzymaniu.<\/p>\n<p>2\ufe0f\u20e3 Przygotowanie korzeni<\/p>\n<p>Przed sadzeniem zanurz korzenie w wodzie, aby dobrze si\u0119 nawodni\u0142y.<\/p>\n<p>3\ufe0f\u20e3 Wykopanie do\u0142ka<\/p>\n<p>Wykop do\u0142ek 2\u00d7 wi\u0119kszy ni\u017c system korzeniowy. Spulchnij dno i w razie potrzeby dodaj \u017cyznej ziemi.<\/p>\n<p>4\ufe0f\u20e3 Sadzenie<\/p>\n<p>Umie\u015b\u0107 ro\u015blin\u0119 na takiej g\u0142\u0119boko\u015bci, na jakiej ros\u0142a wcze\u015bniej w gruncie. Zasyp ziemi\u0105 i delikatnie ugnie\u0107.<\/p>\n<p>5\ufe0f\u20e3 Podlewanie<\/p>\n<p>Obficie podlewaj po posadzeniu.<\/p>\n<p>\ud83d\udca1 Wskaz\u00f3wka:<\/p>\n<p>Po posadzeniu mo\u017cna delikatnie przyci\u0105\u0107 ro\u015bliny, aby pobudzi\u0107 je do krzewienia.<\/p>\n<p><b>Po posadzeniu nale\u017cy obficie podla\u0107 \u017cywop\u0142ot. Dalsze nawadnianie jest jednak r\u00f3wnie wa\u017cne i nie mo\u017cna go bagatelizowa\u0107.<\/b><\/p>\n<p>&nbsp;<\/p>\n<\/div>\n<\/div>\n<\/div>\n<div class=\"mpof_ki myre_zn myre_8v_l m389_6m_l\">\n<div class=\"mp4t_16_s mryx_16_s mr3m_1 mli2_1 mh85_56 mh85_0_l\">\n<div class=\"mg9e_8 mj7a_8 mg9e_0_s mvrt_0_s mj7a_0_s mh36_0_s mzmg_6m munh_16_l m3h2_16_l\">\n<div class=\"mp4t_0 mryx_0 munh_56 m3h2_56\">\n<div class=\"mp7g_oh\"><button class=\"mg9e_0 mvrt_0 mj7a_0 mh36_0 mp4t_0 m3h2_0 mryx_0 munh_0 mqen_m6 mpof_z0 mx7m_0 m7er_k4 mse2_k4 msts_pt\" data-analytics-interaction=\"true\" data-analytics-interaction-label=\"zoomable-image-open\" aria-disabled=\"true\"><img loading=\"lazy\" decoding=\"async\" class=\"msub_k4 mupj_5k mjru_k4 mse2_k4 mp7g_f6 mq1m_0 mj7u_0 m7er_k4 mqen_m6 m31c_d8 m0ux_fp lazyloaded\" src=\"https:\/\/a.allegroimg.com\/original\/11dfc1\/c6bd14304b81bb4f53cfa2c9688e\/Grab-pospolity-sadzonki-150-200cm-Szkolkowany-Gotowy-zywoplot-Kraj-Polska\" sizes=\"auto, (min-width: 1200px) 560px, (min-width: 992px) 50vw, 100vw\" srcset=\"https:\/\/a.allegroimg.com\/s360\/11dfc1\/c6bd14304b81bb4f53cfa2c9688e\/Grab-pospolity-sadzonki-150-200cm-Szkolkowany-Gotowy-zywoplot-Kraj-Polska 360w,https:\/\/a.allegroimg.com\/s720\/11dfc1\/c6bd14304b81bb4f53cfa2c9688e\/Grab-pospolity-sadzonki-150-200cm-Szkolkowany-Gotowy-zywoplot-Kraj-Polska 720w,https:\/\/a.allegroimg.com\/s1024\/11dfc1\/c6bd14304b81bb4f53cfa2c9688e\/Grab-pospolity-sadzonki-150-200cm-Szkolkowany-Gotowy-zywoplot-Kraj-Polska 1024w,https:\/\/a.allegroimg.com\/s1440\/11dfc1\/c6bd14304b81bb4f53cfa2c9688e\/Grab-pospolity-sadzonki-150-200cm-Szkolkowany-Gotowy-zywoplot-Kraj-Polska 1130w,https:\/\/a.allegroimg.com\/original\/11dfc1\/c6bd14304b81bb4f53cfa2c9688e\/Grab-pospolity-sadzonki-150-200cm-Szkolkowany-Gotowy-zywoplot-Kraj-Polska 1130w\" alt=\"Grab pospolity sadzonki 150-200cm Szk\u00f3\u0142kowany Gotowy \u017cywop\u0142ot Kraj Polska\" width=\"568\" height=\"428\" data-srcset=\"\" \/> \u00a0<img loading=\"lazy\" decoding=\"async\" class=\"msub_k4 mupj_5k mjru_k4 mse2_k4 mp7g_f6 mq1m_0 mj7u_0 m7er_k4 mqen_m6 m31c_d8 m0ux_fp lazyloaded\" style=\"font-family: inherit; font-size: inherit; color: #7d7d7d; text-align: left;\" src=\"https:\/\/a.allegroimg.com\/original\/118f49\/65f79b2d47f1ab6cba21f964f413\/Grab-pospolity-sadzonki-150-200cm-Szkolkowany-Gotowy-zywoplot-Nazwa-lacinska-carpinus-betulus\" sizes=\"auto, (min-width: 1200px) 560px, (min-width: 992px) 50vw, 100vw\" srcset=\"https:\/\/a.allegroimg.com\/s360\/118f49\/65f79b2d47f1ab6cba21f964f413\/Grab-pospolity-sadzonki-150-200cm-Szkolkowany-Gotowy-zywoplot-Nazwa-lacinska-carpinus-betulus 360w,https:\/\/a.allegroimg.com\/s720\/118f49\/65f79b2d47f1ab6cba21f964f413\/Grab-pospolity-sadzonki-150-200cm-Szkolkowany-Gotowy-zywoplot-Nazwa-lacinska-carpinus-betulus 720w,https:\/\/a.allegroimg.com\/s1024\/118f49\/65f79b2d47f1ab6cba21f964f413\/Grab-pospolity-sadzonki-150-200cm-Szkolkowany-Gotowy-zywoplot-Nazwa-lacinska-carpinus-betulus 1024w,https:\/\/a.allegroimg.com\/s1440\/118f49\/65f79b2d47f1ab6cba21f964f413\/Grab-pospolity-sadzonki-150-200cm-Szkolkowany-Gotowy-zywoplot-Nazwa-lacinska-carpinus-betulus 1440w,https:\/\/a.allegroimg.com\/original\/118f49\/65f79b2d47f1ab6cba21f964f413\/Grab-pospolity-sadzonki-150-200cm-Szkolkowany-Gotowy-zywoplot-Nazwa-lacinska-carpinus-betulus 1906w\" alt=\"Grab pospolity sadzonki 150-200cm Szk\u00f3\u0142kowany Gotowy \u017cywop\u0142ot Nazwa \u0142aci\u0144ska carpinus betulus\" width=\"425\" height=\"425\" data-srcset=\"\" \/><\/button><\/div>\n<\/div>\n<\/div>\n<\/div>\n<\/div>\n<div class=\"mpof_ki myre_zn myre_8v_l m389_6m_l\">\n<div class=\"mp4t_16_s mryx_16_s mr3m_1 mli2_1 mh85_56 mh85_0_l\">\n<div class=\"mgn2_16 _0d3bd_am0a-\">\n<p>&nbsp;<\/p>\n<p>Zdj\u0119cia s\u0105 pogl\u0105dowe, ro\u015bliny nie s\u0105 jednakowe i mog\u0105 si\u0119 od siebie r\u00f3\u017cni\u0107.<\/p>\n<\/div>\n<\/div>\n<\/div>\n<div class=\"mpof_ki myre_zn myre_8v_l m389_6m_l\">\n<div class=\"mp4t_16_s mryx_16_s mr3m_1 mli2_1 mh85_56 mh85_0_l\">\n<div class=\"mgn2_16 _0d3bd_am0a-\">\n<p>\u201cO\u015bwiadczam, \u017ce zgodnie z Rozporz\u0105dzeniem Parlamentu Europejskiego i Rady (UE) 2016\/2031 z dnia 26 pa\u017adziernika 2016 r. w sprawie \u015brodk\u00f3w ochronnych przeciwko agrofagom ro\u015blin, zmieniaj\u0105cym rozporz\u0105dzenia Parlamentu Europejskiego i Rady (UE) nr 228\/2013, (UE) nr 652\/2014 i (UE) nr 1143\/2014 oraz uchylaj\u0105cym dyrektywy Rady 69\/464\/EWG, 74\/647\/EWG, 93\/85\/EWG, 98\/57\/WE, 2000\/29\/WE, 2006\/91\/WE i 2007\/33\/WE do ka\u017cdej ro\u015bliny lub nasiona do\u0142\u0105czony jest paszport.\u201d.<\/p>\n<\/div>\n<\/div>\n<\/div>\n<\/section>\n<\/div>\n<\/section>","protected":false},"excerpt":{"rendered":"<p>Witam mam do zaoferowania sadzonki graba SZK\u00d3\u0141KOWANEGO 150-200cm GOTOWA SADZONKA NA \u017bYWOP\u0141OT 3 SZTUKI NA METR Stawiaj\u0105c na grab pospolity, wybieraj\u0105 pa\u0144stwo ro\u015blin\u0119, kt\u00f3ra \u0142\u0105czy walory ozdobne i funkcjonalne. Dzi\u0119ki swojej wyj\u0105tkowej tendencji do samo rozkrzewiania oraz doskona\u0142ej tolerancji na ci\u0119cie, grab jest idealnym wyborem na formowane \u017cywop\u0142oty. Sadzonki grabu to \u015bwietny wyb\u00f3r dla tych, [&hellip;]<\/p>\n","protected":false},"featured_media":8152,"template":"","meta":[],"product_brand":[],"product_cat":[303],"product_tag":[],"class_list":{"0":"post-8156","1":"product","2":"type-product","3":"status-publish","4":"has-post-thumbnail","6":"product_cat-graby","8":"first","9":"instock","10":"taxable","11":"shipping-taxable","12":"purchasable","13":"product-type-simple"},"_links":{"self":[{"href":"https:\/\/livingfance.com\/cs\/wp-json\/wp\/v2\/product\/8156","targetHints":{"allow":["GET"]}}],"collection":[{"href":"https:\/\/livingfance.com\/cs\/wp-json\/wp\/v2\/product"}],"about":[{"href":"https:\/\/livingfance.com\/cs\/wp-json\/wp\/v2\/types\/product"}],"wp:featuredmedia":[{"embeddable":true,"href":"https:\/\/livingfance.com\/cs\/wp-json\/wp\/v2\/media\/8152"}],"wp:attachment":[{"href":"https:\/\/livingfance.com\/cs\/wp-json\/wp\/v2\/media?parent=8156"}],"wp:term":[{"taxonomy":"product_brand","embeddable":true,"href":"https:\/\/livingfance.com\/cs\/wp-json\/wp\/v2\/product_brand?post=8156"},{"taxonomy":"product_cat","embeddable":true,"href":"https:\/\/livingfance.com\/cs\/wp-json\/wp\/v2\/product_cat?post=8156"},{"taxonomy":"product_tag","embeddable":true,"href":"https:\/\/livingfance.com\/cs\/wp-json\/wp\/v2\/product_tag?post=8156"}],"curies":[{"name":"wp","href":"https:\/\/api.w.org\/{rel}","templated":true}]}}