{"id":5322,"date":"2024-08-22T01:12:02","date_gmt":"2024-08-21T23:12:02","guid":{"rendered":"https:\/\/livingfance.com\/?page_id=5322"},"modified":"2024-08-23T13:17:54","modified_gmt":"2024-08-23T11:17:54","slug":"polityka-prywatnosci","status":"publish","type":"page","link":"https:\/\/livingfance.com\/cs\/polityka-prywatnosci\/","title":{"rendered":"Z\u00e1sady ochrany osobn\u00edch \u00fadaj\u016f"},"content":{"rendered":"<p><\/p>\n\n\n\n<h2 class=\"wp-block-heading\">Z\u00e1sady ochrany osobn\u00edch \u00fadaj\u016f<\/h2>\n\n\n\n<p><\/p>\n\n\n\n<p><\/p>\n\n\n\n<p><\/p>\n\n\n\n<h2 class=\"wp-block-heading\"><strong>1. Obecn\u00e9 informace<\/strong><\/h2>\n\n\n\n<ol class=\"wp-block-list\">\n<li>Tyto z\u00e1sady se vztahuj\u00ed na webov\u00e9 str\u00e1nky provozovan\u00e9 pod url:&nbsp;<strong>livingfance.co.uk<\/strong><\/li>\n\n\n\n<li>Provozovatelem slu\u017eby a spr\u00e1vcem osobn\u00edch \u00fadaj\u016f je: <\/li>\n\n\n\n<li>Living Fance Piotr Str\u00f3jw\u0105s<br>Ulice gener\u00e1la J\u00f3zefa Haukeho-Bosaka 7 25-217 Kielce<br>NIP: 6572771405<br>REGON: 524347703<\/li>\n\n\n\n<li>Kontaktn\u00ed e-mailov\u00e1 adresa provozovatele: living.fance@wp.pl<\/li>\n\n\n\n<li>Provozovatel je spr\u00e1vcem va\u0161ich osobn\u00edch \u00fadaj\u016f, pokud jde o \u00fadaje, kter\u00e9 jste dobrovoln\u011b poskytli na webov\u00fdch str\u00e1nk\u00e1ch.<\/li>\n\n\n\n<li>Slu\u017eba pou\u017e\u00edv\u00e1 osobn\u00ed \u00fadaje k n\u00e1sleduj\u00edc\u00edm \u00fa\u010del\u016fm:\n<ul class=\"wp-block-list\">\n<li>P\u0159\u00edprava, balen\u00ed, expedice zbo\u017e\u00ed<\/li>\n\n\n\n<li>Poskytov\u00e1n\u00ed po\u017eadovan\u00fdch slu\u017eeb<\/li>\n<\/ul>\n<\/li>\n\n\n\n<li>Slu\u017eba pln\u00ed funkce pro z\u00edsk\u00e1v\u00e1n\u00ed informac\u00ed o u\u017eivatel\u00edch a jejich chov\u00e1n\u00ed n\u00e1sleduj\u00edc\u00edmi zp\u016fsoby:\n<ol class=\"wp-block-list\">\n<li>Prost\u0159ednictv\u00edm \u00fadaj\u016f dobrovoln\u011b zadan\u00fdch do formul\u00e1\u0159\u016f, kter\u00e9 jsou vlo\u017eeny do syst\u00e9m\u016f provozovatele.<\/li>\n\n\n\n<li>Ukl\u00e1d\u00e1n\u00edm soubor\u016f cookie (tzv. \"cookies\") do koncov\u00fdch za\u0159\u00edzen\u00ed.<\/li>\n<\/ol>\n<\/li>\n<\/ol>\n\n\n\n<h2 class=\"wp-block-heading\"><strong>2. Vybran\u00e9 metody ochrany \u00fadaj\u016f pou\u017e\u00edvan\u00e9 provozovatelem<\/strong><\/h2>\n\n\n\n<ol class=\"wp-block-list\">\n<li>Str\u00e1nky pro p\u0159ihl\u00e1\u0161en\u00ed a zad\u00e1v\u00e1n\u00ed osobn\u00edch \u00fadaj\u016f jsou chr\u00e1n\u011bny v p\u0159enosov\u00e9 vrstv\u011b (certifik\u00e1t SSL). T\u00edm je zaji\u0161t\u011bno, \u017ee osobn\u00ed a p\u0159ihla\u0161ovac\u00ed \u00fadaje zadan\u00e9 na webu jsou v po\u010d\u00edta\u010di u\u017eivatele za\u0161ifrov\u00e1ny a lze je p\u0159e\u010d\u00edst pouze na c\u00edlov\u00e9m serveru.<\/li>\n\n\n\n<li>Hesla u\u017eivatel\u016f jsou ulo\u017eena v zaheslovan\u00e9 podob\u011b. Funkce hash funguje jednosm\u011brn\u011b - nen\u00ed mo\u017en\u00e9 ji obr\u00e1tit, co\u017e je nyn\u00ed modern\u00ed standard pro ukl\u00e1d\u00e1n\u00ed u\u017eivatelsk\u00fdch hesel.<\/li>\n\n\n\n<li>Provozovatel pravideln\u011b m\u011bn\u00ed sv\u00e1 hesla pro spr\u00e1vu.<\/li>\n\n\n\n<li>D\u016fle\u017eit\u00fdm prvkem ochrany \u00fadaj\u016f je pravideln\u00e1 aktualizace ve\u0161ker\u00e9ho softwaru pou\u017e\u00edvan\u00e9ho provozovatelem ke zpracov\u00e1n\u00ed osobn\u00edch \u00fadaj\u016f, co\u017e znamen\u00e1 zejm\u00e9na pravideln\u00e9 aktualizace softwarov\u00fdch komponent.<\/li>\n<\/ol>\n\n\n\n<h2 class=\"wp-block-heading\"><strong>3. Hosting<\/strong><\/h2>\n\n\n\n<ol class=\"wp-block-list\">\n<li>Slu\u017eba je hostov\u00e1na (technicky udr\u017eov\u00e1na) na serverech provozovatele: jin\u00e9 spole\u010dnosti.<\/li>\n\n\n\n<li>Hostingov\u00e1 spole\u010dnost uchov\u00e1v\u00e1 protokoly na \u00farovni serveru, aby zajistila technickou spolehlivost. Protokoly mohou obsahovat:\n<ul class=\"wp-block-list\">\n<li>zdroje ur\u010den\u00e9 identifik\u00e1torem URL (adresy po\u017eadovan\u00fdch zdroj\u016f - str\u00e1nek, soubor\u016f),<\/li>\n\n\n\n<li>na\u010dasov\u00e1n\u00ed \u0161et\u0159en\u00ed,<\/li>\n\n\n\n<li>v dob\u011b odesl\u00e1n\u00ed odpov\u011bdi,<\/li>\n\n\n\n<li>n\u00e1zev klientsk\u00e9 stanice - identifikace prost\u0159ednictv\u00edm protokolu HTTP,<\/li>\n\n\n\n<li>informace o chyb\u00e1ch, kter\u00e9 se vyskytly b\u011bhem prov\u00e1d\u011bn\u00ed transakce HTTP,<\/li>\n\n\n\n<li>URL str\u00e1nky, kterou u\u017eivatel ji\u017e d\u0159\u00edve nav\u0161t\u00edvil (odkaz na odkaz), v p\u0159\u00edpad\u011b odkazu na webov\u00e9 str\u00e1nky,<\/li>\n\n\n\n<li>informace o prohl\u00ed\u017ee\u010di u\u017eivatele,<\/li>\n\n\n\n<li>Informace o IP adrese,<\/li>\n\n\n\n<li>diagnostick\u00e9 informace t\u00fdkaj\u00edc\u00ed se procesu samostatn\u00e9ho objedn\u00e1v\u00e1n\u00ed slu\u017eeb prost\u0159ednictv\u00edm registr\u00e1tor\u016f na webov\u00fdch str\u00e1nk\u00e1ch,<\/li>\n\n\n\n<li>informace t\u00fdkaj\u00edc\u00ed se zpracov\u00e1n\u00ed e-mail\u016f adresovan\u00fdch a odeslan\u00fdch provozovatelem.<\/li>\n<\/ul>\n<\/li>\n<\/ol>\n\n\n\n<h2 class=\"wp-block-heading\"><strong>4. Va\u0161e pr\u00e1va a dal\u0161\u00ed informace o tom, jak budou va\u0161e \u00fadaje pou\u017eity<\/strong><\/h2>\n\n\n\n<ol class=\"wp-block-list\">\n<li>V ur\u010dit\u00fdch situac\u00edch m\u00e1 spr\u00e1vce pr\u00e1vo p\u0159edat va\u0161e osobn\u00ed \u00fadaje dal\u0161\u00edm p\u0159\u00edjemc\u016fm, pokud je to nezbytn\u00e9 pro pln\u011bn\u00ed smlouvy uzav\u0159en\u00e9 s v\u00e1mi nebo pro pln\u011bn\u00ed povinnost\u00ed spr\u00e1vce. To se t\u00fdk\u00e1 t\u011bchto skupin p\u0159\u00edjemc\u016f:\n<ul class=\"wp-block-list\">\n<li>kur\u00fd\u0159i<\/li>\n\n\n\n<li>po\u0161tovn\u00ed oper\u00e1to\u0159i<\/li>\n\n\n\n<li>provozovatel\u00e9 platebn\u00edch slu\u017eeb<\/li>\n<\/ul>\n<\/li>\n\n\n\n<li>Va\u0161e osobn\u00ed \u00fadaje zpracov\u00e1van\u00e9 Spr\u00e1vcem po dobu ne del\u0161\u00ed, ne\u017e je nezbytn\u00e9 pro v\u00fdkon souvisej\u00edc\u00edch \u010dinnost\u00ed stanoven\u00fdch zvl\u00e1\u0161tn\u00edmi p\u0159edpisy (nap\u0159. o \u00fa\u010detnictv\u00ed). Pokud jde o marketingov\u00e9 \u00fadaje, nebudou \u00fadaje zpracov\u00e1v\u00e1ny d\u00e9le ne\u017e 3 roky.<\/li>\n\n\n\n<li>M\u00e1te pr\u00e1vo po\u017e\u00e1dat spr\u00e1vce o:\n<ul class=\"wp-block-list\">\n<li>p\u0159\u00edstup k osobn\u00edm \u00fadaj\u016fm, kter\u00e9 se v\u00e1s t\u00fdkaj\u00ed,<\/li>\n\n\n\n<li>jejich n\u00e1prava,<\/li>\n\n\n\n<li>v\u00fdmazy,<\/li>\n\n\n\n<li>omezen\u00ed zpracov\u00e1n\u00ed,<\/li>\n\n\n\n<li>a p\u0159enositelnost dat.<\/li>\n<\/ul>\n<\/li>\n\n\n\n<li>V souvislosti se zpracov\u00e1n\u00edm uveden\u00fdm v odstavci 3.2 m\u00e1te pr\u00e1vo vzn\u00e9st n\u00e1mitku proti zpracov\u00e1n\u00ed osobn\u00edch \u00fadaj\u016f pro \u00fa\u010dely opr\u00e1vn\u011bn\u00fdch z\u00e1jm\u016f spr\u00e1vce, v\u010detn\u011b profilov\u00e1n\u00ed, p\u0159i\u010dem\u017e pr\u00e1vo vzn\u00e9st n\u00e1mitku nelze uplatnit, pokud existuj\u00ed platn\u00e9 opr\u00e1vn\u011bn\u00e9 d\u016fvody pro zpracov\u00e1n\u00ed, kter\u00e9 p\u0159eva\u017euj\u00ed nad va\u0161imi z\u00e1jmy, pr\u00e1vy a svobodami, zejm\u00e9na pro ur\u010den\u00ed, uplatn\u011bn\u00ed nebo obhajobu n\u00e1rok\u016f.<\/li>\n\n\n\n<li>Proti postupu spr\u00e1vce lze podat st\u00ed\u017enost p\u0159edsedovi \u00da\u0159adu pro ochranu osobn\u00edch \u00fadaj\u016f, ul. Stawki 2, 00-193 Var\u0161ava.<\/li>\n\n\n\n<li>Poskytnut\u00ed osobn\u00edch \u00fadaj\u016f je dobrovoln\u00e9, ale nezbytn\u00e9 pro provoz slu\u017eby.<\/li>\n\n\n\n<li>Automatizovan\u00e9 rozhodov\u00e1n\u00ed, v\u010detn\u011b profilov\u00e1n\u00ed, m\u016f\u017ee b\u00fdt ve vztahu k v\u00e1m prov\u00e1d\u011bno za \u00fa\u010delem poskytov\u00e1n\u00ed slu\u017eeb na z\u00e1klad\u011b uzav\u0159en\u00e9 smlouvy a za \u00fa\u010delem p\u0159\u00edm\u00e9ho marketingu ze strany Spr\u00e1vce.<\/li>\n\n\n\n<li>Osobn\u00ed \u00fadaje nejsou p\u0159ed\u00e1v\u00e1ny ze t\u0159et\u00edch zem\u00ed ve smyslu pr\u00e1vn\u00edch p\u0159edpis\u016f o ochran\u011b osobn\u00edch \u00fadaj\u016f. To znamen\u00e1, \u017ee je nepos\u00edl\u00e1me mimo Evropskou unii.<\/li>\n<\/ol>\n\n\n\n<h2 class=\"wp-block-heading\"><strong>5. informace o formul\u00e1\u0159\u00edch<\/strong><\/h2>\n\n\n\n<ol class=\"wp-block-list\">\n<li>Webov\u00e9 str\u00e1nky shroma\u017e\u010fuj\u00ed informace dobrovoln\u011b poskytnut\u00e9 u\u017eivatelem, v\u010detn\u011b osobn\u00edch \u00fadaj\u016f, pokud byly poskytnuty.<\/li>\n\n\n\n<li>Slu\u017eba m\u016f\u017ee ukl\u00e1dat informace o parametrech p\u0159ipojen\u00ed (\u010dasov\u00e9 raz\u00edtko, IP adresa).<\/li>\n\n\n\n<li>Webov\u00e9 str\u00e1nky mohou v n\u011bkter\u00fdch p\u0159\u00edpadech ukl\u00e1dat informace, kter\u00e9 pom\u00e1haj\u00ed propojit \u00fadaje ve formul\u00e1\u0159i s e-mailovou adresou u\u017eivatele, kter\u00fd formul\u00e1\u0159 vypl\u0148uje. V takov\u00e9m p\u0159\u00edpad\u011b se e-mailov\u00e1 adresa u\u017eivatele zobraz\u00ed v url adrese str\u00e1nky obsahuj\u00edc\u00ed formul\u00e1\u0159.<\/li>\n\n\n\n<li>\u00dadaje uveden\u00e9 ve formul\u00e1\u0159i jsou zpracov\u00e1v\u00e1ny za \u00fa\u010delem vypl\u00fdvaj\u00edc\u00edm z funkce konkr\u00e9tn\u00edho formul\u00e1\u0159e, nap\u0159. za \u00fa\u010delem zpracov\u00e1n\u00ed \u017e\u00e1dosti o slu\u017ebu nebo prodejn\u00edho kontaktu, registrace slu\u017eeb atd. Kontext a popis formul\u00e1\u0159e v\u00e1s poka\u017ed\u00e9 jasn\u011b informuje o tom, k \u010demu slou\u017e\u00ed.<\/li>\n<\/ol>\n\n\n\n<h2 class=\"wp-block-heading\"><strong>6 Protokoly spr\u00e1vce<\/strong><\/h2>\n\n\n\n<ol class=\"wp-block-list\">\n<li>Informace o chov\u00e1n\u00ed u\u017eivatel\u016f na webov\u00fdch str\u00e1nk\u00e1ch mohou b\u00fdt p\u0159edm\u011btem z\u00e1znamu. Tyto \u00fadaje se pou\u017e\u00edvaj\u00ed pro spr\u00e1vu webov\u00fdch str\u00e1nek.<\/li>\n<\/ol>\n\n\n\n<h2 class=\"wp-block-heading\"><strong>7 Relevantn\u00ed marketingov\u00e9 techniky<\/strong><\/h2>\n\n\n\n<ol class=\"wp-block-list\">\n<li>Provozovatel pou\u017e\u00edv\u00e1 statistickou anal\u00fdzu n\u00e1v\u0161t\u011bvnosti webov\u00fdch str\u00e1nek prost\u0159ednictv\u00edm slu\u017eby Google Analytics (Google Inc., se s\u00eddlem v USA). Provozovatel nep\u0159ed\u00e1v\u00e1 provozovateli t\u00e9to slu\u017eby osobn\u00ed \u00fadaje, pouze anonymizovan\u00e9 informace. Slu\u017eba je zalo\u017eena na pou\u017e\u00edv\u00e1n\u00ed soubor\u016f cookie v koncov\u00e9m za\u0159\u00edzen\u00ed u\u017eivatele. Pokud jde o informace o u\u017eivatelsk\u00fdch preferenc\u00edch shrom\u00e1\u017ed\u011bn\u00e9 reklamn\u00ed s\u00edt\u00ed Google, u\u017eivatel m\u016f\u017ee informace vypl\u00fdvaj\u00edc\u00ed ze soubor\u016f cookie zobrazit a upravit pomoc\u00ed n\u00e1sleduj\u00edc\u00edho n\u00e1stroje: https:\/\/www.google.com\/ads\/preferences\/.<\/li>\n\n\n\n<li>Provozovatel pou\u017e\u00edv\u00e1 techniky remarketingu, aby p\u0159izp\u016fsobil reklamn\u00ed sd\u011blen\u00ed chov\u00e1n\u00ed u\u017eivatele na webov\u00fdch str\u00e1nk\u00e1ch, co\u017e m\u016f\u017ee vyvolat iluzi, \u017ee jsou ke sledov\u00e1n\u00ed u\u017eivatele pou\u017e\u00edv\u00e1ny jeho osobn\u00ed \u00fadaje, ale ve skute\u010dnosti provozovatel nep\u0159ed\u00e1v\u00e1 provozovatel\u016fm reklamy \u017e\u00e1dn\u00e9 osobn\u00ed \u00fadaje. Technologick\u00fdm p\u0159edpokladem pro tyto \u010dinnosti je, \u017ee jsou povoleny soubory cookie.<\/li>\n\n\n\n<li>Provozovatel pou\u017e\u00edv\u00e1 pixel Facebooku. Tato technologie zaji\u0161\u0165uje, \u017ee spole\u010dnost Facebook (Facebook Inc., USA) v\u00ed, \u017ee osoba, kter\u00e1 je na n\u00ed zaregistrovan\u00e1, pou\u017e\u00edv\u00e1 tyto webov\u00e9 str\u00e1nky. Provozovatel nep\u0159ed\u00e1v\u00e1 spole\u010dnosti Facebook \u017e\u00e1dn\u00e9 dal\u0161\u00ed osobn\u00ed \u00fadaje. Slu\u017eba je zalo\u017eena na pou\u017e\u00edv\u00e1n\u00ed soubor\u016f cookie v koncov\u00e9m za\u0159\u00edzen\u00ed u\u017eivatele.<\/li>\n\n\n\n<li>Provozovatel pou\u017e\u00edv\u00e1 \u0159e\u0161en\u00ed, kter\u00e9 zkoum\u00e1 chov\u00e1n\u00ed u\u017eivatel\u016f pomoc\u00ed tepeln\u00e9ho mapov\u00e1n\u00ed a zaznamen\u00e1v\u00e1n\u00ed chov\u00e1n\u00ed na webu. Tyto informace jsou p\u0159ed odesl\u00e1n\u00edm provozovateli slu\u017eby anonymizov\u00e1ny, tak\u017ee provozovatel nev\u00ed, ke kter\u00e9 osob\u011b se vztahuj\u00ed. Zejm\u00e9na nejsou zaznamen\u00e1v\u00e1na zadan\u00e1 hesla a dal\u0161\u00ed osobn\u00ed \u00fadaje.<\/li>\n\n\n\n<li>Provozovatel pou\u017e\u00edv\u00e1 \u0159e\u0161en\u00ed, kter\u00e9 automatizuje provoz webov\u00fdch str\u00e1nek ve vztahu k u\u017eivatel\u016fm, nap\u0159. m\u016f\u017ee u\u017eivateli po n\u00e1v\u0161t\u011bv\u011b ur\u010dit\u00e9 podstr\u00e1nky zaslat e-mail, pokud u\u017eivatel souhlasil se zas\u00edl\u00e1n\u00edm obchodn\u00ed korespondence od provozovatele.<\/li>\n\n\n\n<li>Provozovatel m\u016f\u017ee pou\u017e\u00edvat profilov\u00e1n\u00ed ve smyslu pr\u00e1vn\u00edch p\u0159edpis\u016f o ochran\u011b \u00fadaj\u016f.<\/li>\n<\/ol>\n\n\n\n<h2 class=\"wp-block-heading\"><strong>8 Informace o souborech cookie<\/strong><\/h2>\n\n\n\n<ol class=\"wp-block-list\">\n<li>Webov\u00e9 str\u00e1nky pou\u017e\u00edvaj\u00ed soubory cookie.<\/li>\n\n\n\n<li>Soubory cookie (tzv. \"cookies\") jsou data IT, zejm\u00e9na textov\u00e9 soubory, kter\u00e9 jsou ulo\u017eeny v koncov\u00e9m za\u0159\u00edzen\u00ed u\u017eivatele slu\u017eby a jsou ur\u010deny k pou\u017eit\u00ed na webov\u00fdch str\u00e1nk\u00e1ch. Soubory cookie obvykle obsahuj\u00ed n\u00e1zev webov\u00e9 str\u00e1nky, ze kter\u00e9 poch\u00e1zej\u00ed, dobu, po kterou jsou ulo\u017eeny v koncov\u00e9m za\u0159\u00edzen\u00ed, a jedine\u010dn\u00e9 \u010d\u00edslo.<\/li>\n\n\n\n<li>Subjektem, kter\u00fd umis\u0165uje soubory cookie do koncov\u00e9ho za\u0159\u00edzen\u00ed u\u017eivatele slu\u017eby a p\u0159istupuje k nim, je provozovatel slu\u017eby.<\/li>\n\n\n\n<li>Soubory cookie se pou\u017e\u00edvaj\u00ed k n\u00e1sleduj\u00edc\u00edm \u00fa\u010del\u016fm:\n<ol class=\"wp-block-list\">\n<li>udr\u017eov\u00e1n\u00ed relace u\u017eivatele webov\u00fdch str\u00e1nek (po p\u0159ihl\u00e1\u0161en\u00ed), d\u00edky \u010demu\u017e nemus\u00ed u\u017eivatel na ka\u017ed\u00e9 podstr\u00e1nce webov\u00fdch str\u00e1nek znovu zad\u00e1vat sv\u00e9 p\u0159ihla\u0161ovac\u00ed jm\u00e9no a heslo;<\/li>\n\n\n\n<li>k dosa\u017een\u00ed c\u00edl\u016f uveden\u00fdch v\u00fd\u0161e v \u010d\u00e1sti \"Z\u00e1kladn\u00ed marketingov\u00e9 techniky\";<\/li>\n<\/ol>\n<\/li>\n\n\n\n<li>Webov\u00e9 str\u00e1nky pou\u017e\u00edvaj\u00ed dva hlavn\u00ed typy soubor\u016f cookie: \"rela\u010dn\u00ed\" (session cookies) a \"trval\u00e9\" (persistent cookies). \"Rela\u010dn\u00ed\" soubory cookie jsou do\u010dasn\u00e9 soubory, kter\u00e9 se ukl\u00e1daj\u00ed v koncov\u00e9m za\u0159\u00edzen\u00ed u\u017eivatele, dokud se neodhl\u00e1s\u00ed, neopust\u00ed webov\u00e9 str\u00e1nky nebo nevypne software (webov\u00fd prohl\u00ed\u017ee\u010d). \"Trval\u00e9\" soubory cookie jsou ulo\u017eeny v koncov\u00e9m za\u0159\u00edzen\u00ed U\u017eivatele po dobu uvedenou v parametrech soubor\u016f cookie nebo dokud je U\u017eivatel nesma\u017ee.<\/li>\n\n\n\n<li>Software pro prohl\u00ed\u017een\u00ed webov\u00fdch str\u00e1nek (webov\u00fd prohl\u00ed\u017ee\u010d) obvykle standardn\u011b umo\u017e\u0148uje ukl\u00e1d\u00e1n\u00ed soubor\u016f cookie do koncov\u00e9ho za\u0159\u00edzen\u00ed u\u017eivatele. U\u017eivatel\u00e9 webov\u00fdch str\u00e1nek mohou v tomto ohledu zm\u011bnit sv\u00e9 nastaven\u00ed. Internetov\u00fd prohl\u00ed\u017ee\u010d umo\u017e\u0148uje soubory cookie vymazat. Je tak\u00e9 mo\u017en\u00e9 soubory cookie automaticky blokovat Podrobnosti naleznete v n\u00e1pov\u011bd\u011b nebo dokumentaci internetov\u00e9ho prohl\u00ed\u017ee\u010de.<\/li>\n\n\n\n<li>Omezen\u00ed pou\u017e\u00edv\u00e1n\u00ed soubor\u016f cookie m\u016f\u017ee ovlivnit n\u011bkter\u00e9 funkce dostupn\u00e9 na webov\u00fdch str\u00e1nk\u00e1ch.<\/li>\n\n\n\n<li>Soubory cookie um\u00edst\u011bn\u00e9 v koncov\u00e9m za\u0159\u00edzen\u00ed u\u017eivatele slu\u017eby mohou pou\u017e\u00edvat tak\u00e9 subjekty spolupracuj\u00edc\u00ed s provozovatelem slu\u017eby, zejm\u00e9na spole\u010dnosti: Google (Google Inc. se s\u00eddlem v USA), Facebook (Facebook Inc. se s\u00eddlem v USA), Twitter (Twitter Inc. se s\u00eddlem v USA).<\/li>\n<\/ol>\n\n\n\n<h2 class=\"wp-block-heading\"><strong>9. spr\u00e1va soubor\u016f cookie - jak v praxi ud\u011blit a odvolat souhlas?<\/strong><\/h2>\n\n\n\n<ol class=\"wp-block-list\">\n<li>Pokud si nep\u0159ejete p\u0159ij\u00edmat soubory cookie, m\u016f\u017eete zm\u011bnit nastaven\u00ed prohl\u00ed\u017ee\u010de. P\u0159edes\u00edl\u00e1me, \u017ee vypnut\u00ed soubor\u016f cookie, kter\u00e9 jsou nezbytn\u00e9 pro procesy ov\u011b\u0159ov\u00e1n\u00ed, zabezpe\u010den\u00ed a udr\u017eov\u00e1n\u00ed u\u017eivatelsk\u00fdch preferenc\u00ed, m\u016f\u017ee zt\u00ed\u017eit a v krajn\u00edm p\u0159\u00edpad\u011b znemo\u017enit pou\u017e\u00edv\u00e1n\u00ed webov\u00fdch str\u00e1nek.<\/li>\n\n\n\n<li>Chcete-li spravovat nastaven\u00ed soubor\u016f cookie, vyberte z n\u00ed\u017ee uveden\u00e9ho seznamu webov\u00fd prohl\u00ed\u017ee\u010d, kter\u00fd pou\u017e\u00edv\u00e1te, a postupujte podle pokyn\u016f:<ul><li><a href=\"https:\/\/support.microsoft.com\/pl-pl\/help\/10607\/microsoft-edge-view-delete-browser-history\">Hrana<\/a><\/li><li><a href=\"https:\/\/support.microsoft.com\/pl-pl\/help\/278835\/how-to-delete-cookie-files-in-internet-explorer\">Internet Explorer<\/a><\/li><li><a href=\"http:\/\/support.google.com\/chrome\/bin\/answer.py?hl=pl&amp;answer=95647\">Chrome<\/a><\/li><li><a href=\"http:\/\/support.apple.com\/kb\/PH5042\">Safari<\/a><\/li><li><a href=\"http:\/\/support.mozilla.org\/pl\/kb\/W%C5%82%C4%85czanie%20i%20wy%C5%82%C4%85czanie%20obs%C5%82ugi%20ciasteczek\">Firefox<\/a><\/li><li><a href=\"http:\/\/help.opera.com\/Windows\/12.10\/pl\/cookies.html\">Opera<\/a><\/li><\/ul>Mobiln\u00ed za\u0159\u00edzen\u00ed:\n<ul class=\"wp-block-list\">\n<li><a href=\"http:\/\/support.google.com\/chrome\/bin\/answer.py?hl=pl&amp;answer=95647\">Android<\/a><\/li>\n\n\n\n<li><a href=\"http:\/\/support.apple.com\/kb\/HT1677?viewlocale=pl_PL\">Safari (iOS)<\/a><\/li>\n\n\n\n<li><a href=\"http:\/\/www.windowsphone.com\/pl-pl\/how-to\/wp7\/web\/changing-privacy-and-other-browser-settings\">Windows Phone<\/a><\/li>\n<\/ul>\n<\/li>\n<\/ol>\n\n\n\n<p><\/p>","protected":false},"excerpt":{"rendered":"<p>Polityka prywatno\u015bci 1. Informacje og\u00f3lne 2. Wybrane metody ochrony danych stosowane przez Operatora 3. Hosting 4. Twoje prawa i dodatkowe informacje o sposobie wykorzystania danych 5. Informacje w formularzach 6. Logi Administratora 7. Istotne techniki marketingowe 8. Informacja o plikach cookies 9. Zarz\u0105dzanie plikami cookies \u2013 jak w praktyce wyra\u017ca\u0107 i cofa\u0107 zgod\u0119?<\/p>","protected":false},"author":1,"featured_media":0,"parent":0,"menu_order":0,"comment_status":"closed","ping_status":"closed","template":"","meta":{"footnotes":""},"class_list":["post-5322","page","type-page","status-publish","hentry"],"_links":{"self":[{"href":"https:\/\/livingfance.com\/cs\/wp-json\/wp\/v2\/pages\/5322","targetHints":{"allow":["GET"]}}],"collection":[{"href":"https:\/\/livingfance.com\/cs\/wp-json\/wp\/v2\/pages"}],"about":[{"href":"https:\/\/livingfance.com\/cs\/wp-json\/wp\/v2\/types\/page"}],"author":[{"embeddable":true,"href":"https:\/\/livingfance.com\/cs\/wp-json\/wp\/v2\/users\/1"}],"replies":[{"embeddable":true,"href":"https:\/\/livingfance.com\/cs\/wp-json\/wp\/v2\/comments?post=5322"}],"version-history":[{"count":0,"href":"https:\/\/livingfance.com\/cs\/wp-json\/wp\/v2\/pages\/5322\/revisions"}],"wp:attachment":[{"href":"https:\/\/livingfance.com\/cs\/wp-json\/wp\/v2\/media?parent=5322"}],"curies":[{"name":"wp","href":"https:\/\/api.w.org\/{rel}","templated":true}]}}